{"id":4248,"date":"2024-12-07T16:08:45","date_gmt":"2024-12-07T16:08:45","guid":{"rendered":"https:\/\/jeaninarat.com\/?post_type=product&#038;p=4248"},"modified":"2025-09-15T17:36:29","modified_gmt":"2025-09-15T17:36:29","slug":"mini-tattvas","status":"publish","type":"product","link":"https:\/\/jeaninarat.com\/ro\/produs\/mini-tattvas\/","title":{"rendered":"Mini Tattvas"},"content":{"rendered":"<div class=\"Content-module__content___jmKA6 _content_dc5hu_45\">\n<div class=\"react-scroll-to-bottom--css-anjye-79elbk _chat-scroller_g10pz_99\">\n<div class=\"react-scroll-to-bottom--css-anjye-1n7m0yu _chat-scroller__scroll_g10pz_102\">\n<div class=\"_message-list_g10pz_92\">\n<div class=\"_container_g10pz_1\">\n<div class=\"_container__content_g10pz_14\">\n<div class=\"_container__message_g10pz_41 _container__message--assistant_g10pz_61\">\n<div class=\"_message_g10pz_27\">\n<div class=\"_message__content_g10pz_53\">\n<div>\n<div class=\"MessageContent-module__message-content___Am59P MessageContent-module__message-content--markdown___oLH9Y\">\n<p>\u00centr-o lume plin\u0103 de mister \u0219i magie, unde elementele se joac\u0103 de-a v-a\u021bi ascunselea, exist\u0103 cinci Tattvas care au fost la baza crea\u021biei, \u0219i, ghici ce? Acestea nu sunt doar ni\u0219te concepte abstracte, ci chiar ingredientele secrete care ne fac pe fiecare dintre noi s\u0103 fim cine suntem!<\/p>\n<p>Imagina\u021bi-v\u0103 c\u0103 P\u0103m\u00e2ntul (prithvi) este ca un prieten serios, mereu acolo s\u0103 ne ofere stabilitate. Se asigur\u0103 c\u0103 nu ne pierdem echilibrul c\u00e2nd \u00eencerc\u0103m s\u0103 dans\u0103m pe un picior. Apoi apare Apa (apas), fluid\u0103 \u0219i versatil\u0103, ca un magician care transform\u0103 orice situa\u021bie plictisitoare \u00eentr-o petrecere. Dac\u0103 v-a\u021bi \u00eentrebat vreodat\u0103 de ce unele zile sunt mai \u201eap\u0103\u201d dec\u00e2t altele, ei bine, e vina ei!<\/p>\n<p>Focul (tejas) este genul acela de prieten pasional care d\u0103 via\u021b\u0103 oric\u0103rei conversa\u021bii. Cu puterea sa transformatoare, ne face s\u0103 ne sim\u021bim vii \u0219i plini de entuziasm, dar, aten\u021bie, poate deveni un pic prea intens uneori! A\u0219adar, nu-i provoca furia cu comentarii despre m\u00e2ncarea picant\u0103!<\/p>\n<p>Aerul (vayu) este sufletul liber al grupului, mereu \u00een mi\u0219care, inspir\u00e2ndu-ne s\u0103 ne aventur\u0103m \u0219i s\u0103 explor\u0103m. Dar s\u0103 nu ne l\u0103s\u0103m du\u0219i de val, pentru c\u0103, la fel ca orice prieten juc\u0103u\u0219, se poate dovedi \u0219i imprevizibil!<\/p>\n<p>\u0218i s\u0103 nu uit\u0103m de Eter (akasha), spa\u021biul omniprezent, care ne leag\u0103 pe to\u021bi. E genul de prezen\u021b\u0103 care, de\u0219i nu o vezi, o sim\u021bi mereu. G\u00e2nde\u0219te-te la el ca la pl\u0103cerea de a fi \u00een preajma unei persoane care face lucrurile s\u0103 par\u0103 mai u\u0219oare.<\/p>\n<p>\u0218ti\u021bi ce e cel mai amuzant? C\u0103 nimeni nu poate sc\u0103pa de aceste Tattvas! Fie c\u0103 ne place sau nu, ele sunt parte din noi, form\u00e2ndu-ne caracterul. Cu toate schimb\u0103rile constante ale lumii, aceste elemente coexista \u0219i danseaz\u0103 \u00eempreun\u0103, cre\u00e2nd o simfonie p\u0103trunz\u0103toare. A\u0219adar, dac\u0103 vrei s\u0103 g\u0103se\u0219ti echilibru, armonie \u0219i s\u0103n\u0103tate \u00een via\u021ba ta, \u00eencepe s\u0103 \u00ee\u021bi \u00een\u021belegi Tattvas! Cine \u0219tie, poate c\u0103 latura ta comic\u0103 va str\u0103luci mai mult ca niciodat\u0103!<\/p>\n<\/div>\n<div class=\"_actions_g10pz_77\">\n<div class=\"_actions__copy_g10pz_83\"><\/div>\n<div class=\"Tooltip-module__tooltip___LjRUX Tooltip-module__tooltip--primary___GHmCB\"><\/div>\n<\/div>\n<\/div>\n<\/div>\n<\/div>\n<\/div>\n<\/div>\n<\/div>\n<\/div>\n<\/div>\n<\/div>\n<\/div>\n<div class=\"_message-box_1luju_5\">\n<div class=\"_style_1luju_1\"><\/div>\n<div class=\"_message-box__content_1luju_15\">\n<form action=\"\">\n<div class=\"MessageBox-module__messagebox___n4MAC\">\n<div class=\"MessageBox-module__messagebox__content___-xFbz\">\n<div class=\"MessageBox-module__messagebox__prefix___HYbXK\"><\/div>\n<div class=\"MessageBox-module__messagebox__input-container___njanw\"><\/div>\n<\/div>\n<\/div>\n<input type=\"hidden\" name=\"trp-form-language\" value=\"ro\"\/><\/form>\n<\/div>\n<\/div>","protected":false},"excerpt":{"rendered":"<p>Set 5 picturi reprezentand Tattvele<\/p>\n<p>Acrilic pe p\u00e2nz\u0103\/  foi\u021b\u0103 aurie<\/p>\n<p>Size: 20 x 20 x 2 cm<\/p>","protected":false},"featured_media":4249,"template":"","meta":[],"product_brand":[],"product_cat":[108,16],"product_tag":[168],"class_list":{"0":"post-4248","1":"product","2":"type-product","3":"status-publish","4":"has-post-thumbnail","6":"product_cat-five-tattvas","7":"product_cat-originals","8":"product_tag-tattvas-symbols-apas-vayu-tejas-prithivi-akasha","10":"first","11":"instock","12":"shipping-taxable","13":"purchasable","14":"product-type-simple"},"yoast_head":"<!-- This site is optimized with the Yoast SEO plugin v25.9 - https:\/\/yoast.com\/wordpress\/plugins\/seo\/ -->\n<title>Mini Tattvas - Jeanina Ra\u021b<\/title>\n<meta name=\"robots\" content=\"index, follow, max-snippet:-1, max-image-preview:large, max-video-preview:-1\" \/>\n<link rel=\"canonical\" href=\"https:\/\/jeaninarat.com\/ro\/produs\/mini-tattvas\/\" \/>\n<meta property=\"og:locale\" content=\"ro_RO\" \/>\n<meta property=\"og:type\" content=\"article\" \/>\n<meta property=\"og:title\" content=\"Mini Tattvas - Jeanina Ra\u021b\" \/>\n<meta property=\"og:description\" content=\"Set of 5 paintings representing the Tattvas  Acrylic on canvas\/ Gold leaf  Size: 20 x 20 x 2 cm\" \/>\n<meta property=\"og:url\" content=\"https:\/\/jeaninarat.com\/ro\/produs\/mini-tattvas\/\" \/>\n<meta property=\"og:site_name\" content=\"Jeanina Ra\u021b\" \/>\n<meta property=\"article:modified_time\" content=\"2025-09-15T17:36:29+00:00\" \/>\n<meta property=\"og:image\" content=\"https:\/\/jeaninarat.com\/wp-content\/uploads\/2024\/12\/Mini-Apas-scaled.jpg\" \/>\n\t<meta property=\"og:image:width\" content=\"2033\" \/>\n\t<meta property=\"og:image:height\" content=\"2560\" \/>\n\t<meta property=\"og:image:type\" content=\"image\/jpeg\" \/>\n<meta name=\"twitter:card\" content=\"summary_large_image\" \/>\n<meta name=\"twitter:label1\" content=\"Timp estimat pentru citire\" \/>\n\t<meta name=\"twitter:data1\" content=\"2 minute\" \/>\n<script type=\"application\/ld+json\" class=\"yoast-schema-graph\">{\"@context\":\"https:\/\/schema.org\",\"@graph\":[{\"@type\":\"WebPage\",\"@id\":\"https:\/\/jeaninarat.com\/product\/mini-tattvas\/\",\"url\":\"https:\/\/jeaninarat.com\/product\/mini-tattvas\/\",\"name\":\"Mini Tattvas - Jeanina Ra\u021b\",\"isPartOf\":{\"@id\":\"https:\/\/jeaninarat.com\/#website\"},\"primaryImageOfPage\":{\"@id\":\"https:\/\/jeaninarat.com\/product\/mini-tattvas\/#primaryimage\"},\"image\":{\"@id\":\"https:\/\/jeaninarat.com\/product\/mini-tattvas\/#primaryimage\"},\"thumbnailUrl\":\"https:\/\/jeaninarat.com\/wp-content\/uploads\/2024\/12\/Mini-Apas-scaled.jpg\",\"datePublished\":\"2024-12-07T16:08:45+00:00\",\"dateModified\":\"2025-09-15T17:36:29+00:00\",\"breadcrumb\":{\"@id\":\"https:\/\/jeaninarat.com\/product\/mini-tattvas\/#breadcrumb\"},\"inLanguage\":\"ro-RO\",\"potentialAction\":[{\"@type\":\"ReadAction\",\"target\":[\"https:\/\/jeaninarat.com\/product\/mini-tattvas\/\"]}]},{\"@type\":\"ImageObject\",\"inLanguage\":\"ro-RO\",\"@id\":\"https:\/\/jeaninarat.com\/product\/mini-tattvas\/#primaryimage\",\"url\":\"https:\/\/jeaninarat.com\/wp-content\/uploads\/2024\/12\/Mini-Apas-scaled.jpg\",\"contentUrl\":\"https:\/\/jeaninarat.com\/wp-content\/uploads\/2024\/12\/Mini-Apas-scaled.jpg\",\"width\":2033,\"height\":2560},{\"@type\":\"BreadcrumbList\",\"@id\":\"https:\/\/jeaninarat.com\/product\/mini-tattvas\/#breadcrumb\",\"itemListElement\":[{\"@type\":\"ListItem\",\"position\":1,\"name\":\"Home\",\"item\":\"https:\/\/jeaninarat.com\/\"},{\"@type\":\"ListItem\",\"position\":2,\"name\":\"Shop\",\"item\":\"https:\/\/jeaninarat.com\/shop\/\"},{\"@type\":\"ListItem\",\"position\":3,\"name\":\"Mini Tattvas\"}]},{\"@type\":\"WebSite\",\"@id\":\"https:\/\/jeaninarat.com\/#website\",\"url\":\"https:\/\/jeaninarat.com\/\",\"name\":\"Jeanina Ra\u021b\",\"description\":\"A contemporary Romanian artist, creative and passionate of symbols and stories.\",\"publisher\":{\"@id\":\"https:\/\/jeaninarat.com\/#organization\"},\"potentialAction\":[{\"@type\":\"SearchAction\",\"target\":{\"@type\":\"EntryPoint\",\"urlTemplate\":\"https:\/\/jeaninarat.com\/?s={search_term_string}\"},\"query-input\":{\"@type\":\"PropertyValueSpecification\",\"valueRequired\":true,\"valueName\":\"search_term_string\"}}],\"inLanguage\":\"ro-RO\"},{\"@type\":\"Organization\",\"@id\":\"https:\/\/jeaninarat.com\/#organization\",\"name\":\"Jeanina Ra\u021b\",\"url\":\"https:\/\/jeaninarat.com\/\",\"logo\":{\"@type\":\"ImageObject\",\"inLanguage\":\"ro-RO\",\"@id\":\"https:\/\/jeaninarat.com\/#\/schema\/logo\/image\/\",\"url\":\"https:\/\/jeaninarat.com\/wp-content\/uploads\/2023\/02\/logo-11-m-nou-1.png\",\"contentUrl\":\"https:\/\/jeaninarat.com\/wp-content\/uploads\/2023\/02\/logo-11-m-nou-1.png\",\"width\":197,\"height\":194,\"caption\":\"Jeanina Ra\u021b\"},\"image\":{\"@id\":\"https:\/\/jeaninarat.com\/#\/schema\/logo\/image\/\"}}]}<\/script>\n<!-- \/ Yoast SEO plugin. -->","yoast_head_json":{"title":"Mini Tattvas - Jeanina Ra\u021b","robots":{"index":"index","follow":"follow","max-snippet":"max-snippet:-1","max-image-preview":"max-image-preview:large","max-video-preview":"max-video-preview:-1"},"canonical":"https:\/\/jeaninarat.com\/ro\/produs\/mini-tattvas\/","og_locale":"ro_RO","og_type":"article","og_title":"Mini Tattvas - Jeanina Ra\u021b","og_description":"Set of 5 paintings representing the Tattvas  Acrylic on canvas\/ Gold leaf  Size: 20 x 20 x 2 cm","og_url":"https:\/\/jeaninarat.com\/ro\/produs\/mini-tattvas\/","og_site_name":"Jeanina Ra\u021b","article_modified_time":"2025-09-15T17:36:29+00:00","og_image":[{"width":2033,"height":2560,"url":"https:\/\/jeaninarat.com\/wp-content\/uploads\/2024\/12\/Mini-Apas-scaled.jpg","type":"image\/jpeg"}],"twitter_card":"summary_large_image","twitter_misc":{"Timp estimat pentru citire":"2 minute"},"schema":{"@context":"https:\/\/schema.org","@graph":[{"@type":"WebPage","@id":"https:\/\/jeaninarat.com\/product\/mini-tattvas\/","url":"https:\/\/jeaninarat.com\/product\/mini-tattvas\/","name":"Mini Tattvas - Jeanina Ra\u021b","isPartOf":{"@id":"https:\/\/jeaninarat.com\/#website"},"primaryImageOfPage":{"@id":"https:\/\/jeaninarat.com\/product\/mini-tattvas\/#primaryimage"},"image":{"@id":"https:\/\/jeaninarat.com\/product\/mini-tattvas\/#primaryimage"},"thumbnailUrl":"https:\/\/jeaninarat.com\/wp-content\/uploads\/2024\/12\/Mini-Apas-scaled.jpg","datePublished":"2024-12-07T16:08:45+00:00","dateModified":"2025-09-15T17:36:29+00:00","breadcrumb":{"@id":"https:\/\/jeaninarat.com\/product\/mini-tattvas\/#breadcrumb"},"inLanguage":"ro-RO","potentialAction":[{"@type":"ReadAction","target":["https:\/\/jeaninarat.com\/product\/mini-tattvas\/"]}]},{"@type":"ImageObject","inLanguage":"ro-RO","@id":"https:\/\/jeaninarat.com\/product\/mini-tattvas\/#primaryimage","url":"https:\/\/jeaninarat.com\/wp-content\/uploads\/2024\/12\/Mini-Apas-scaled.jpg","contentUrl":"https:\/\/jeaninarat.com\/wp-content\/uploads\/2024\/12\/Mini-Apas-scaled.jpg","width":2033,"height":2560},{"@type":"BreadcrumbList","@id":"https:\/\/jeaninarat.com\/product\/mini-tattvas\/#breadcrumb","itemListElement":[{"@type":"ListItem","position":1,"name":"Home","item":"https:\/\/jeaninarat.com\/"},{"@type":"ListItem","position":2,"name":"Shop","item":"https:\/\/jeaninarat.com\/shop\/"},{"@type":"ListItem","position":3,"name":"Mini Tattvas"}]},{"@type":"WebSite","@id":"https:\/\/jeaninarat.com\/#website","url":"https:\/\/jeaninarat.com\/","name":"Jeanina Ra\u021b","description":"A contemporary Romanian artist, creative and passionate of symbols and stories.","publisher":{"@id":"https:\/\/jeaninarat.com\/#organization"},"potentialAction":[{"@type":"SearchAction","target":{"@type":"EntryPoint","urlTemplate":"https:\/\/jeaninarat.com\/?s={search_term_string}"},"query-input":{"@type":"PropertyValueSpecification","valueRequired":true,"valueName":"search_term_string"}}],"inLanguage":"ro-RO"},{"@type":"Organization","@id":"https:\/\/jeaninarat.com\/#organization","name":"Jeanina Ra\u021b","url":"https:\/\/jeaninarat.com\/","logo":{"@type":"ImageObject","inLanguage":"ro-RO","@id":"https:\/\/jeaninarat.com\/#\/schema\/logo\/image\/","url":"https:\/\/jeaninarat.com\/wp-content\/uploads\/2023\/02\/logo-11-m-nou-1.png","contentUrl":"https:\/\/jeaninarat.com\/wp-content\/uploads\/2023\/02\/logo-11-m-nou-1.png","width":197,"height":194,"caption":"Jeanina Ra\u021b"},"image":{"@id":"https:\/\/jeaninarat.com\/#\/schema\/logo\/image\/"}}]}},"_links":{"self":[{"href":"https:\/\/jeaninarat.com\/ro\/wp-json\/wp\/v2\/product\/4248","targetHints":{"allow":["GET"]}}],"collection":[{"href":"https:\/\/jeaninarat.com\/ro\/wp-json\/wp\/v2\/product"}],"about":[{"href":"https:\/\/jeaninarat.com\/ro\/wp-json\/wp\/v2\/types\/product"}],"version-history":[{"count":4,"href":"https:\/\/jeaninarat.com\/ro\/wp-json\/wp\/v2\/product\/4248\/revisions"}],"predecessor-version":[{"id":4257,"href":"https:\/\/jeaninarat.com\/ro\/wp-json\/wp\/v2\/product\/4248\/revisions\/4257"}],"wp:featuredmedia":[{"embeddable":true,"href":"https:\/\/jeaninarat.com\/ro\/wp-json\/wp\/v2\/media\/4249"}],"wp:attachment":[{"href":"https:\/\/jeaninarat.com\/ro\/wp-json\/wp\/v2\/media?parent=4248"}],"wp:term":[{"taxonomy":"product_brand","embeddable":true,"href":"https:\/\/jeaninarat.com\/ro\/wp-json\/wp\/v2\/product_brand?post=4248"},{"taxonomy":"product_cat","embeddable":true,"href":"https:\/\/jeaninarat.com\/ro\/wp-json\/wp\/v2\/product_cat?post=4248"},{"taxonomy":"product_tag","embeddable":true,"href":"https:\/\/jeaninarat.com\/ro\/wp-json\/wp\/v2\/product_tag?post=4248"}],"curies":[{"name":"wp","href":"https:\/\/api.w.org\/{rel}","templated":true}]}}