{"id":3612,"date":"2023-07-31T09:20:23","date_gmt":"2023-07-31T09:20:23","guid":{"rendered":"https:\/\/jeaninarat.com\/?post_type=product&#038;p=3612"},"modified":"2024-07-09T15:55:56","modified_gmt":"2024-07-09T15:55:56","slug":"born-in-apas","status":"publish","type":"product","link":"https:\/\/jeaninarat.com\/ro\/produs\/born-in-apas\/","title":{"rendered":"Born in Apas"},"content":{"rendered":"<p>\u00cen loc s\u0103 fim tenta\u021bi s\u0103 exploat\u0103m o alt\u0103 persoan\u0103 sau p\u0103m\u00e2ntul, aceast\u0103 Tattva ne ajut\u0103 s\u0103 respect\u0103m tot ceea ce ne \u00eenconjoar\u0103. A\u0219a ne men\u021binem demnitatea \u0219i atitudinea, transformarea  de la exploatare la serviciu.<br \/>\nApas este o for\u021b\u0103 puternic\u0103 care transport\u0103 energia \u0219i \u00eei permite s\u0103 curg\u0103 \u00een tot corpul \u0219i universul. Apa reprezint\u0103 60% din corpurile noastre \u0219i este mai evident\u0103 \u00een lumea natural\u0103, prezent\u00e2ndu-se sub form\u0103 de lacuri, m\u0103ri, r\u00e2uri \u0219i a\u0219a mai departe.<br \/>\nMai subtil, reprezint\u0103 at\u00e2t emo\u021biile noastre con\u0219tiente, c\u00e2t \u0219i cele subcon\u0219tiente. O persoana sub influenta acestei tattve este mai iubitore, lini\u0219titoare, dar ad\u00e2ncimea apei are \u0219i capacitatea de a ne face at\u00e2t de \u201eumezi\u201d \u00eenc\u00e2t ne pierdem rezisten\u021ba.<br \/>\nApas este asociat cu swadhisthana (chakra sacr\u0103) \u0219i gust.<\/p>","protected":false},"excerpt":{"rendered":"<p>SUMMER SALE- SOLD<\/p>\n<p>-15% for one piece<\/p>\n<p>-25% for purchasing all 5 Tattvas<\/p>\n<p>Tabloul se vinde \u00eenr\u0103mat, poate fi ata\u0219at pe perete<\/p>\n<p>Acrilic pe panz\u0103\/ Sclipici alb<\/p>\n<p>Dimensiune: 32,5 x 32,5 x 4 cm<\/p>","protected":false},"featured_media":3623,"template":"","meta":[],"product_brand":[],"product_cat":[108,16],"product_tag":[115],"class_list":{"0":"post-3612","1":"product","2":"type-product","3":"status-publish","4":"has-post-thumbnail","6":"product_cat-five-tattvas","7":"product_cat-originals","8":"product_tag-moon","10":"first","11":"instock","12":"shipping-taxable","13":"product-type-simple"},"yoast_head":"<!-- This site is optimized with the Yoast SEO plugin v25.9 - https:\/\/yoast.com\/wordpress\/plugins\/seo\/ -->\n<title>Born in Apas - Jeanina Ra\u021b<\/title>\n<meta name=\"robots\" content=\"index, follow, max-snippet:-1, max-image-preview:large, max-video-preview:-1\" \/>\n<link rel=\"canonical\" href=\"https:\/\/jeaninarat.com\/ro\/produs\/born-in-apas\/\" \/>\n<meta property=\"og:locale\" content=\"ro_RO\" \/>\n<meta property=\"og:type\" content=\"article\" \/>\n<meta property=\"og:title\" content=\"Born in Apas - Jeanina Ra\u021b\" \/>\n<meta property=\"og:description\" content=\"SUMMER SALE- SOLD  -15% for one piece  -25% for purchasing all 5 Tattvas  The painting is sold with gold frame, it can be attached on the wall  Acrylic on canvas\/ White glitter  Size: 32,5 x 32,5 x 4 cm\" \/>\n<meta property=\"og:url\" content=\"https:\/\/jeaninarat.com\/ro\/produs\/born-in-apas\/\" \/>\n<meta property=\"og:site_name\" content=\"Jeanina Ra\u021b\" \/>\n<meta property=\"article:modified_time\" content=\"2024-07-09T15:55:56+00:00\" \/>\n<meta property=\"og:image\" content=\"https:\/\/jeaninarat.com\/wp-content\/uploads\/2023\/07\/Born-in-Apas-2-1024x768.jpg\" \/>\n\t<meta property=\"og:image:width\" content=\"1024\" \/>\n\t<meta property=\"og:image:height\" content=\"768\" \/>\n\t<meta property=\"og:image:type\" content=\"image\/jpeg\" \/>\n<meta name=\"twitter:card\" content=\"summary_large_image\" \/>\n<meta name=\"twitter:label1\" content=\"Timp estimat pentru citire\" \/>\n\t<meta name=\"twitter:data1\" content=\"1 minut\" \/>\n<script type=\"application\/ld+json\" class=\"yoast-schema-graph\">{\"@context\":\"https:\/\/schema.org\",\"@graph\":[{\"@type\":\"WebPage\",\"@id\":\"https:\/\/jeaninarat.com\/product\/born-in-apas\/\",\"url\":\"https:\/\/jeaninarat.com\/product\/born-in-apas\/\",\"name\":\"Born in Apas - Jeanina Ra\u021b\",\"isPartOf\":{\"@id\":\"https:\/\/jeaninarat.com\/#website\"},\"primaryImageOfPage\":{\"@id\":\"https:\/\/jeaninarat.com\/product\/born-in-apas\/#primaryimage\"},\"image\":{\"@id\":\"https:\/\/jeaninarat.com\/product\/born-in-apas\/#primaryimage\"},\"thumbnailUrl\":\"https:\/\/jeaninarat.com\/wp-content\/uploads\/2023\/07\/Born-in-Apas-2.jpg\",\"datePublished\":\"2023-07-31T09:20:23+00:00\",\"dateModified\":\"2024-07-09T15:55:56+00:00\",\"breadcrumb\":{\"@id\":\"https:\/\/jeaninarat.com\/product\/born-in-apas\/#breadcrumb\"},\"inLanguage\":\"ro-RO\",\"potentialAction\":[{\"@type\":\"ReadAction\",\"target\":[\"https:\/\/jeaninarat.com\/product\/born-in-apas\/\"]}]},{\"@type\":\"ImageObject\",\"inLanguage\":\"ro-RO\",\"@id\":\"https:\/\/jeaninarat.com\/product\/born-in-apas\/#primaryimage\",\"url\":\"https:\/\/jeaninarat.com\/wp-content\/uploads\/2023\/07\/Born-in-Apas-2.jpg\",\"contentUrl\":\"https:\/\/jeaninarat.com\/wp-content\/uploads\/2023\/07\/Born-in-Apas-2.jpg\",\"width\":2205,\"height\":1654},{\"@type\":\"BreadcrumbList\",\"@id\":\"https:\/\/jeaninarat.com\/product\/born-in-apas\/#breadcrumb\",\"itemListElement\":[{\"@type\":\"ListItem\",\"position\":1,\"name\":\"Home\",\"item\":\"https:\/\/jeaninarat.com\/\"},{\"@type\":\"ListItem\",\"position\":2,\"name\":\"Shop\",\"item\":\"https:\/\/jeaninarat.com\/shop\/\"},{\"@type\":\"ListItem\",\"position\":3,\"name\":\"Born in Apas\"}]},{\"@type\":\"WebSite\",\"@id\":\"https:\/\/jeaninarat.com\/#website\",\"url\":\"https:\/\/jeaninarat.com\/\",\"name\":\"Jeanina Ra\u021b\",\"description\":\"A contemporary Romanian artist, creative and passionate of symbols and stories.\",\"publisher\":{\"@id\":\"https:\/\/jeaninarat.com\/#organization\"},\"potentialAction\":[{\"@type\":\"SearchAction\",\"target\":{\"@type\":\"EntryPoint\",\"urlTemplate\":\"https:\/\/jeaninarat.com\/?s={search_term_string}\"},\"query-input\":{\"@type\":\"PropertyValueSpecification\",\"valueRequired\":true,\"valueName\":\"search_term_string\"}}],\"inLanguage\":\"ro-RO\"},{\"@type\":\"Organization\",\"@id\":\"https:\/\/jeaninarat.com\/#organization\",\"name\":\"Jeanina Ra\u021b\",\"url\":\"https:\/\/jeaninarat.com\/\",\"logo\":{\"@type\":\"ImageObject\",\"inLanguage\":\"ro-RO\",\"@id\":\"https:\/\/jeaninarat.com\/#\/schema\/logo\/image\/\",\"url\":\"https:\/\/jeaninarat.com\/wp-content\/uploads\/2023\/02\/logo-11-m-nou-1.png\",\"contentUrl\":\"https:\/\/jeaninarat.com\/wp-content\/uploads\/2023\/02\/logo-11-m-nou-1.png\",\"width\":197,\"height\":194,\"caption\":\"Jeanina Ra\u021b\"},\"image\":{\"@id\":\"https:\/\/jeaninarat.com\/#\/schema\/logo\/image\/\"}}]}<\/script>\n<!-- \/ Yoast SEO plugin. -->","yoast_head_json":{"title":"Born in Apas - Jeanina Ra\u021b","robots":{"index":"index","follow":"follow","max-snippet":"max-snippet:-1","max-image-preview":"max-image-preview:large","max-video-preview":"max-video-preview:-1"},"canonical":"https:\/\/jeaninarat.com\/ro\/produs\/born-in-apas\/","og_locale":"ro_RO","og_type":"article","og_title":"Born in Apas - Jeanina Ra\u021b","og_description":"SUMMER SALE- SOLD  -15% for one piece  -25% for purchasing all 5 Tattvas  The painting is sold with gold frame, it can be attached on the wall  Acrylic on canvas\/ White glitter  Size: 32,5 x 32,5 x 4 cm","og_url":"https:\/\/jeaninarat.com\/ro\/produs\/born-in-apas\/","og_site_name":"Jeanina Ra\u021b","article_modified_time":"2024-07-09T15:55:56+00:00","og_image":[{"width":1024,"height":768,"url":"https:\/\/jeaninarat.com\/wp-content\/uploads\/2023\/07\/Born-in-Apas-2-1024x768.jpg","type":"image\/jpeg"}],"twitter_card":"summary_large_image","twitter_misc":{"Timp estimat pentru citire":"1 minut"},"schema":{"@context":"https:\/\/schema.org","@graph":[{"@type":"WebPage","@id":"https:\/\/jeaninarat.com\/product\/born-in-apas\/","url":"https:\/\/jeaninarat.com\/product\/born-in-apas\/","name":"Born in Apas - Jeanina Ra\u021b","isPartOf":{"@id":"https:\/\/jeaninarat.com\/#website"},"primaryImageOfPage":{"@id":"https:\/\/jeaninarat.com\/product\/born-in-apas\/#primaryimage"},"image":{"@id":"https:\/\/jeaninarat.com\/product\/born-in-apas\/#primaryimage"},"thumbnailUrl":"https:\/\/jeaninarat.com\/wp-content\/uploads\/2023\/07\/Born-in-Apas-2.jpg","datePublished":"2023-07-31T09:20:23+00:00","dateModified":"2024-07-09T15:55:56+00:00","breadcrumb":{"@id":"https:\/\/jeaninarat.com\/product\/born-in-apas\/#breadcrumb"},"inLanguage":"ro-RO","potentialAction":[{"@type":"ReadAction","target":["https:\/\/jeaninarat.com\/product\/born-in-apas\/"]}]},{"@type":"ImageObject","inLanguage":"ro-RO","@id":"https:\/\/jeaninarat.com\/product\/born-in-apas\/#primaryimage","url":"https:\/\/jeaninarat.com\/wp-content\/uploads\/2023\/07\/Born-in-Apas-2.jpg","contentUrl":"https:\/\/jeaninarat.com\/wp-content\/uploads\/2023\/07\/Born-in-Apas-2.jpg","width":2205,"height":1654},{"@type":"BreadcrumbList","@id":"https:\/\/jeaninarat.com\/product\/born-in-apas\/#breadcrumb","itemListElement":[{"@type":"ListItem","position":1,"name":"Home","item":"https:\/\/jeaninarat.com\/"},{"@type":"ListItem","position":2,"name":"Shop","item":"https:\/\/jeaninarat.com\/shop\/"},{"@type":"ListItem","position":3,"name":"Born in Apas"}]},{"@type":"WebSite","@id":"https:\/\/jeaninarat.com\/#website","url":"https:\/\/jeaninarat.com\/","name":"Jeanina Ra\u021b","description":"A contemporary Romanian artist, creative and passionate of symbols and stories.","publisher":{"@id":"https:\/\/jeaninarat.com\/#organization"},"potentialAction":[{"@type":"SearchAction","target":{"@type":"EntryPoint","urlTemplate":"https:\/\/jeaninarat.com\/?s={search_term_string}"},"query-input":{"@type":"PropertyValueSpecification","valueRequired":true,"valueName":"search_term_string"}}],"inLanguage":"ro-RO"},{"@type":"Organization","@id":"https:\/\/jeaninarat.com\/#organization","name":"Jeanina Ra\u021b","url":"https:\/\/jeaninarat.com\/","logo":{"@type":"ImageObject","inLanguage":"ro-RO","@id":"https:\/\/jeaninarat.com\/#\/schema\/logo\/image\/","url":"https:\/\/jeaninarat.com\/wp-content\/uploads\/2023\/02\/logo-11-m-nou-1.png","contentUrl":"https:\/\/jeaninarat.com\/wp-content\/uploads\/2023\/02\/logo-11-m-nou-1.png","width":197,"height":194,"caption":"Jeanina Ra\u021b"},"image":{"@id":"https:\/\/jeaninarat.com\/#\/schema\/logo\/image\/"}}]}},"_links":{"self":[{"href":"https:\/\/jeaninarat.com\/ro\/wp-json\/wp\/v2\/product\/3612","targetHints":{"allow":["GET"]}}],"collection":[{"href":"https:\/\/jeaninarat.com\/ro\/wp-json\/wp\/v2\/product"}],"about":[{"href":"https:\/\/jeaninarat.com\/ro\/wp-json\/wp\/v2\/types\/product"}],"version-history":[{"count":5,"href":"https:\/\/jeaninarat.com\/ro\/wp-json\/wp\/v2\/product\/3612\/revisions"}],"predecessor-version":[{"id":4236,"href":"https:\/\/jeaninarat.com\/ro\/wp-json\/wp\/v2\/product\/3612\/revisions\/4236"}],"wp:featuredmedia":[{"embeddable":true,"href":"https:\/\/jeaninarat.com\/ro\/wp-json\/wp\/v2\/media\/3623"}],"wp:attachment":[{"href":"https:\/\/jeaninarat.com\/ro\/wp-json\/wp\/v2\/media?parent=3612"}],"wp:term":[{"taxonomy":"product_brand","embeddable":true,"href":"https:\/\/jeaninarat.com\/ro\/wp-json\/wp\/v2\/product_brand?post=3612"},{"taxonomy":"product_cat","embeddable":true,"href":"https:\/\/jeaninarat.com\/ro\/wp-json\/wp\/v2\/product_cat?post=3612"},{"taxonomy":"product_tag","embeddable":true,"href":"https:\/\/jeaninarat.com\/ro\/wp-json\/wp\/v2\/product_tag?post=3612"}],"curies":[{"name":"wp","href":"https:\/\/api.w.org\/{rel}","templated":true}]}}