{"id":3608,"date":"2023-07-31T09:03:20","date_gmt":"2023-07-31T09:03:20","guid":{"rendered":"https:\/\/jeaninarat.com\/?post_type=product&#038;p=3608"},"modified":"2024-07-09T15:56:50","modified_gmt":"2024-07-09T15:56:50","slug":"born-in-prithivi","status":"publish","type":"product","link":"https:\/\/jeaninarat.com\/ro\/produs\/born-in-prithivi\/","title":{"rendered":"Born in Prithvi"},"content":{"rendered":"<p>Ce ne invat\u0103 aceast\u0103 tattva este ca in loc s\u0103 fii lacom, s\u0103-ti doresti s\u0103 posezi lucruri, fii lacom s\u0103 r\u0103sp\u00e2nde\u0219ti adev\u0103rul, s\u0103 devii un mare sf\u00e2nt sau un mare profesor. Sim\u021bul asociat cu Prithvi Tattva este mirosul. Prithvi Tattva este elementul de baz\u0103 al p\u0103m\u00e2ntului \u0219i este o expresie a plictisirii, necon\u0219tientiz\u0103rii, ata\u0219amentului \u0219i func\u021bioneaz\u0103 numai din nevoie \u0219i instinct. Insa, este elementul care face posibil\u0103 toat\u0103 via\u021ba, men\u021bin\u00e2nd toat\u0103 via\u021ba pe suprafa\u021ba ei, precum \u0219i form\u00e2nd oasele, mu\u0219chii, p\u0103rul, ligamentele \u0219i alte p\u0103r\u021bi structurale ale noastre care ne permit s\u0103 func\u021bion\u0103m practic ca corpuri umane.<br \/>\nEste dens \u0219i d\u0103 lucrurilor form\u0103, stabilitate \u0219i soliditate - provine din acest element fizic al p\u0103m\u00e2ntului ( prima Chakr\u0103- muladhara).<\/p>","protected":false},"excerpt":{"rendered":"<p>SUMMER SALE- SOLD<\/p>\n<p>-15% for one piece<\/p>\n<p>-25% for purchasing all 5 Tattvas<\/p>\n<p>Tabloul se vinde \u00eenr\u0103mat, poate fi ata\u0219at pe perete<\/p>\n<p>Acrilic pe p\u00e2nz\u0103\/  foi\u021b\u0103 aurie<\/p>\n<p>Dimensiune: 32,5 x 32,5 x 4 cm<\/p>","protected":false},"featured_media":3624,"template":"","meta":[],"product_brand":[],"product_cat":[108,16],"product_tag":[113,114],"class_list":{"0":"post-3608","1":"product","2":"type-product","3":"status-publish","4":"has-post-thumbnail","6":"product_cat-five-tattvas","7":"product_cat-originals","8":"product_tag-prithivi","9":"product_tag-square","11":"first","12":"instock","13":"shipping-taxable","14":"product-type-simple"},"yoast_head":"<!-- This site is optimized with the Yoast SEO plugin v25.9 - https:\/\/yoast.com\/wordpress\/plugins\/seo\/ -->\n<title>Born in Prithvi - Jeanina Ra\u021b<\/title>\n<meta name=\"robots\" content=\"index, follow, max-snippet:-1, max-image-preview:large, max-video-preview:-1\" \/>\n<link rel=\"canonical\" href=\"https:\/\/jeaninarat.com\/ro\/produs\/born-in-prithivi\/\" \/>\n<meta property=\"og:locale\" content=\"ro_RO\" \/>\n<meta property=\"og:type\" content=\"article\" \/>\n<meta property=\"og:title\" content=\"Born in Prithvi - Jeanina Ra\u021b\" \/>\n<meta property=\"og:description\" content=\"SUMMER SALE- SOLD  -15% for one piece  -25% for purchasing all 5 Tattvas  The painting is sold with gold frame, it can be attached on the wall  Acrylic on canvas\/ Gold leaf  Size: 32,5 x 32,5 x 4 cm\" \/>\n<meta property=\"og:url\" content=\"https:\/\/jeaninarat.com\/ro\/produs\/born-in-prithivi\/\" \/>\n<meta property=\"og:site_name\" content=\"Jeanina Ra\u021b\" \/>\n<meta property=\"article:modified_time\" content=\"2024-07-09T15:56:50+00:00\" \/>\n<meta property=\"og:image\" content=\"https:\/\/jeaninarat.com\/wp-content\/uploads\/2023\/07\/Born-in-Prithivi-2-1024x768.jpg\" \/>\n\t<meta property=\"og:image:width\" content=\"1024\" \/>\n\t<meta property=\"og:image:height\" content=\"768\" \/>\n\t<meta property=\"og:image:type\" content=\"image\/jpeg\" \/>\n<meta name=\"twitter:card\" content=\"summary_large_image\" \/>\n<meta name=\"twitter:label1\" content=\"Timp estimat pentru citire\" \/>\n\t<meta name=\"twitter:data1\" content=\"1 minut\" \/>\n<script type=\"application\/ld+json\" class=\"yoast-schema-graph\">{\"@context\":\"https:\/\/schema.org\",\"@graph\":[{\"@type\":\"WebPage\",\"@id\":\"https:\/\/jeaninarat.com\/product\/born-in-prithivi\/\",\"url\":\"https:\/\/jeaninarat.com\/product\/born-in-prithivi\/\",\"name\":\"Born in Prithvi - Jeanina Ra\u021b\",\"isPartOf\":{\"@id\":\"https:\/\/jeaninarat.com\/#website\"},\"primaryImageOfPage\":{\"@id\":\"https:\/\/jeaninarat.com\/product\/born-in-prithivi\/#primaryimage\"},\"image\":{\"@id\":\"https:\/\/jeaninarat.com\/product\/born-in-prithivi\/#primaryimage\"},\"thumbnailUrl\":\"https:\/\/jeaninarat.com\/wp-content\/uploads\/2023\/07\/Born-in-Prithivi-2.jpg\",\"datePublished\":\"2023-07-31T09:03:20+00:00\",\"dateModified\":\"2024-07-09T15:56:50+00:00\",\"breadcrumb\":{\"@id\":\"https:\/\/jeaninarat.com\/product\/born-in-prithivi\/#breadcrumb\"},\"inLanguage\":\"ro-RO\",\"potentialAction\":[{\"@type\":\"ReadAction\",\"target\":[\"https:\/\/jeaninarat.com\/product\/born-in-prithivi\/\"]}]},{\"@type\":\"ImageObject\",\"inLanguage\":\"ro-RO\",\"@id\":\"https:\/\/jeaninarat.com\/product\/born-in-prithivi\/#primaryimage\",\"url\":\"https:\/\/jeaninarat.com\/wp-content\/uploads\/2023\/07\/Born-in-Prithivi-2.jpg\",\"contentUrl\":\"https:\/\/jeaninarat.com\/wp-content\/uploads\/2023\/07\/Born-in-Prithivi-2.jpg\",\"width\":2205,\"height\":1654},{\"@type\":\"BreadcrumbList\",\"@id\":\"https:\/\/jeaninarat.com\/product\/born-in-prithivi\/#breadcrumb\",\"itemListElement\":[{\"@type\":\"ListItem\",\"position\":1,\"name\":\"Home\",\"item\":\"https:\/\/jeaninarat.com\/\"},{\"@type\":\"ListItem\",\"position\":2,\"name\":\"Shop\",\"item\":\"https:\/\/jeaninarat.com\/shop\/\"},{\"@type\":\"ListItem\",\"position\":3,\"name\":\"Born in Prithvi\"}]},{\"@type\":\"WebSite\",\"@id\":\"https:\/\/jeaninarat.com\/#website\",\"url\":\"https:\/\/jeaninarat.com\/\",\"name\":\"Jeanina Ra\u021b\",\"description\":\"A contemporary Romanian artist, creative and passionate of symbols and stories.\",\"publisher\":{\"@id\":\"https:\/\/jeaninarat.com\/#organization\"},\"potentialAction\":[{\"@type\":\"SearchAction\",\"target\":{\"@type\":\"EntryPoint\",\"urlTemplate\":\"https:\/\/jeaninarat.com\/?s={search_term_string}\"},\"query-input\":{\"@type\":\"PropertyValueSpecification\",\"valueRequired\":true,\"valueName\":\"search_term_string\"}}],\"inLanguage\":\"ro-RO\"},{\"@type\":\"Organization\",\"@id\":\"https:\/\/jeaninarat.com\/#organization\",\"name\":\"Jeanina Ra\u021b\",\"url\":\"https:\/\/jeaninarat.com\/\",\"logo\":{\"@type\":\"ImageObject\",\"inLanguage\":\"ro-RO\",\"@id\":\"https:\/\/jeaninarat.com\/#\/schema\/logo\/image\/\",\"url\":\"https:\/\/jeaninarat.com\/wp-content\/uploads\/2023\/02\/logo-11-m-nou-1.png\",\"contentUrl\":\"https:\/\/jeaninarat.com\/wp-content\/uploads\/2023\/02\/logo-11-m-nou-1.png\",\"width\":197,\"height\":194,\"caption\":\"Jeanina Ra\u021b\"},\"image\":{\"@id\":\"https:\/\/jeaninarat.com\/#\/schema\/logo\/image\/\"}}]}<\/script>\n<!-- \/ Yoast SEO plugin. -->","yoast_head_json":{"title":"Born in Prithvi - Jeanina Ra\u021b","robots":{"index":"index","follow":"follow","max-snippet":"max-snippet:-1","max-image-preview":"max-image-preview:large","max-video-preview":"max-video-preview:-1"},"canonical":"https:\/\/jeaninarat.com\/ro\/produs\/born-in-prithivi\/","og_locale":"ro_RO","og_type":"article","og_title":"Born in Prithvi - Jeanina Ra\u021b","og_description":"SUMMER SALE- SOLD  -15% for one piece  -25% for purchasing all 5 Tattvas  The painting is sold with gold frame, it can be attached on the wall  Acrylic on canvas\/ Gold leaf  Size: 32,5 x 32,5 x 4 cm","og_url":"https:\/\/jeaninarat.com\/ro\/produs\/born-in-prithivi\/","og_site_name":"Jeanina Ra\u021b","article_modified_time":"2024-07-09T15:56:50+00:00","og_image":[{"width":1024,"height":768,"url":"https:\/\/jeaninarat.com\/wp-content\/uploads\/2023\/07\/Born-in-Prithivi-2-1024x768.jpg","type":"image\/jpeg"}],"twitter_card":"summary_large_image","twitter_misc":{"Timp estimat pentru citire":"1 minut"},"schema":{"@context":"https:\/\/schema.org","@graph":[{"@type":"WebPage","@id":"https:\/\/jeaninarat.com\/product\/born-in-prithivi\/","url":"https:\/\/jeaninarat.com\/product\/born-in-prithivi\/","name":"Born in Prithvi - Jeanina Ra\u021b","isPartOf":{"@id":"https:\/\/jeaninarat.com\/#website"},"primaryImageOfPage":{"@id":"https:\/\/jeaninarat.com\/product\/born-in-prithivi\/#primaryimage"},"image":{"@id":"https:\/\/jeaninarat.com\/product\/born-in-prithivi\/#primaryimage"},"thumbnailUrl":"https:\/\/jeaninarat.com\/wp-content\/uploads\/2023\/07\/Born-in-Prithivi-2.jpg","datePublished":"2023-07-31T09:03:20+00:00","dateModified":"2024-07-09T15:56:50+00:00","breadcrumb":{"@id":"https:\/\/jeaninarat.com\/product\/born-in-prithivi\/#breadcrumb"},"inLanguage":"ro-RO","potentialAction":[{"@type":"ReadAction","target":["https:\/\/jeaninarat.com\/product\/born-in-prithivi\/"]}]},{"@type":"ImageObject","inLanguage":"ro-RO","@id":"https:\/\/jeaninarat.com\/product\/born-in-prithivi\/#primaryimage","url":"https:\/\/jeaninarat.com\/wp-content\/uploads\/2023\/07\/Born-in-Prithivi-2.jpg","contentUrl":"https:\/\/jeaninarat.com\/wp-content\/uploads\/2023\/07\/Born-in-Prithivi-2.jpg","width":2205,"height":1654},{"@type":"BreadcrumbList","@id":"https:\/\/jeaninarat.com\/product\/born-in-prithivi\/#breadcrumb","itemListElement":[{"@type":"ListItem","position":1,"name":"Home","item":"https:\/\/jeaninarat.com\/"},{"@type":"ListItem","position":2,"name":"Shop","item":"https:\/\/jeaninarat.com\/shop\/"},{"@type":"ListItem","position":3,"name":"Born in Prithvi"}]},{"@type":"WebSite","@id":"https:\/\/jeaninarat.com\/#website","url":"https:\/\/jeaninarat.com\/","name":"Jeanina Ra\u021b","description":"A contemporary Romanian artist, creative and passionate of symbols and stories.","publisher":{"@id":"https:\/\/jeaninarat.com\/#organization"},"potentialAction":[{"@type":"SearchAction","target":{"@type":"EntryPoint","urlTemplate":"https:\/\/jeaninarat.com\/?s={search_term_string}"},"query-input":{"@type":"PropertyValueSpecification","valueRequired":true,"valueName":"search_term_string"}}],"inLanguage":"ro-RO"},{"@type":"Organization","@id":"https:\/\/jeaninarat.com\/#organization","name":"Jeanina Ra\u021b","url":"https:\/\/jeaninarat.com\/","logo":{"@type":"ImageObject","inLanguage":"ro-RO","@id":"https:\/\/jeaninarat.com\/#\/schema\/logo\/image\/","url":"https:\/\/jeaninarat.com\/wp-content\/uploads\/2023\/02\/logo-11-m-nou-1.png","contentUrl":"https:\/\/jeaninarat.com\/wp-content\/uploads\/2023\/02\/logo-11-m-nou-1.png","width":197,"height":194,"caption":"Jeanina Ra\u021b"},"image":{"@id":"https:\/\/jeaninarat.com\/#\/schema\/logo\/image\/"}}]}},"_links":{"self":[{"href":"https:\/\/jeaninarat.com\/ro\/wp-json\/wp\/v2\/product\/3608","targetHints":{"allow":["GET"]}}],"collection":[{"href":"https:\/\/jeaninarat.com\/ro\/wp-json\/wp\/v2\/product"}],"about":[{"href":"https:\/\/jeaninarat.com\/ro\/wp-json\/wp\/v2\/types\/product"}],"version-history":[{"count":6,"href":"https:\/\/jeaninarat.com\/ro\/wp-json\/wp\/v2\/product\/3608\/revisions"}],"predecessor-version":[{"id":4238,"href":"https:\/\/jeaninarat.com\/ro\/wp-json\/wp\/v2\/product\/3608\/revisions\/4238"}],"wp:featuredmedia":[{"embeddable":true,"href":"https:\/\/jeaninarat.com\/ro\/wp-json\/wp\/v2\/media\/3624"}],"wp:attachment":[{"href":"https:\/\/jeaninarat.com\/ro\/wp-json\/wp\/v2\/media?parent=3608"}],"wp:term":[{"taxonomy":"product_brand","embeddable":true,"href":"https:\/\/jeaninarat.com\/ro\/wp-json\/wp\/v2\/product_brand?post=3608"},{"taxonomy":"product_cat","embeddable":true,"href":"https:\/\/jeaninarat.com\/ro\/wp-json\/wp\/v2\/product_cat?post=3608"},{"taxonomy":"product_tag","embeddable":true,"href":"https:\/\/jeaninarat.com\/ro\/wp-json\/wp\/v2\/product_tag?post=3608"}],"curies":[{"name":"wp","href":"https:\/\/api.w.org\/{rel}","templated":true}]}}