{"id":3604,"date":"2023-07-31T08:46:13","date_gmt":"2023-07-31T08:46:13","guid":{"rendered":"https:\/\/jeaninarat.com\/?post_type=product&#038;p=3604"},"modified":"2024-07-09T15:56:20","modified_gmt":"2024-07-09T15:56:20","slug":"born-in-akasha","status":"publish","type":"product","link":"https:\/\/jeaninarat.com\/ro\/produs\/born-in-akasha\/","title":{"rendered":"Born In Akasha"},"content":{"rendered":"<p>Eterul este prima crea\u021bie a divinului \u0219i confer\u0103 o leg\u0103tur\u0103 cu Supremul. Aduce o vastitate \u0219i deschidere experien\u021bei noastre despre lume. Este prezent \u0219i \u00een corpurile noastre, uimitor, 99,9% din corpurile noastre sunt spa\u021biu gol! Dac\u0103 spa\u021biul sau akasha ar fi \u00eendep\u0103rtat din corpurile noastre, ne-am potrivi doar \u201e\u00eentr-o particule de praf\u201d.<br \/>\nFiecare dintre elemente are o chakr\u0103, un sim\u021b \u0219i un organ de sim\u021b asociat cu ele. Centrul principal al Tattvei Akasha este g\u00e2tul \u2013 spa\u021biul dintre clavicul\u0103 \u0219i ceaf\u0103. Aceasta este regiunea care cuprinde urm\u0103toarele glande principale: tiroid\u0103, paratiroid\u0103, salivar\u0103 \u0219i amigdale.  Dac\u0103 o persoana are Akasha Tattva (Eterul) predominant, atunci ea va fi cea mai fericit\u0103, cea mai lipsit\u0103 de griji fiin\u021b\u0103 din lume.<br \/>\nAici putem ad\u0103uga o vorb\u0103 \u00een\u021beleapt\u0103: \"Simte-te recunosc\u0103tor c\u0103 Dumnezeu te-a f\u0103cut om\".<\/p>","protected":false},"excerpt":{"rendered":"<p>SUMMER SALE- SOLD<\/p>\n<p>-15% for one piece<\/p>\n<p>-25% for purchasing all 5 Tattvas<\/p>\n<p>Tabloul se vinde \u00eenr\u0103mat, poate fi ata\u0219at pe perete<\/p>\n<p>Acrilic pe p\u00e2nz\u0103\/  foi\u021b\u0103 aurie<\/p>\n<p>Dimensiune: 32,5 x 32,5 x 4 cm<\/p>","protected":false},"featured_media":3622,"template":"","meta":[],"product_brand":[],"product_cat":[108,16],"product_tag":[111,112],"class_list":{"0":"post-3604","1":"product","2":"type-product","3":"status-publish","4":"has-post-thumbnail","6":"product_cat-five-tattvas","7":"product_cat-originals","8":"product_tag-akasha","9":"product_tag-univers","11":"first","12":"instock","13":"shipping-taxable","14":"product-type-simple"},"yoast_head":"<!-- This site is optimized with the Yoast SEO plugin v25.9 - https:\/\/yoast.com\/wordpress\/plugins\/seo\/ -->\n<title>Born In Akasha - Jeanina Ra\u021b<\/title>\n<meta name=\"robots\" content=\"index, follow, max-snippet:-1, max-image-preview:large, max-video-preview:-1\" \/>\n<link rel=\"canonical\" href=\"https:\/\/jeaninarat.com\/ro\/produs\/born-in-akasha\/\" \/>\n<meta property=\"og:locale\" content=\"ro_RO\" \/>\n<meta property=\"og:type\" content=\"article\" \/>\n<meta property=\"og:title\" content=\"Born In Akasha - Jeanina Ra\u021b\" \/>\n<meta property=\"og:description\" content=\"SUMMER SALE- SOLD  -15% for one piece  -25% for purchasing all 5 Tattvas  The painting is sold with gold frame, it can be attached on the wall  Acrylic on canvas\/ Gold leaf  Size: 32,5 x 32,5 x 4 cm\" \/>\n<meta property=\"og:url\" content=\"https:\/\/jeaninarat.com\/ro\/produs\/born-in-akasha\/\" \/>\n<meta property=\"og:site_name\" content=\"Jeanina Ra\u021b\" \/>\n<meta property=\"article:modified_time\" content=\"2024-07-09T15:56:20+00:00\" \/>\n<meta property=\"og:image\" content=\"https:\/\/jeaninarat.com\/wp-content\/uploads\/2023\/07\/Born-in-Akasha-1-1024x768.jpg\" \/>\n\t<meta property=\"og:image:width\" content=\"1024\" \/>\n\t<meta property=\"og:image:height\" content=\"768\" \/>\n\t<meta property=\"og:image:type\" content=\"image\/jpeg\" \/>\n<meta name=\"twitter:card\" content=\"summary_large_image\" \/>\n<meta name=\"twitter:label1\" content=\"Timp estimat pentru citire\" \/>\n\t<meta name=\"twitter:data1\" content=\"1 minut\" \/>\n<script type=\"application\/ld+json\" class=\"yoast-schema-graph\">{\"@context\":\"https:\/\/schema.org\",\"@graph\":[{\"@type\":\"WebPage\",\"@id\":\"https:\/\/jeaninarat.com\/product\/born-in-akasha\/\",\"url\":\"https:\/\/jeaninarat.com\/product\/born-in-akasha\/\",\"name\":\"Born In Akasha - Jeanina Ra\u021b\",\"isPartOf\":{\"@id\":\"https:\/\/jeaninarat.com\/#website\"},\"primaryImageOfPage\":{\"@id\":\"https:\/\/jeaninarat.com\/product\/born-in-akasha\/#primaryimage\"},\"image\":{\"@id\":\"https:\/\/jeaninarat.com\/product\/born-in-akasha\/#primaryimage\"},\"thumbnailUrl\":\"https:\/\/jeaninarat.com\/wp-content\/uploads\/2023\/07\/Born-in-Akasha-1.jpg\",\"datePublished\":\"2023-07-31T08:46:13+00:00\",\"dateModified\":\"2024-07-09T15:56:20+00:00\",\"breadcrumb\":{\"@id\":\"https:\/\/jeaninarat.com\/product\/born-in-akasha\/#breadcrumb\"},\"inLanguage\":\"ro-RO\",\"potentialAction\":[{\"@type\":\"ReadAction\",\"target\":[\"https:\/\/jeaninarat.com\/product\/born-in-akasha\/\"]}]},{\"@type\":\"ImageObject\",\"inLanguage\":\"ro-RO\",\"@id\":\"https:\/\/jeaninarat.com\/product\/born-in-akasha\/#primaryimage\",\"url\":\"https:\/\/jeaninarat.com\/wp-content\/uploads\/2023\/07\/Born-in-Akasha-1.jpg\",\"contentUrl\":\"https:\/\/jeaninarat.com\/wp-content\/uploads\/2023\/07\/Born-in-Akasha-1.jpg\",\"width\":2205,\"height\":1654},{\"@type\":\"BreadcrumbList\",\"@id\":\"https:\/\/jeaninarat.com\/product\/born-in-akasha\/#breadcrumb\",\"itemListElement\":[{\"@type\":\"ListItem\",\"position\":1,\"name\":\"Home\",\"item\":\"https:\/\/jeaninarat.com\/\"},{\"@type\":\"ListItem\",\"position\":2,\"name\":\"Shop\",\"item\":\"https:\/\/jeaninarat.com\/shop\/\"},{\"@type\":\"ListItem\",\"position\":3,\"name\":\"Born In Akasha\"}]},{\"@type\":\"WebSite\",\"@id\":\"https:\/\/jeaninarat.com\/#website\",\"url\":\"https:\/\/jeaninarat.com\/\",\"name\":\"Jeanina Ra\u021b\",\"description\":\"A contemporary Romanian artist, creative and passionate of symbols and stories.\",\"publisher\":{\"@id\":\"https:\/\/jeaninarat.com\/#organization\"},\"potentialAction\":[{\"@type\":\"SearchAction\",\"target\":{\"@type\":\"EntryPoint\",\"urlTemplate\":\"https:\/\/jeaninarat.com\/?s={search_term_string}\"},\"query-input\":{\"@type\":\"PropertyValueSpecification\",\"valueRequired\":true,\"valueName\":\"search_term_string\"}}],\"inLanguage\":\"ro-RO\"},{\"@type\":\"Organization\",\"@id\":\"https:\/\/jeaninarat.com\/#organization\",\"name\":\"Jeanina Ra\u021b\",\"url\":\"https:\/\/jeaninarat.com\/\",\"logo\":{\"@type\":\"ImageObject\",\"inLanguage\":\"ro-RO\",\"@id\":\"https:\/\/jeaninarat.com\/#\/schema\/logo\/image\/\",\"url\":\"https:\/\/jeaninarat.com\/wp-content\/uploads\/2023\/02\/logo-11-m-nou-1.png\",\"contentUrl\":\"https:\/\/jeaninarat.com\/wp-content\/uploads\/2023\/02\/logo-11-m-nou-1.png\",\"width\":197,\"height\":194,\"caption\":\"Jeanina Ra\u021b\"},\"image\":{\"@id\":\"https:\/\/jeaninarat.com\/#\/schema\/logo\/image\/\"}}]}<\/script>\n<!-- \/ Yoast SEO plugin. -->","yoast_head_json":{"title":"Born In Akasha - Jeanina Ra\u021b","robots":{"index":"index","follow":"follow","max-snippet":"max-snippet:-1","max-image-preview":"max-image-preview:large","max-video-preview":"max-video-preview:-1"},"canonical":"https:\/\/jeaninarat.com\/ro\/produs\/born-in-akasha\/","og_locale":"ro_RO","og_type":"article","og_title":"Born In Akasha - Jeanina Ra\u021b","og_description":"SUMMER SALE- SOLD  -15% for one piece  -25% for purchasing all 5 Tattvas  The painting is sold with gold frame, it can be attached on the wall  Acrylic on canvas\/ Gold leaf  Size: 32,5 x 32,5 x 4 cm","og_url":"https:\/\/jeaninarat.com\/ro\/produs\/born-in-akasha\/","og_site_name":"Jeanina Ra\u021b","article_modified_time":"2024-07-09T15:56:20+00:00","og_image":[{"width":1024,"height":768,"url":"https:\/\/jeaninarat.com\/wp-content\/uploads\/2023\/07\/Born-in-Akasha-1-1024x768.jpg","type":"image\/jpeg"}],"twitter_card":"summary_large_image","twitter_misc":{"Timp estimat pentru citire":"1 minut"},"schema":{"@context":"https:\/\/schema.org","@graph":[{"@type":"WebPage","@id":"https:\/\/jeaninarat.com\/product\/born-in-akasha\/","url":"https:\/\/jeaninarat.com\/product\/born-in-akasha\/","name":"Born In Akasha - Jeanina Ra\u021b","isPartOf":{"@id":"https:\/\/jeaninarat.com\/#website"},"primaryImageOfPage":{"@id":"https:\/\/jeaninarat.com\/product\/born-in-akasha\/#primaryimage"},"image":{"@id":"https:\/\/jeaninarat.com\/product\/born-in-akasha\/#primaryimage"},"thumbnailUrl":"https:\/\/jeaninarat.com\/wp-content\/uploads\/2023\/07\/Born-in-Akasha-1.jpg","datePublished":"2023-07-31T08:46:13+00:00","dateModified":"2024-07-09T15:56:20+00:00","breadcrumb":{"@id":"https:\/\/jeaninarat.com\/product\/born-in-akasha\/#breadcrumb"},"inLanguage":"ro-RO","potentialAction":[{"@type":"ReadAction","target":["https:\/\/jeaninarat.com\/product\/born-in-akasha\/"]}]},{"@type":"ImageObject","inLanguage":"ro-RO","@id":"https:\/\/jeaninarat.com\/product\/born-in-akasha\/#primaryimage","url":"https:\/\/jeaninarat.com\/wp-content\/uploads\/2023\/07\/Born-in-Akasha-1.jpg","contentUrl":"https:\/\/jeaninarat.com\/wp-content\/uploads\/2023\/07\/Born-in-Akasha-1.jpg","width":2205,"height":1654},{"@type":"BreadcrumbList","@id":"https:\/\/jeaninarat.com\/product\/born-in-akasha\/#breadcrumb","itemListElement":[{"@type":"ListItem","position":1,"name":"Home","item":"https:\/\/jeaninarat.com\/"},{"@type":"ListItem","position":2,"name":"Shop","item":"https:\/\/jeaninarat.com\/shop\/"},{"@type":"ListItem","position":3,"name":"Born In Akasha"}]},{"@type":"WebSite","@id":"https:\/\/jeaninarat.com\/#website","url":"https:\/\/jeaninarat.com\/","name":"Jeanina Ra\u021b","description":"A contemporary Romanian artist, creative and passionate of symbols and stories.","publisher":{"@id":"https:\/\/jeaninarat.com\/#organization"},"potentialAction":[{"@type":"SearchAction","target":{"@type":"EntryPoint","urlTemplate":"https:\/\/jeaninarat.com\/?s={search_term_string}"},"query-input":{"@type":"PropertyValueSpecification","valueRequired":true,"valueName":"search_term_string"}}],"inLanguage":"ro-RO"},{"@type":"Organization","@id":"https:\/\/jeaninarat.com\/#organization","name":"Jeanina Ra\u021b","url":"https:\/\/jeaninarat.com\/","logo":{"@type":"ImageObject","inLanguage":"ro-RO","@id":"https:\/\/jeaninarat.com\/#\/schema\/logo\/image\/","url":"https:\/\/jeaninarat.com\/wp-content\/uploads\/2023\/02\/logo-11-m-nou-1.png","contentUrl":"https:\/\/jeaninarat.com\/wp-content\/uploads\/2023\/02\/logo-11-m-nou-1.png","width":197,"height":194,"caption":"Jeanina Ra\u021b"},"image":{"@id":"https:\/\/jeaninarat.com\/#\/schema\/logo\/image\/"}}]}},"_links":{"self":[{"href":"https:\/\/jeaninarat.com\/ro\/wp-json\/wp\/v2\/product\/3604","targetHints":{"allow":["GET"]}}],"collection":[{"href":"https:\/\/jeaninarat.com\/ro\/wp-json\/wp\/v2\/product"}],"about":[{"href":"https:\/\/jeaninarat.com\/ro\/wp-json\/wp\/v2\/types\/product"}],"version-history":[{"count":6,"href":"https:\/\/jeaninarat.com\/ro\/wp-json\/wp\/v2\/product\/3604\/revisions"}],"predecessor-version":[{"id":4237,"href":"https:\/\/jeaninarat.com\/ro\/wp-json\/wp\/v2\/product\/3604\/revisions\/4237"}],"wp:featuredmedia":[{"embeddable":true,"href":"https:\/\/jeaninarat.com\/ro\/wp-json\/wp\/v2\/media\/3622"}],"wp:attachment":[{"href":"https:\/\/jeaninarat.com\/ro\/wp-json\/wp\/v2\/media?parent=3604"}],"wp:term":[{"taxonomy":"product_brand","embeddable":true,"href":"https:\/\/jeaninarat.com\/ro\/wp-json\/wp\/v2\/product_brand?post=3604"},{"taxonomy":"product_cat","embeddable":true,"href":"https:\/\/jeaninarat.com\/ro\/wp-json\/wp\/v2\/product_cat?post=3604"},{"taxonomy":"product_tag","embeddable":true,"href":"https:\/\/jeaninarat.com\/ro\/wp-json\/wp\/v2\/product_tag?post=3604"}],"curies":[{"name":"wp","href":"https:\/\/api.w.org\/{rel}","templated":true}]}}