{"id":3578,"date":"2023-07-22T16:31:40","date_gmt":"2023-07-22T16:31:40","guid":{"rendered":"https:\/\/jeaninarat.com\/?post_type=product&#038;p=3578"},"modified":"2024-01-27T17:49:35","modified_gmt":"2024-01-27T17:49:35","slug":"im-the-swan","status":"publish","type":"product","link":"https:\/\/jeaninarat.com\/ro\/produs\/im-the-swan\/","title":{"rendered":"I&#8217;m the Swan"},"content":{"rendered":"<p><span style=\"font-family: Calibri, sans-serif;\"><span style=\"font-size: medium;\"><span lang=\"en\">Eu sunt leb\u0103da. Am tr\u0103it \u00een apartamentul 95 de pe vremea b\u0103tr\u00e2nilor. Nu a existat nicio \u00eendoial\u0103 c\u0103 Jeanina nu o s\u0103 m\u0103 p\u0103streze, doar sunt pas\u0103rea imaculat\u0103. Albul, for\u021ba \u0219i gra\u021bia mea constitue o vie epifanie a luminii. Cred c\u0103 Jeanina nu \u0219tia acest simbolism al meu. O s\u0103 v\u0103 povestesc de ce...<br \/>\nIn apartament u\u0219or u\u0219or au \u00eenceput s\u0103 apar\u0103 florile \u00een ghiveci. Jeanina avea mare grij\u0103 de ele. Col\u021bul creativit\u0103\u021bii fiind o adev\u0103rat\u0103 gr\u0103din\u0103.<br \/>\nEhhh...la \u00eenceput mi s-a p\u0103rut o idee bun\u0103, apoi parc\u0103 nu. Domni\u0219oara a sim\u021bit c\u0103 a\u0219 ar\u0103ta bine pe post de decor \u00eentr-un ghiveci. M-am sim\u021bit privilegiat\u0103, adic\u0103 tocmai pe mine m-a ales, simandicoasa, simbol al elegan\u021bei, al noble\u021bei s\u0103 \u00eemi primesc locul binemeritat \u00een gr\u0103dina, \"la teras\u0103\".  Apoi s\u0103 vezi ce potop pe mine c\u00e2nd uda floarea. Simt c\u0103 mi se face r\u0103u c\u00e2nd m\u0103 g\u00e2ndesc... tot albul meu imaculat stropit de p\u0103m\u00e2ntul apos.... Unde-i dreptatea \u00een lumea asta?? Offf... Alo, domni\u0219oara artist!!! Mie trebuia s\u0103-mi faci du\u015f s\u0103pt\u0103m\u00e2nal, nu o dat\u0103 pe lun\u0103! Bine c\u0103 am sc\u0103pat... Acum sunt pe raft la etajul 2; e bine! V\u0103d toate mi\u0219c\u0103rile din cas\u0103, dar cel mai important e c\u0103 voi m\u0103 vede\u021bi pe mine...<br \/>\nIn fine... \u00ee\u021bi mul\u021bumesc pentru tablou, ador rozul, dantel\u0103ria fin\u0103 ca mine \u0219i, mi se pare mie sau ai folosit un modul inspirat din Coloana lui Br\u00e2ncu\u015fi? \nOooo Jeanina... \u00eemi vine s\u0103 zbor de bucurie!<\/span><\/span><\/span><\/p>\n<p lang=\"en\">","protected":false},"excerpt":{"rendered":"<p><strong>V\u00c2NDUT<\/strong><\/p>\n<p>Art prints are available.<\/p>\n<p>Acrilic pe p\u00e2nz\u0103<\/p>\n<p>Size: 30 x 40 x 2 cm<\/p>","protected":false},"featured_media":3714,"template":"","meta":[],"product_brand":[],"product_cat":[16,46],"product_tag":[101,100,102],"class_list":{"0":"post-3578","1":"product","2":"type-product","3":"status-publish","4":"has-post-thumbnail","6":"product_cat-originals","7":"product_cat-apartment-95","8":"product_tag-delicate","9":"product_tag-pink","10":"product_tag-swan","12":"first","13":"instock","14":"shipping-taxable","15":"product-type-simple"},"yoast_head":"<!-- This site is optimized with the Yoast SEO plugin v25.9 - https:\/\/yoast.com\/wordpress\/plugins\/seo\/ -->\n<title>I&#039;m the Swan - Jeanina Ra\u021b<\/title>\n<meta name=\"robots\" content=\"index, follow, max-snippet:-1, max-image-preview:large, max-video-preview:-1\" \/>\n<link rel=\"canonical\" href=\"https:\/\/jeaninarat.com\/ro\/produs\/im-the-swan\/\" \/>\n<meta property=\"og:locale\" content=\"ro_RO\" \/>\n<meta property=\"og:type\" content=\"article\" \/>\n<meta property=\"og:title\" content=\"I&#039;m the Swan - Jeanina Ra\u021b\" \/>\n<meta property=\"og:description\" content=\"SOLD  Art prints are available.  Acrylic on canvas  Size: 30 x 40 x 2 cm\" \/>\n<meta property=\"og:url\" content=\"https:\/\/jeaninarat.com\/ro\/produs\/im-the-swan\/\" \/>\n<meta property=\"og:site_name\" content=\"Jeanina Ra\u021b\" \/>\n<meta property=\"article:modified_time\" content=\"2024-01-27T17:49:35+00:00\" \/>\n<meta property=\"og:image\" content=\"https:\/\/jeaninarat.com\/wp-content\/uploads\/2023\/07\/I-m-the-swan-140-774x1024.jpg\" \/>\n\t<meta property=\"og:image:width\" content=\"774\" \/>\n\t<meta property=\"og:image:height\" content=\"1024\" \/>\n\t<meta property=\"og:image:type\" content=\"image\/jpeg\" \/>\n<meta name=\"twitter:card\" content=\"summary_large_image\" \/>\n<meta name=\"twitter:label1\" content=\"Timp estimat pentru citire\" \/>\n\t<meta name=\"twitter:data1\" content=\"2 minute\" \/>\n<script type=\"application\/ld+json\" class=\"yoast-schema-graph\">{\"@context\":\"https:\/\/schema.org\",\"@graph\":[{\"@type\":\"WebPage\",\"@id\":\"https:\/\/jeaninarat.com\/product\/im-the-swan\/\",\"url\":\"https:\/\/jeaninarat.com\/product\/im-the-swan\/\",\"name\":\"I'm the Swan - Jeanina Ra\u021b\",\"isPartOf\":{\"@id\":\"https:\/\/jeaninarat.com\/#website\"},\"primaryImageOfPage\":{\"@id\":\"https:\/\/jeaninarat.com\/product\/im-the-swan\/#primaryimage\"},\"image\":{\"@id\":\"https:\/\/jeaninarat.com\/product\/im-the-swan\/#primaryimage\"},\"thumbnailUrl\":\"https:\/\/jeaninarat.com\/wp-content\/uploads\/2023\/07\/I-m-the-swan-140.jpg\",\"datePublished\":\"2023-07-22T16:31:40+00:00\",\"dateModified\":\"2024-01-27T17:49:35+00:00\",\"breadcrumb\":{\"@id\":\"https:\/\/jeaninarat.com\/product\/im-the-swan\/#breadcrumb\"},\"inLanguage\":\"ro-RO\",\"potentialAction\":[{\"@type\":\"ReadAction\",\"target\":[\"https:\/\/jeaninarat.com\/product\/im-the-swan\/\"]}]},{\"@type\":\"ImageObject\",\"inLanguage\":\"ro-RO\",\"@id\":\"https:\/\/jeaninarat.com\/product\/im-the-swan\/#primaryimage\",\"url\":\"https:\/\/jeaninarat.com\/wp-content\/uploads\/2023\/07\/I-m-the-swan-140.jpg\",\"contentUrl\":\"https:\/\/jeaninarat.com\/wp-content\/uploads\/2023\/07\/I-m-the-swan-140.jpg\",\"width\":1670,\"height\":2210,\"caption\":\"I'm the swan\"},{\"@type\":\"BreadcrumbList\",\"@id\":\"https:\/\/jeaninarat.com\/product\/im-the-swan\/#breadcrumb\",\"itemListElement\":[{\"@type\":\"ListItem\",\"position\":1,\"name\":\"Home\",\"item\":\"https:\/\/jeaninarat.com\/\"},{\"@type\":\"ListItem\",\"position\":2,\"name\":\"Shop\",\"item\":\"https:\/\/jeaninarat.com\/shop\/\"},{\"@type\":\"ListItem\",\"position\":3,\"name\":\"I&#8217;m the Swan\"}]},{\"@type\":\"WebSite\",\"@id\":\"https:\/\/jeaninarat.com\/#website\",\"url\":\"https:\/\/jeaninarat.com\/\",\"name\":\"Jeanina Ra\u021b\",\"description\":\"A contemporary Romanian artist, creative and passionate of symbols and stories.\",\"publisher\":{\"@id\":\"https:\/\/jeaninarat.com\/#organization\"},\"potentialAction\":[{\"@type\":\"SearchAction\",\"target\":{\"@type\":\"EntryPoint\",\"urlTemplate\":\"https:\/\/jeaninarat.com\/?s={search_term_string}\"},\"query-input\":{\"@type\":\"PropertyValueSpecification\",\"valueRequired\":true,\"valueName\":\"search_term_string\"}}],\"inLanguage\":\"ro-RO\"},{\"@type\":\"Organization\",\"@id\":\"https:\/\/jeaninarat.com\/#organization\",\"name\":\"Jeanina Ra\u021b\",\"url\":\"https:\/\/jeaninarat.com\/\",\"logo\":{\"@type\":\"ImageObject\",\"inLanguage\":\"ro-RO\",\"@id\":\"https:\/\/jeaninarat.com\/#\/schema\/logo\/image\/\",\"url\":\"https:\/\/jeaninarat.com\/wp-content\/uploads\/2023\/02\/logo-11-m-nou-1.png\",\"contentUrl\":\"https:\/\/jeaninarat.com\/wp-content\/uploads\/2023\/02\/logo-11-m-nou-1.png\",\"width\":197,\"height\":194,\"caption\":\"Jeanina Ra\u021b\"},\"image\":{\"@id\":\"https:\/\/jeaninarat.com\/#\/schema\/logo\/image\/\"}}]}<\/script>\n<!-- \/ Yoast SEO plugin. -->","yoast_head_json":{"title":"I'm the Swan - Jeanina Ra\u021b","robots":{"index":"index","follow":"follow","max-snippet":"max-snippet:-1","max-image-preview":"max-image-preview:large","max-video-preview":"max-video-preview:-1"},"canonical":"https:\/\/jeaninarat.com\/ro\/produs\/im-the-swan\/","og_locale":"ro_RO","og_type":"article","og_title":"I'm the Swan - Jeanina Ra\u021b","og_description":"SOLD  Art prints are available.  Acrylic on canvas  Size: 30 x 40 x 2 cm","og_url":"https:\/\/jeaninarat.com\/ro\/produs\/im-the-swan\/","og_site_name":"Jeanina Ra\u021b","article_modified_time":"2024-01-27T17:49:35+00:00","og_image":[{"width":774,"height":1024,"url":"https:\/\/jeaninarat.com\/wp-content\/uploads\/2023\/07\/I-m-the-swan-140-774x1024.jpg","type":"image\/jpeg"}],"twitter_card":"summary_large_image","twitter_misc":{"Timp estimat pentru citire":"2 minute"},"schema":{"@context":"https:\/\/schema.org","@graph":[{"@type":"WebPage","@id":"https:\/\/jeaninarat.com\/product\/im-the-swan\/","url":"https:\/\/jeaninarat.com\/product\/im-the-swan\/","name":"I'm the Swan - Jeanina Ra\u021b","isPartOf":{"@id":"https:\/\/jeaninarat.com\/#website"},"primaryImageOfPage":{"@id":"https:\/\/jeaninarat.com\/product\/im-the-swan\/#primaryimage"},"image":{"@id":"https:\/\/jeaninarat.com\/product\/im-the-swan\/#primaryimage"},"thumbnailUrl":"https:\/\/jeaninarat.com\/wp-content\/uploads\/2023\/07\/I-m-the-swan-140.jpg","datePublished":"2023-07-22T16:31:40+00:00","dateModified":"2024-01-27T17:49:35+00:00","breadcrumb":{"@id":"https:\/\/jeaninarat.com\/product\/im-the-swan\/#breadcrumb"},"inLanguage":"ro-RO","potentialAction":[{"@type":"ReadAction","target":["https:\/\/jeaninarat.com\/product\/im-the-swan\/"]}]},{"@type":"ImageObject","inLanguage":"ro-RO","@id":"https:\/\/jeaninarat.com\/product\/im-the-swan\/#primaryimage","url":"https:\/\/jeaninarat.com\/wp-content\/uploads\/2023\/07\/I-m-the-swan-140.jpg","contentUrl":"https:\/\/jeaninarat.com\/wp-content\/uploads\/2023\/07\/I-m-the-swan-140.jpg","width":1670,"height":2210,"caption":"I'm the swan"},{"@type":"BreadcrumbList","@id":"https:\/\/jeaninarat.com\/product\/im-the-swan\/#breadcrumb","itemListElement":[{"@type":"ListItem","position":1,"name":"Home","item":"https:\/\/jeaninarat.com\/"},{"@type":"ListItem","position":2,"name":"Shop","item":"https:\/\/jeaninarat.com\/shop\/"},{"@type":"ListItem","position":3,"name":"I&#8217;m the Swan"}]},{"@type":"WebSite","@id":"https:\/\/jeaninarat.com\/#website","url":"https:\/\/jeaninarat.com\/","name":"Jeanina Ra\u021b","description":"A contemporary Romanian artist, creative and passionate of symbols and stories.","publisher":{"@id":"https:\/\/jeaninarat.com\/#organization"},"potentialAction":[{"@type":"SearchAction","target":{"@type":"EntryPoint","urlTemplate":"https:\/\/jeaninarat.com\/?s={search_term_string}"},"query-input":{"@type":"PropertyValueSpecification","valueRequired":true,"valueName":"search_term_string"}}],"inLanguage":"ro-RO"},{"@type":"Organization","@id":"https:\/\/jeaninarat.com\/#organization","name":"Jeanina Ra\u021b","url":"https:\/\/jeaninarat.com\/","logo":{"@type":"ImageObject","inLanguage":"ro-RO","@id":"https:\/\/jeaninarat.com\/#\/schema\/logo\/image\/","url":"https:\/\/jeaninarat.com\/wp-content\/uploads\/2023\/02\/logo-11-m-nou-1.png","contentUrl":"https:\/\/jeaninarat.com\/wp-content\/uploads\/2023\/02\/logo-11-m-nou-1.png","width":197,"height":194,"caption":"Jeanina Ra\u021b"},"image":{"@id":"https:\/\/jeaninarat.com\/#\/schema\/logo\/image\/"}}]}},"_links":{"self":[{"href":"https:\/\/jeaninarat.com\/ro\/wp-json\/wp\/v2\/product\/3578","targetHints":{"allow":["GET"]}}],"collection":[{"href":"https:\/\/jeaninarat.com\/ro\/wp-json\/wp\/v2\/product"}],"about":[{"href":"https:\/\/jeaninarat.com\/ro\/wp-json\/wp\/v2\/types\/product"}],"version-history":[{"count":5,"href":"https:\/\/jeaninarat.com\/ro\/wp-json\/wp\/v2\/product\/3578\/revisions"}],"predecessor-version":[{"id":3850,"href":"https:\/\/jeaninarat.com\/ro\/wp-json\/wp\/v2\/product\/3578\/revisions\/3850"}],"wp:featuredmedia":[{"embeddable":true,"href":"https:\/\/jeaninarat.com\/ro\/wp-json\/wp\/v2\/media\/3714"}],"wp:attachment":[{"href":"https:\/\/jeaninarat.com\/ro\/wp-json\/wp\/v2\/media?parent=3578"}],"wp:term":[{"taxonomy":"product_brand","embeddable":true,"href":"https:\/\/jeaninarat.com\/ro\/wp-json\/wp\/v2\/product_brand?post=3578"},{"taxonomy":"product_cat","embeddable":true,"href":"https:\/\/jeaninarat.com\/ro\/wp-json\/wp\/v2\/product_cat?post=3578"},{"taxonomy":"product_tag","embeddable":true,"href":"https:\/\/jeaninarat.com\/ro\/wp-json\/wp\/v2\/product_tag?post=3578"}],"curies":[{"name":"wp","href":"https:\/\/api.w.org\/{rel}","templated":true}]}}