{"id":3139,"date":"2023-05-27T10:26:13","date_gmt":"2023-05-27T10:26:13","guid":{"rendered":"https:\/\/jeaninarat.com\/?post_type=product&#038;p=3139"},"modified":"2025-09-15T17:49:48","modified_gmt":"2025-09-15T17:49:48","slug":"matangis-garden-canvas-print","status":"publish","type":"product","link":"https:\/\/jeaninarat.com\/ro\/produs\/matangis-garden-canvas-print\/","title":{"rendered":"Matangi&#8217;s Garden- Canvas print"},"content":{"rendered":"<p><b>PRINTURI CANVAS<\/b><\/p>\n<p><strong>EDITIE LIMITAT\u0102<\/strong><br \/>\nPrinturilee sunt realizate folosind p\u00e2nz\u0103 din bumbac 100% - Hahnem\u00fchle \u0219i pigmen\u021bi de arhiv\u0103 cu o speran\u021b\u0103 de via\u021b\u0103 de aproximativ 80 de ani \u0219i f\u0103r\u0103 decolorare. Pentru a avea cele mai bune rezultate \u0219i calitate procesul de imprimare folosit este gicl\u00e9e.<\/p>\n<p>Pentru a asigura printurilor de art\u0103 o durat\u0103 lung\u0103 de via\u021b\u0103, v\u0103 recomand\u0103m s\u0103 le proteja\u021bi cu o sticl\u0103 de protec\u021bie anti-UV sau s\u0103 le pozi\u021biona\u021bi departe de lumina direct\u0103 a soarelui.<br \/>\nPrinturile sunt semnate \u0219i autentificate prin semn\u0103tura personal\u0103 a autorului \u0219i numerotate pe spate.<\/p>","protected":false},"excerpt":{"rendered":"<p>Limited series of 50 reproductions<\/p>\n<p>Print Gicl\u00e9e pe panz\u0103<\/p>\n<p>Dimensiune: 100x 140x 2 cm<\/p>\n<p>\u2018Matangi\u2019s Garden\u201d a fost expus\u0103 \u00een  cadrul expozitiei Fine Art Vision 2020.<\/p>","protected":false},"featured_media":1301,"template":"","meta":[],"product_brand":[],"product_cat":[18,51],"product_tag":[99,167],"class_list":{"0":"post-3139","1":"product","2":"type-product","3":"status-publish","4":"has-post-thumbnail","6":"product_cat-giclee-prints","7":"product_cat-the-greatness-of-yantras-giclee-prints","8":"product_tag-garden","9":"product_tag-green","11":"first","12":"instock","13":"shipping-taxable","14":"purchasable","15":"product-type-simple"},"yoast_head":"<!-- This site is optimized with the Yoast SEO plugin v25.9 - https:\/\/yoast.com\/wordpress\/plugins\/seo\/ -->\n<title>Matangi&#039;s Garden- Canvas print - Jeanina Ra\u021b<\/title>\n<meta name=\"robots\" content=\"index, follow, max-snippet:-1, max-image-preview:large, max-video-preview:-1\" \/>\n<link rel=\"canonical\" href=\"https:\/\/jeaninarat.com\/ro\/produs\/matangis-garden-canvas-print\/\" \/>\n<meta property=\"og:locale\" content=\"ro_RO\" \/>\n<meta property=\"og:type\" content=\"article\" \/>\n<meta property=\"og:title\" content=\"Matangi&#039;s Garden- Canvas print - Jeanina Ra\u021b\" \/>\n<meta property=\"og:description\" content=\"Limited series of 50 reproductions  Giclee print on canvas  Size: 100x 140x 2 cm  \u201cMatangi&#039;s Garden\u201d it was an artprint exhibited during the Fine Art Vision 20\/20 event.\" \/>\n<meta property=\"og:url\" content=\"https:\/\/jeaninarat.com\/ro\/produs\/matangis-garden-canvas-print\/\" \/>\n<meta property=\"og:site_name\" content=\"Jeanina Ra\u021b\" \/>\n<meta property=\"article:modified_time\" content=\"2025-09-15T17:49:48+00:00\" \/>\n<meta property=\"og:image\" content=\"https:\/\/jeaninarat.com\/wp-content\/uploads\/2023\/02\/WEB_MATANGIs-GARDEN-1.png\" \/>\n\t<meta property=\"og:image:width\" content=\"939\" \/>\n\t<meta property=\"og:image:height\" content=\"1280\" \/>\n\t<meta property=\"og:image:type\" content=\"image\/png\" \/>\n<meta name=\"twitter:card\" content=\"summary_large_image\" \/>\n<meta name=\"twitter:label1\" content=\"Timp estimat pentru citire\" \/>\n\t<meta name=\"twitter:data1\" content=\"1 minut\" \/>\n<script type=\"application\/ld+json\" class=\"yoast-schema-graph\">{\"@context\":\"https:\/\/schema.org\",\"@graph\":[{\"@type\":\"WebPage\",\"@id\":\"https:\/\/jeaninarat.com\/product\/matangis-garden-canvas-print\/\",\"url\":\"https:\/\/jeaninarat.com\/product\/matangis-garden-canvas-print\/\",\"name\":\"Matangi's Garden- Canvas print - Jeanina Ra\u021b\",\"isPartOf\":{\"@id\":\"https:\/\/jeaninarat.com\/#website\"},\"primaryImageOfPage\":{\"@id\":\"https:\/\/jeaninarat.com\/product\/matangis-garden-canvas-print\/#primaryimage\"},\"image\":{\"@id\":\"https:\/\/jeaninarat.com\/product\/matangis-garden-canvas-print\/#primaryimage\"},\"thumbnailUrl\":\"https:\/\/jeaninarat.com\/wp-content\/uploads\/2023\/02\/WEB_MATANGIs-GARDEN-1.png\",\"datePublished\":\"2023-05-27T10:26:13+00:00\",\"dateModified\":\"2025-09-15T17:49:48+00:00\",\"breadcrumb\":{\"@id\":\"https:\/\/jeaninarat.com\/product\/matangis-garden-canvas-print\/#breadcrumb\"},\"inLanguage\":\"ro-RO\",\"potentialAction\":[{\"@type\":\"ReadAction\",\"target\":[\"https:\/\/jeaninarat.com\/product\/matangis-garden-canvas-print\/\"]}]},{\"@type\":\"ImageObject\",\"inLanguage\":\"ro-RO\",\"@id\":\"https:\/\/jeaninarat.com\/product\/matangis-garden-canvas-print\/#primaryimage\",\"url\":\"https:\/\/jeaninarat.com\/wp-content\/uploads\/2023\/02\/WEB_MATANGIs-GARDEN-1.png\",\"contentUrl\":\"https:\/\/jeaninarat.com\/wp-content\/uploads\/2023\/02\/WEB_MATANGIs-GARDEN-1.png\",\"width\":939,\"height\":1280,\"caption\":\"Matangi's Garden\"},{\"@type\":\"BreadcrumbList\",\"@id\":\"https:\/\/jeaninarat.com\/product\/matangis-garden-canvas-print\/#breadcrumb\",\"itemListElement\":[{\"@type\":\"ListItem\",\"position\":1,\"name\":\"Home\",\"item\":\"https:\/\/jeaninarat.com\/\"},{\"@type\":\"ListItem\",\"position\":2,\"name\":\"Shop\",\"item\":\"https:\/\/jeaninarat.com\/shop\/\"},{\"@type\":\"ListItem\",\"position\":3,\"name\":\"Matangi&#8217;s Garden- Canvas print\"}]},{\"@type\":\"WebSite\",\"@id\":\"https:\/\/jeaninarat.com\/#website\",\"url\":\"https:\/\/jeaninarat.com\/\",\"name\":\"Jeanina Ra\u021b\",\"description\":\"A contemporary Romanian artist, creative and passionate of symbols and stories.\",\"publisher\":{\"@id\":\"https:\/\/jeaninarat.com\/#organization\"},\"potentialAction\":[{\"@type\":\"SearchAction\",\"target\":{\"@type\":\"EntryPoint\",\"urlTemplate\":\"https:\/\/jeaninarat.com\/?s={search_term_string}\"},\"query-input\":{\"@type\":\"PropertyValueSpecification\",\"valueRequired\":true,\"valueName\":\"search_term_string\"}}],\"inLanguage\":\"ro-RO\"},{\"@type\":\"Organization\",\"@id\":\"https:\/\/jeaninarat.com\/#organization\",\"name\":\"Jeanina Ra\u021b\",\"url\":\"https:\/\/jeaninarat.com\/\",\"logo\":{\"@type\":\"ImageObject\",\"inLanguage\":\"ro-RO\",\"@id\":\"https:\/\/jeaninarat.com\/#\/schema\/logo\/image\/\",\"url\":\"https:\/\/jeaninarat.com\/wp-content\/uploads\/2023\/02\/logo-11-m-nou-1.png\",\"contentUrl\":\"https:\/\/jeaninarat.com\/wp-content\/uploads\/2023\/02\/logo-11-m-nou-1.png\",\"width\":197,\"height\":194,\"caption\":\"Jeanina Ra\u021b\"},\"image\":{\"@id\":\"https:\/\/jeaninarat.com\/#\/schema\/logo\/image\/\"}}]}<\/script>\n<!-- \/ Yoast SEO plugin. -->","yoast_head_json":{"title":"Matangi's Garden- Canvas print - Jeanina Ra\u021b","robots":{"index":"index","follow":"follow","max-snippet":"max-snippet:-1","max-image-preview":"max-image-preview:large","max-video-preview":"max-video-preview:-1"},"canonical":"https:\/\/jeaninarat.com\/ro\/produs\/matangis-garden-canvas-print\/","og_locale":"ro_RO","og_type":"article","og_title":"Matangi's Garden- Canvas print - Jeanina Ra\u021b","og_description":"Limited series of 50 reproductions  Giclee print on canvas  Size: 100x 140x 2 cm  \u201cMatangi's Garden\u201d it was an artprint exhibited during the Fine Art Vision 20\/20 event.","og_url":"https:\/\/jeaninarat.com\/ro\/produs\/matangis-garden-canvas-print\/","og_site_name":"Jeanina Ra\u021b","article_modified_time":"2025-09-15T17:49:48+00:00","og_image":[{"width":939,"height":1280,"url":"https:\/\/jeaninarat.com\/wp-content\/uploads\/2023\/02\/WEB_MATANGIs-GARDEN-1.png","type":"image\/png"}],"twitter_card":"summary_large_image","twitter_misc":{"Timp estimat pentru citire":"1 minut"},"schema":{"@context":"https:\/\/schema.org","@graph":[{"@type":"WebPage","@id":"https:\/\/jeaninarat.com\/product\/matangis-garden-canvas-print\/","url":"https:\/\/jeaninarat.com\/product\/matangis-garden-canvas-print\/","name":"Matangi's Garden- Canvas print - Jeanina Ra\u021b","isPartOf":{"@id":"https:\/\/jeaninarat.com\/#website"},"primaryImageOfPage":{"@id":"https:\/\/jeaninarat.com\/product\/matangis-garden-canvas-print\/#primaryimage"},"image":{"@id":"https:\/\/jeaninarat.com\/product\/matangis-garden-canvas-print\/#primaryimage"},"thumbnailUrl":"https:\/\/jeaninarat.com\/wp-content\/uploads\/2023\/02\/WEB_MATANGIs-GARDEN-1.png","datePublished":"2023-05-27T10:26:13+00:00","dateModified":"2025-09-15T17:49:48+00:00","breadcrumb":{"@id":"https:\/\/jeaninarat.com\/product\/matangis-garden-canvas-print\/#breadcrumb"},"inLanguage":"ro-RO","potentialAction":[{"@type":"ReadAction","target":["https:\/\/jeaninarat.com\/product\/matangis-garden-canvas-print\/"]}]},{"@type":"ImageObject","inLanguage":"ro-RO","@id":"https:\/\/jeaninarat.com\/product\/matangis-garden-canvas-print\/#primaryimage","url":"https:\/\/jeaninarat.com\/wp-content\/uploads\/2023\/02\/WEB_MATANGIs-GARDEN-1.png","contentUrl":"https:\/\/jeaninarat.com\/wp-content\/uploads\/2023\/02\/WEB_MATANGIs-GARDEN-1.png","width":939,"height":1280,"caption":"Matangi's Garden"},{"@type":"BreadcrumbList","@id":"https:\/\/jeaninarat.com\/product\/matangis-garden-canvas-print\/#breadcrumb","itemListElement":[{"@type":"ListItem","position":1,"name":"Home","item":"https:\/\/jeaninarat.com\/"},{"@type":"ListItem","position":2,"name":"Shop","item":"https:\/\/jeaninarat.com\/shop\/"},{"@type":"ListItem","position":3,"name":"Matangi&#8217;s Garden- Canvas print"}]},{"@type":"WebSite","@id":"https:\/\/jeaninarat.com\/#website","url":"https:\/\/jeaninarat.com\/","name":"Jeanina Ra\u021b","description":"A contemporary Romanian artist, creative and passionate of symbols and stories.","publisher":{"@id":"https:\/\/jeaninarat.com\/#organization"},"potentialAction":[{"@type":"SearchAction","target":{"@type":"EntryPoint","urlTemplate":"https:\/\/jeaninarat.com\/?s={search_term_string}"},"query-input":{"@type":"PropertyValueSpecification","valueRequired":true,"valueName":"search_term_string"}}],"inLanguage":"ro-RO"},{"@type":"Organization","@id":"https:\/\/jeaninarat.com\/#organization","name":"Jeanina Ra\u021b","url":"https:\/\/jeaninarat.com\/","logo":{"@type":"ImageObject","inLanguage":"ro-RO","@id":"https:\/\/jeaninarat.com\/#\/schema\/logo\/image\/","url":"https:\/\/jeaninarat.com\/wp-content\/uploads\/2023\/02\/logo-11-m-nou-1.png","contentUrl":"https:\/\/jeaninarat.com\/wp-content\/uploads\/2023\/02\/logo-11-m-nou-1.png","width":197,"height":194,"caption":"Jeanina Ra\u021b"},"image":{"@id":"https:\/\/jeaninarat.com\/#\/schema\/logo\/image\/"}}]}},"_links":{"self":[{"href":"https:\/\/jeaninarat.com\/ro\/wp-json\/wp\/v2\/product\/3139","targetHints":{"allow":["GET"]}}],"collection":[{"href":"https:\/\/jeaninarat.com\/ro\/wp-json\/wp\/v2\/product"}],"about":[{"href":"https:\/\/jeaninarat.com\/ro\/wp-json\/wp\/v2\/types\/product"}],"version-history":[{"count":6,"href":"https:\/\/jeaninarat.com\/ro\/wp-json\/wp\/v2\/product\/3139\/revisions"}],"predecessor-version":[{"id":4240,"href":"https:\/\/jeaninarat.com\/ro\/wp-json\/wp\/v2\/product\/3139\/revisions\/4240"}],"wp:featuredmedia":[{"embeddable":true,"href":"https:\/\/jeaninarat.com\/ro\/wp-json\/wp\/v2\/media\/1301"}],"wp:attachment":[{"href":"https:\/\/jeaninarat.com\/ro\/wp-json\/wp\/v2\/media?parent=3139"}],"wp:term":[{"taxonomy":"product_brand","embeddable":true,"href":"https:\/\/jeaninarat.com\/ro\/wp-json\/wp\/v2\/product_brand?post=3139"},{"taxonomy":"product_cat","embeddable":true,"href":"https:\/\/jeaninarat.com\/ro\/wp-json\/wp\/v2\/product_cat?post=3139"},{"taxonomy":"product_tag","embeddable":true,"href":"https:\/\/jeaninarat.com\/ro\/wp-json\/wp\/v2\/product_tag?post=3139"}],"curies":[{"name":"wp","href":"https:\/\/api.w.org\/{rel}","templated":true}]}}