{"id":2803,"date":"2023-05-13T12:57:49","date_gmt":"2023-05-13T12:57:49","guid":{"rendered":"https:\/\/jeaninarat.com\/?post_type=product&#038;p=2803"},"modified":"2024-12-11T17:14:12","modified_gmt":"2024-12-11T17:14:12","slug":"saint-john","status":"publish","type":"product","link":"https:\/\/jeaninarat.com\/ro\/produs\/saint-john\/","title":{"rendered":"Sf\u00e2ntul Ioan"},"content":{"rendered":"<p><span class=\"selectable-text copyable-text\">Isus mi-a spus c\u0103 sunt \u201ecel mai mare dintre cei n\u0103scu\u021bi din femeie\u201d<\/span><\/p>\n<p>Bun\u0103, sunt Sf\u00e2ntul Ioan, m\u0103 po\u021bi cunoa\u0219te \u0219i ca Ioan Botez\u0103torul. <span class=\"selectable-text copyable-text\">Sunt una dintre figurile centrale ale cre\u0219tinismului \u0219i islamului; predicator \u0219i botez\u0103tor pe malul r\u00e2ului Iordan; \u00eenaintemerg\u0103torul, vestitorul \u0219i botezatorul lui Isus. Biserica Cre\u0219tin\u0103 m\u0103 cinste\u0219te drept cel mai mare dintre sfin\u021bi, am trei s\u0103rb\u0103tori dedicate mie. 24 iunie - na\u0219terea mea (s\u0103rb\u0103toarea numit\u0103 Dr\u0103gaica sau S\u00e2nzienele), 7 ianuarie - ziua mea ca botez\u0103tor al Domnului \u0219i 29 august - t\u0103ierea capului Sf. Ioan - zi de post \u0219i rug\u0103ciune.<\/span><\/p>","protected":false},"excerpt":{"rendered":"<p>Produs disponibil<\/p>\n<p>Acrilic pe carton<\/p>\n<p>Size: 50 x 70 cm<\/p>\n<p>&nbsp;<\/p>","protected":false},"featured_media":1689,"template":"","meta":[],"product_brand":[],"product_cat":[16,47],"product_tag":[],"class_list":{"0":"post-2803","1":"product","2":"type-product","3":"status-publish","4":"has-post-thumbnail","6":"product_cat-originals","7":"product_cat-all-saints","9":"first","10":"instock","11":"shipping-taxable","12":"purchasable","13":"product-type-simple"},"yoast_head":"<!-- This site is optimized with the Yoast SEO plugin v25.9 - https:\/\/yoast.com\/wordpress\/plugins\/seo\/ -->\n<title>Saint John - Jeanina Ra\u021b<\/title>\n<meta name=\"robots\" content=\"index, follow, max-snippet:-1, max-image-preview:large, max-video-preview:-1\" \/>\n<link rel=\"canonical\" href=\"https:\/\/jeaninarat.com\/ro\/produs\/saint-john\/\" \/>\n<meta property=\"og:locale\" content=\"ro_RO\" \/>\n<meta property=\"og:type\" content=\"article\" \/>\n<meta property=\"og:title\" content=\"Saint John - Jeanina Ra\u021b\" \/>\n<meta property=\"og:description\" content=\"This artwork is available  Acrylic on cardboard  Size: 50 x 70 cm  &nbsp;\" \/>\n<meta property=\"og:url\" content=\"https:\/\/jeaninarat.com\/ro\/produs\/saint-john\/\" \/>\n<meta property=\"og:site_name\" content=\"Jeanina Ra\u021b\" \/>\n<meta property=\"article:modified_time\" content=\"2024-12-11T17:14:12+00:00\" \/>\n<meta property=\"og:image\" content=\"https:\/\/jeaninarat.com\/wp-content\/uploads\/2023\/02\/st-ioan-1.jpg\" \/>\n\t<meta property=\"og:image:width\" content=\"564\" \/>\n\t<meta property=\"og:image:height\" content=\"801\" \/>\n\t<meta property=\"og:image:type\" content=\"image\/jpeg\" \/>\n<meta name=\"twitter:card\" content=\"summary_large_image\" \/>\n<meta name=\"twitter:label1\" content=\"Timp estimat pentru citire\" \/>\n\t<meta name=\"twitter:data1\" content=\"1 minut\" \/>\n<script type=\"application\/ld+json\" class=\"yoast-schema-graph\">{\"@context\":\"https:\/\/schema.org\",\"@graph\":[{\"@type\":\"WebPage\",\"@id\":\"https:\/\/jeaninarat.com\/product\/saint-john\/\",\"url\":\"https:\/\/jeaninarat.com\/product\/saint-john\/\",\"name\":\"Saint John - Jeanina Ra\u021b\",\"isPartOf\":{\"@id\":\"https:\/\/jeaninarat.com\/#website\"},\"primaryImageOfPage\":{\"@id\":\"https:\/\/jeaninarat.com\/product\/saint-john\/#primaryimage\"},\"image\":{\"@id\":\"https:\/\/jeaninarat.com\/product\/saint-john\/#primaryimage\"},\"thumbnailUrl\":\"https:\/\/jeaninarat.com\/wp-content\/uploads\/2023\/02\/st-ioan-1.jpg\",\"datePublished\":\"2023-05-13T12:57:49+00:00\",\"dateModified\":\"2024-12-11T17:14:12+00:00\",\"breadcrumb\":{\"@id\":\"https:\/\/jeaninarat.com\/product\/saint-john\/#breadcrumb\"},\"inLanguage\":\"ro-RO\",\"potentialAction\":[{\"@type\":\"ReadAction\",\"target\":[\"https:\/\/jeaninarat.com\/product\/saint-john\/\"]}]},{\"@type\":\"ImageObject\",\"inLanguage\":\"ro-RO\",\"@id\":\"https:\/\/jeaninarat.com\/product\/saint-john\/#primaryimage\",\"url\":\"https:\/\/jeaninarat.com\/wp-content\/uploads\/2023\/02\/st-ioan-1.jpg\",\"contentUrl\":\"https:\/\/jeaninarat.com\/wp-content\/uploads\/2023\/02\/st-ioan-1.jpg\",\"width\":564,\"height\":801,\"caption\":\"Saint John\"},{\"@type\":\"BreadcrumbList\",\"@id\":\"https:\/\/jeaninarat.com\/product\/saint-john\/#breadcrumb\",\"itemListElement\":[{\"@type\":\"ListItem\",\"position\":1,\"name\":\"Home\",\"item\":\"https:\/\/jeaninarat.com\/\"},{\"@type\":\"ListItem\",\"position\":2,\"name\":\"Shop\",\"item\":\"https:\/\/jeaninarat.com\/shop\/\"},{\"@type\":\"ListItem\",\"position\":3,\"name\":\"Saint John\"}]},{\"@type\":\"WebSite\",\"@id\":\"https:\/\/jeaninarat.com\/#website\",\"url\":\"https:\/\/jeaninarat.com\/\",\"name\":\"Jeanina Ra\u021b\",\"description\":\"A contemporary Romanian artist, creative and passionate of symbols and stories.\",\"publisher\":{\"@id\":\"https:\/\/jeaninarat.com\/#organization\"},\"potentialAction\":[{\"@type\":\"SearchAction\",\"target\":{\"@type\":\"EntryPoint\",\"urlTemplate\":\"https:\/\/jeaninarat.com\/?s={search_term_string}\"},\"query-input\":{\"@type\":\"PropertyValueSpecification\",\"valueRequired\":true,\"valueName\":\"search_term_string\"}}],\"inLanguage\":\"ro-RO\"},{\"@type\":\"Organization\",\"@id\":\"https:\/\/jeaninarat.com\/#organization\",\"name\":\"Jeanina Ra\u021b\",\"url\":\"https:\/\/jeaninarat.com\/\",\"logo\":{\"@type\":\"ImageObject\",\"inLanguage\":\"ro-RO\",\"@id\":\"https:\/\/jeaninarat.com\/#\/schema\/logo\/image\/\",\"url\":\"https:\/\/jeaninarat.com\/wp-content\/uploads\/2023\/02\/logo-11-m-nou-1.png\",\"contentUrl\":\"https:\/\/jeaninarat.com\/wp-content\/uploads\/2023\/02\/logo-11-m-nou-1.png\",\"width\":197,\"height\":194,\"caption\":\"Jeanina Ra\u021b\"},\"image\":{\"@id\":\"https:\/\/jeaninarat.com\/#\/schema\/logo\/image\/\"}}]}<\/script>\n<!-- \/ Yoast SEO plugin. -->","yoast_head_json":{"title":"Saint John - Jeanina Ra\u021b","robots":{"index":"index","follow":"follow","max-snippet":"max-snippet:-1","max-image-preview":"max-image-preview:large","max-video-preview":"max-video-preview:-1"},"canonical":"https:\/\/jeaninarat.com\/ro\/produs\/saint-john\/","og_locale":"ro_RO","og_type":"article","og_title":"Saint John - Jeanina Ra\u021b","og_description":"This artwork is available  Acrylic on cardboard  Size: 50 x 70 cm  &nbsp;","og_url":"https:\/\/jeaninarat.com\/ro\/produs\/saint-john\/","og_site_name":"Jeanina Ra\u021b","article_modified_time":"2024-12-11T17:14:12+00:00","og_image":[{"width":564,"height":801,"url":"https:\/\/jeaninarat.com\/wp-content\/uploads\/2023\/02\/st-ioan-1.jpg","type":"image\/jpeg"}],"twitter_card":"summary_large_image","twitter_misc":{"Timp estimat pentru citire":"1 minut"},"schema":{"@context":"https:\/\/schema.org","@graph":[{"@type":"WebPage","@id":"https:\/\/jeaninarat.com\/product\/saint-john\/","url":"https:\/\/jeaninarat.com\/product\/saint-john\/","name":"Saint John - Jeanina Ra\u021b","isPartOf":{"@id":"https:\/\/jeaninarat.com\/#website"},"primaryImageOfPage":{"@id":"https:\/\/jeaninarat.com\/product\/saint-john\/#primaryimage"},"image":{"@id":"https:\/\/jeaninarat.com\/product\/saint-john\/#primaryimage"},"thumbnailUrl":"https:\/\/jeaninarat.com\/wp-content\/uploads\/2023\/02\/st-ioan-1.jpg","datePublished":"2023-05-13T12:57:49+00:00","dateModified":"2024-12-11T17:14:12+00:00","breadcrumb":{"@id":"https:\/\/jeaninarat.com\/product\/saint-john\/#breadcrumb"},"inLanguage":"ro-RO","potentialAction":[{"@type":"ReadAction","target":["https:\/\/jeaninarat.com\/product\/saint-john\/"]}]},{"@type":"ImageObject","inLanguage":"ro-RO","@id":"https:\/\/jeaninarat.com\/product\/saint-john\/#primaryimage","url":"https:\/\/jeaninarat.com\/wp-content\/uploads\/2023\/02\/st-ioan-1.jpg","contentUrl":"https:\/\/jeaninarat.com\/wp-content\/uploads\/2023\/02\/st-ioan-1.jpg","width":564,"height":801,"caption":"Saint John"},{"@type":"BreadcrumbList","@id":"https:\/\/jeaninarat.com\/product\/saint-john\/#breadcrumb","itemListElement":[{"@type":"ListItem","position":1,"name":"Home","item":"https:\/\/jeaninarat.com\/"},{"@type":"ListItem","position":2,"name":"Shop","item":"https:\/\/jeaninarat.com\/shop\/"},{"@type":"ListItem","position":3,"name":"Saint John"}]},{"@type":"WebSite","@id":"https:\/\/jeaninarat.com\/#website","url":"https:\/\/jeaninarat.com\/","name":"Jeanina Ra\u021b","description":"A contemporary Romanian artist, creative and passionate of symbols and stories.","publisher":{"@id":"https:\/\/jeaninarat.com\/#organization"},"potentialAction":[{"@type":"SearchAction","target":{"@type":"EntryPoint","urlTemplate":"https:\/\/jeaninarat.com\/?s={search_term_string}"},"query-input":{"@type":"PropertyValueSpecification","valueRequired":true,"valueName":"search_term_string"}}],"inLanguage":"ro-RO"},{"@type":"Organization","@id":"https:\/\/jeaninarat.com\/#organization","name":"Jeanina Ra\u021b","url":"https:\/\/jeaninarat.com\/","logo":{"@type":"ImageObject","inLanguage":"ro-RO","@id":"https:\/\/jeaninarat.com\/#\/schema\/logo\/image\/","url":"https:\/\/jeaninarat.com\/wp-content\/uploads\/2023\/02\/logo-11-m-nou-1.png","contentUrl":"https:\/\/jeaninarat.com\/wp-content\/uploads\/2023\/02\/logo-11-m-nou-1.png","width":197,"height":194,"caption":"Jeanina Ra\u021b"},"image":{"@id":"https:\/\/jeaninarat.com\/#\/schema\/logo\/image\/"}}]}},"_links":{"self":[{"href":"https:\/\/jeaninarat.com\/ro\/wp-json\/wp\/v2\/product\/2803","targetHints":{"allow":["GET"]}}],"collection":[{"href":"https:\/\/jeaninarat.com\/ro\/wp-json\/wp\/v2\/product"}],"about":[{"href":"https:\/\/jeaninarat.com\/ro\/wp-json\/wp\/v2\/types\/product"}],"version-history":[{"count":4,"href":"https:\/\/jeaninarat.com\/ro\/wp-json\/wp\/v2\/product\/2803\/revisions"}],"predecessor-version":[{"id":3485,"href":"https:\/\/jeaninarat.com\/ro\/wp-json\/wp\/v2\/product\/2803\/revisions\/3485"}],"wp:featuredmedia":[{"embeddable":true,"href":"https:\/\/jeaninarat.com\/ro\/wp-json\/wp\/v2\/media\/1689"}],"wp:attachment":[{"href":"https:\/\/jeaninarat.com\/ro\/wp-json\/wp\/v2\/media?parent=2803"}],"wp:term":[{"taxonomy":"product_brand","embeddable":true,"href":"https:\/\/jeaninarat.com\/ro\/wp-json\/wp\/v2\/product_brand?post=2803"},{"taxonomy":"product_cat","embeddable":true,"href":"https:\/\/jeaninarat.com\/ro\/wp-json\/wp\/v2\/product_cat?post=2803"},{"taxonomy":"product_tag","embeddable":true,"href":"https:\/\/jeaninarat.com\/ro\/wp-json\/wp\/v2\/product_tag?post=2803"}],"curies":[{"name":"wp","href":"https:\/\/api.w.org\/{rel}","templated":true}]}}