{"id":2801,"date":"2023-05-13T12:34:02","date_gmt":"2023-05-13T12:34:02","guid":{"rendered":"https:\/\/jeaninarat.com\/?post_type=product&#038;p=2801"},"modified":"2024-12-11T17:14:28","modified_gmt":"2024-12-11T17:14:28","slug":"saint-basil","status":"publish","type":"product","link":"https:\/\/jeaninarat.com\/ro\/produs\/saint-basil\/","title":{"rendered":"Sf\u00e2ntul Vasile"},"content":{"rendered":"<p><span class=\"selectable-text copyable-text\">Salutare, oameni buni! Sunt Sf\u00e2ntul Vasile, unii m\u0103 cunoa\u0219te\u021bi \u0219i ca Vasile cel Mare. M-am n\u0103scut \u00een Pont \u00een jurul anului 329 \u0219i am murit \u00een Cezareea la 1 ianuarie 379. V\u0103 mul\u021bumesc, oameni buni, c\u0103 m\u0103 s\u0103rb\u0103tori\u021bi \u00een aceast\u0103 dat\u0103 \u00een fiecare an. Pe l\u00e2ng\u0103 munca mea de teolog, eram cunoscut pentru grija mea fa\u021b\u0103 de oamenii s\u0103raci \u0219i defavoriza\u021bi.\u00a0<\/span><\/p>\n<p><span class=\"selectable-text copyable-text\">Prin bun\u0103tatea mea am fost sf\u0103tuitor, profesor, c\u0103l\u0103uz\u0103 c\u0103tre lucrurile cere\u0219ti, pe care le-am interpretat cu brio. Sufletul meu a fost inspirat de dragostea mea pentru Dumnezeu, am creat Sf\u00e2nta Liturghie \u0219i Rug\u0103ciunile Speciale pentru Iertarea p\u0103catelor \u0219i, dincolo de orice controvers\u0103 cu privire la paternitate, unitatea spiritului care le anim\u0103 este evident\u0103.<\/span><\/p>\n<p><span class=\"selectable-text copyable-text\">Pe vremea mea am fost, \u0219i v\u0103 promit c\u0103 voi fi \u00een continuare un \u201est\u00e2lp al Ortodoxiei\u201d.<\/span><\/p>","protected":false},"excerpt":{"rendered":"<p>Produs disponibil<\/p>\n<p>Acrilic pe carton<\/p>\n<p>Size: 50 x 70 cm<\/p>\n<p>&nbsp;<\/p>","protected":false},"featured_media":1690,"template":"","meta":[],"product_brand":[],"product_cat":[16,47],"product_tag":[83,84,82],"class_list":{"0":"post-2801","1":"product","2":"type-product","3":"status-publish","4":"has-post-thumbnail","6":"product_cat-originals","7":"product_cat-all-saints","8":"product_tag-basil","9":"product_tag-ortodox","10":"product_tag-saint","12":"first","13":"instock","14":"shipping-taxable","15":"purchasable","16":"product-type-simple"},"yoast_head":"<!-- This site is optimized with the Yoast SEO plugin v25.9 - https:\/\/yoast.com\/wordpress\/plugins\/seo\/ -->\n<title>Saint Basil - Jeanina Ra\u021b<\/title>\n<meta name=\"robots\" content=\"index, follow, max-snippet:-1, max-image-preview:large, max-video-preview:-1\" \/>\n<link rel=\"canonical\" href=\"https:\/\/jeaninarat.com\/ro\/produs\/saint-basil\/\" \/>\n<meta property=\"og:locale\" content=\"ro_RO\" \/>\n<meta property=\"og:type\" content=\"article\" \/>\n<meta property=\"og:title\" content=\"Saint Basil - Jeanina Ra\u021b\" \/>\n<meta property=\"og:description\" content=\"This artwork is available  Acrylic on cardboard  Size: 50 x 70 cm  &nbsp;\" \/>\n<meta property=\"og:url\" content=\"https:\/\/jeaninarat.com\/ro\/produs\/saint-basil\/\" \/>\n<meta property=\"og:site_name\" content=\"Jeanina Ra\u021b\" \/>\n<meta property=\"article:modified_time\" content=\"2024-12-11T17:14:28+00:00\" \/>\n<meta property=\"og:image\" content=\"https:\/\/jeaninarat.com\/wp-content\/uploads\/2023\/02\/st-vasile.jpg\" \/>\n\t<meta property=\"og:image:width\" content=\"563\" \/>\n\t<meta property=\"og:image:height\" content=\"832\" \/>\n\t<meta property=\"og:image:type\" content=\"image\/jpeg\" \/>\n<meta name=\"twitter:card\" content=\"summary_large_image\" \/>\n<meta name=\"twitter:label1\" content=\"Timp estimat pentru citire\" \/>\n\t<meta name=\"twitter:data1\" content=\"1 minut\" \/>\n<script type=\"application\/ld+json\" class=\"yoast-schema-graph\">{\"@context\":\"https:\/\/schema.org\",\"@graph\":[{\"@type\":\"WebPage\",\"@id\":\"https:\/\/jeaninarat.com\/product\/saint-basil\/\",\"url\":\"https:\/\/jeaninarat.com\/product\/saint-basil\/\",\"name\":\"Saint Basil - Jeanina Ra\u021b\",\"isPartOf\":{\"@id\":\"https:\/\/jeaninarat.com\/#website\"},\"primaryImageOfPage\":{\"@id\":\"https:\/\/jeaninarat.com\/product\/saint-basil\/#primaryimage\"},\"image\":{\"@id\":\"https:\/\/jeaninarat.com\/product\/saint-basil\/#primaryimage\"},\"thumbnailUrl\":\"https:\/\/jeaninarat.com\/wp-content\/uploads\/2023\/02\/st-vasile.jpg\",\"datePublished\":\"2023-05-13T12:34:02+00:00\",\"dateModified\":\"2024-12-11T17:14:28+00:00\",\"breadcrumb\":{\"@id\":\"https:\/\/jeaninarat.com\/product\/saint-basil\/#breadcrumb\"},\"inLanguage\":\"ro-RO\",\"potentialAction\":[{\"@type\":\"ReadAction\",\"target\":[\"https:\/\/jeaninarat.com\/product\/saint-basil\/\"]}]},{\"@type\":\"ImageObject\",\"inLanguage\":\"ro-RO\",\"@id\":\"https:\/\/jeaninarat.com\/product\/saint-basil\/#primaryimage\",\"url\":\"https:\/\/jeaninarat.com\/wp-content\/uploads\/2023\/02\/st-vasile.jpg\",\"contentUrl\":\"https:\/\/jeaninarat.com\/wp-content\/uploads\/2023\/02\/st-vasile.jpg\",\"width\":563,\"height\":832,\"caption\":\"Saint Basil the Great\"},{\"@type\":\"BreadcrumbList\",\"@id\":\"https:\/\/jeaninarat.com\/product\/saint-basil\/#breadcrumb\",\"itemListElement\":[{\"@type\":\"ListItem\",\"position\":1,\"name\":\"Home\",\"item\":\"https:\/\/jeaninarat.com\/\"},{\"@type\":\"ListItem\",\"position\":2,\"name\":\"Shop\",\"item\":\"https:\/\/jeaninarat.com\/shop\/\"},{\"@type\":\"ListItem\",\"position\":3,\"name\":\"Saint Basil\"}]},{\"@type\":\"WebSite\",\"@id\":\"https:\/\/jeaninarat.com\/#website\",\"url\":\"https:\/\/jeaninarat.com\/\",\"name\":\"Jeanina Ra\u021b\",\"description\":\"A contemporary Romanian artist, creative and passionate of symbols and stories.\",\"publisher\":{\"@id\":\"https:\/\/jeaninarat.com\/#organization\"},\"potentialAction\":[{\"@type\":\"SearchAction\",\"target\":{\"@type\":\"EntryPoint\",\"urlTemplate\":\"https:\/\/jeaninarat.com\/?s={search_term_string}\"},\"query-input\":{\"@type\":\"PropertyValueSpecification\",\"valueRequired\":true,\"valueName\":\"search_term_string\"}}],\"inLanguage\":\"ro-RO\"},{\"@type\":\"Organization\",\"@id\":\"https:\/\/jeaninarat.com\/#organization\",\"name\":\"Jeanina Ra\u021b\",\"url\":\"https:\/\/jeaninarat.com\/\",\"logo\":{\"@type\":\"ImageObject\",\"inLanguage\":\"ro-RO\",\"@id\":\"https:\/\/jeaninarat.com\/#\/schema\/logo\/image\/\",\"url\":\"https:\/\/jeaninarat.com\/wp-content\/uploads\/2023\/02\/logo-11-m-nou-1.png\",\"contentUrl\":\"https:\/\/jeaninarat.com\/wp-content\/uploads\/2023\/02\/logo-11-m-nou-1.png\",\"width\":197,\"height\":194,\"caption\":\"Jeanina Ra\u021b\"},\"image\":{\"@id\":\"https:\/\/jeaninarat.com\/#\/schema\/logo\/image\/\"}}]}<\/script>\n<!-- \/ Yoast SEO plugin. -->","yoast_head_json":{"title":"Saint Basil - Jeanina Ra\u021b","robots":{"index":"index","follow":"follow","max-snippet":"max-snippet:-1","max-image-preview":"max-image-preview:large","max-video-preview":"max-video-preview:-1"},"canonical":"https:\/\/jeaninarat.com\/ro\/produs\/saint-basil\/","og_locale":"ro_RO","og_type":"article","og_title":"Saint Basil - Jeanina Ra\u021b","og_description":"This artwork is available  Acrylic on cardboard  Size: 50 x 70 cm  &nbsp;","og_url":"https:\/\/jeaninarat.com\/ro\/produs\/saint-basil\/","og_site_name":"Jeanina Ra\u021b","article_modified_time":"2024-12-11T17:14:28+00:00","og_image":[{"width":563,"height":832,"url":"https:\/\/jeaninarat.com\/wp-content\/uploads\/2023\/02\/st-vasile.jpg","type":"image\/jpeg"}],"twitter_card":"summary_large_image","twitter_misc":{"Timp estimat pentru citire":"1 minut"},"schema":{"@context":"https:\/\/schema.org","@graph":[{"@type":"WebPage","@id":"https:\/\/jeaninarat.com\/product\/saint-basil\/","url":"https:\/\/jeaninarat.com\/product\/saint-basil\/","name":"Saint Basil - Jeanina Ra\u021b","isPartOf":{"@id":"https:\/\/jeaninarat.com\/#website"},"primaryImageOfPage":{"@id":"https:\/\/jeaninarat.com\/product\/saint-basil\/#primaryimage"},"image":{"@id":"https:\/\/jeaninarat.com\/product\/saint-basil\/#primaryimage"},"thumbnailUrl":"https:\/\/jeaninarat.com\/wp-content\/uploads\/2023\/02\/st-vasile.jpg","datePublished":"2023-05-13T12:34:02+00:00","dateModified":"2024-12-11T17:14:28+00:00","breadcrumb":{"@id":"https:\/\/jeaninarat.com\/product\/saint-basil\/#breadcrumb"},"inLanguage":"ro-RO","potentialAction":[{"@type":"ReadAction","target":["https:\/\/jeaninarat.com\/product\/saint-basil\/"]}]},{"@type":"ImageObject","inLanguage":"ro-RO","@id":"https:\/\/jeaninarat.com\/product\/saint-basil\/#primaryimage","url":"https:\/\/jeaninarat.com\/wp-content\/uploads\/2023\/02\/st-vasile.jpg","contentUrl":"https:\/\/jeaninarat.com\/wp-content\/uploads\/2023\/02\/st-vasile.jpg","width":563,"height":832,"caption":"Saint Basil the Great"},{"@type":"BreadcrumbList","@id":"https:\/\/jeaninarat.com\/product\/saint-basil\/#breadcrumb","itemListElement":[{"@type":"ListItem","position":1,"name":"Home","item":"https:\/\/jeaninarat.com\/"},{"@type":"ListItem","position":2,"name":"Shop","item":"https:\/\/jeaninarat.com\/shop\/"},{"@type":"ListItem","position":3,"name":"Saint Basil"}]},{"@type":"WebSite","@id":"https:\/\/jeaninarat.com\/#website","url":"https:\/\/jeaninarat.com\/","name":"Jeanina Ra\u021b","description":"A contemporary Romanian artist, creative and passionate of symbols and stories.","publisher":{"@id":"https:\/\/jeaninarat.com\/#organization"},"potentialAction":[{"@type":"SearchAction","target":{"@type":"EntryPoint","urlTemplate":"https:\/\/jeaninarat.com\/?s={search_term_string}"},"query-input":{"@type":"PropertyValueSpecification","valueRequired":true,"valueName":"search_term_string"}}],"inLanguage":"ro-RO"},{"@type":"Organization","@id":"https:\/\/jeaninarat.com\/#organization","name":"Jeanina Ra\u021b","url":"https:\/\/jeaninarat.com\/","logo":{"@type":"ImageObject","inLanguage":"ro-RO","@id":"https:\/\/jeaninarat.com\/#\/schema\/logo\/image\/","url":"https:\/\/jeaninarat.com\/wp-content\/uploads\/2023\/02\/logo-11-m-nou-1.png","contentUrl":"https:\/\/jeaninarat.com\/wp-content\/uploads\/2023\/02\/logo-11-m-nou-1.png","width":197,"height":194,"caption":"Jeanina Ra\u021b"},"image":{"@id":"https:\/\/jeaninarat.com\/#\/schema\/logo\/image\/"}}]}},"_links":{"self":[{"href":"https:\/\/jeaninarat.com\/ro\/wp-json\/wp\/v2\/product\/2801","targetHints":{"allow":["GET"]}}],"collection":[{"href":"https:\/\/jeaninarat.com\/ro\/wp-json\/wp\/v2\/product"}],"about":[{"href":"https:\/\/jeaninarat.com\/ro\/wp-json\/wp\/v2\/types\/product"}],"version-history":[{"count":4,"href":"https:\/\/jeaninarat.com\/ro\/wp-json\/wp\/v2\/product\/2801\/revisions"}],"predecessor-version":[{"id":3486,"href":"https:\/\/jeaninarat.com\/ro\/wp-json\/wp\/v2\/product\/2801\/revisions\/3486"}],"wp:featuredmedia":[{"embeddable":true,"href":"https:\/\/jeaninarat.com\/ro\/wp-json\/wp\/v2\/media\/1690"}],"wp:attachment":[{"href":"https:\/\/jeaninarat.com\/ro\/wp-json\/wp\/v2\/media?parent=2801"}],"wp:term":[{"taxonomy":"product_brand","embeddable":true,"href":"https:\/\/jeaninarat.com\/ro\/wp-json\/wp\/v2\/product_brand?post=2801"},{"taxonomy":"product_cat","embeddable":true,"href":"https:\/\/jeaninarat.com\/ro\/wp-json\/wp\/v2\/product_cat?post=2801"},{"taxonomy":"product_tag","embeddable":true,"href":"https:\/\/jeaninarat.com\/ro\/wp-json\/wp\/v2\/product_tag?post=2801"}],"curies":[{"name":"wp","href":"https:\/\/api.w.org\/{rel}","templated":true}]}}