{"id":2672,"date":"2023-05-01T16:30:42","date_gmt":"2023-05-01T16:30:42","guid":{"rendered":"https:\/\/jeaninarat.com\/?post_type=product&#038;p=2672"},"modified":"2025-09-15T18:00:55","modified_gmt":"2025-09-15T18:00:55","slug":"white-shambala-2","status":"publish","type":"product","link":"https:\/\/jeaninarat.com\/ro\/produs\/white-shambala-2\/","title":{"rendered":"White Shambala Print"},"content":{"rendered":"<p><b>PRINT: H\u00c2RTIE\/P\u00c2NZ\u0102<\/b><\/p>\n<p><strong>EDITIE LIMITAT\u0102<\/strong><br \/>\nPrinturile sunt realizate folosind h\u00e2rtie de art\u0103, bumbac 100% pe baz\u0103 de fibre \u2013 Breathing Color sau Hahnem\u00fchle \u0219i pigmen\u021bi de arhiv\u0103 cu o durat\u0103 de via\u021b\u0103 de peste 80 de ani, f\u0103r\u0103 decolorare. Pentru a avea cele mai bune rezultate \u0219i calitate procesul de imprimare folosit este gicl\u00e9e.<\/p>\n<p>Printurile sunt semnate \u0219i autentificate prin semn\u0103tura personal\u0103 a artistului \u0219i numerotate pe spatele printului. Pentru a asigura o durat\u0103 lung\u0103 de via\u021b\u0103 printurilor, v\u0103 recomand\u0103m s\u0103 proteja\u021bi printul cu o sticl\u0103 cu protec\u021bie anti-UV sau s\u0103-l pozi\u021biona\u021bi departe de lumina direct\u0103 a soarelui.<\/p>\n<p>Pentru dimensiuni mai mari sau print pe panz\u0103 cu sa\u0219iu v\u0103 rug\u0103m s\u0103 ne contacta\u021bi.<\/p>\n<p>Imaginea cu printul inr\u0103mat are doar rol de prezentare.<\/p>","protected":false},"excerpt":{"rendered":"<p>Edi\u021bie limitat\u0103 de 50 reproduceri<\/p>\n<p>V\u0103 rug\u0103m selecta\u021bi dimensiunea. Pentru alte dimensiuni v\u0103 rug\u0103m sa ne transmiteti cererea dumneavoastr\u0103 prin formularul de contact.<\/p>","protected":false},"featured_media":2673,"template":"","meta":[],"product_brand":[],"product_cat":[18,53],"product_tag":[62,64,63],"class_list":{"0":"post-2672","1":"product","2":"type-product","3":"status-publish","4":"has-post-thumbnail","6":"product_cat-giclee-prints","7":"product_cat-symbols-giclee-prints","8":"product_tag-shambala","9":"product_tag-tibet","10":"product_tag-white","12":"first","13":"instock","14":"shipping-taxable","15":"purchasable","16":"product-type-variable"},"yoast_head":"<!-- This site is optimized with the Yoast SEO plugin v25.9 - https:\/\/yoast.com\/wordpress\/plugins\/seo\/ -->\n<title>White Shambala Print - Jeanina Ra\u021b<\/title>\n<meta name=\"robots\" content=\"index, follow, max-snippet:-1, max-image-preview:large, max-video-preview:-1\" \/>\n<link rel=\"canonical\" href=\"https:\/\/jeaninarat.com\/ro\/produs\/white-shambala-2\/\" \/>\n<meta property=\"og:locale\" content=\"ro_RO\" \/>\n<meta property=\"og:type\" content=\"article\" \/>\n<meta property=\"og:title\" content=\"White Shambala Print - Jeanina Ra\u021b\" \/>\n<meta property=\"og:description\" content=\"Limited series of 50 reproductions.  Please select the size. For any other dimension please send us your request via contact form.\" \/>\n<meta property=\"og:url\" content=\"https:\/\/jeaninarat.com\/ro\/produs\/white-shambala-2\/\" \/>\n<meta property=\"og:site_name\" content=\"Jeanina Ra\u021b\" \/>\n<meta property=\"article:modified_time\" content=\"2025-09-15T18:00:55+00:00\" \/>\n<meta property=\"og:image\" content=\"https:\/\/jeaninarat.com\/wp-content\/uploads\/2023\/05\/shambala.jpg\" \/>\n\t<meta property=\"og:image:width\" content=\"1240\" \/>\n\t<meta property=\"og:image:height\" content=\"1033\" \/>\n\t<meta property=\"og:image:type\" content=\"image\/jpeg\" \/>\n<meta name=\"twitter:card\" content=\"summary_large_image\" \/>\n<meta name=\"twitter:label1\" content=\"Timp estimat pentru citire\" \/>\n\t<meta name=\"twitter:data1\" content=\"1 minut\" \/>\n<script type=\"application\/ld+json\" class=\"yoast-schema-graph\">{\"@context\":\"https:\/\/schema.org\",\"@graph\":[{\"@type\":\"WebPage\",\"@id\":\"https:\/\/jeaninarat.com\/product\/white-shambala-2\/\",\"url\":\"https:\/\/jeaninarat.com\/product\/white-shambala-2\/\",\"name\":\"White Shambala Print - Jeanina Ra\u021b\",\"isPartOf\":{\"@id\":\"https:\/\/jeaninarat.com\/#website\"},\"primaryImageOfPage\":{\"@id\":\"https:\/\/jeaninarat.com\/product\/white-shambala-2\/#primaryimage\"},\"image\":{\"@id\":\"https:\/\/jeaninarat.com\/product\/white-shambala-2\/#primaryimage\"},\"thumbnailUrl\":\"https:\/\/jeaninarat.com\/wp-content\/uploads\/2023\/05\/shambala.jpg\",\"datePublished\":\"2023-05-01T16:30:42+00:00\",\"dateModified\":\"2025-09-15T18:00:55+00:00\",\"breadcrumb\":{\"@id\":\"https:\/\/jeaninarat.com\/product\/white-shambala-2\/#breadcrumb\"},\"inLanguage\":\"ro-RO\",\"potentialAction\":[{\"@type\":\"ReadAction\",\"target\":[\"https:\/\/jeaninarat.com\/product\/white-shambala-2\/\"]}]},{\"@type\":\"ImageObject\",\"inLanguage\":\"ro-RO\",\"@id\":\"https:\/\/jeaninarat.com\/product\/white-shambala-2\/#primaryimage\",\"url\":\"https:\/\/jeaninarat.com\/wp-content\/uploads\/2023\/05\/shambala.jpg\",\"contentUrl\":\"https:\/\/jeaninarat.com\/wp-content\/uploads\/2023\/05\/shambala.jpg\",\"width\":1240,\"height\":1033},{\"@type\":\"BreadcrumbList\",\"@id\":\"https:\/\/jeaninarat.com\/product\/white-shambala-2\/#breadcrumb\",\"itemListElement\":[{\"@type\":\"ListItem\",\"position\":1,\"name\":\"Home\",\"item\":\"https:\/\/jeaninarat.com\/\"},{\"@type\":\"ListItem\",\"position\":2,\"name\":\"Shop\",\"item\":\"https:\/\/jeaninarat.com\/shop\/\"},{\"@type\":\"ListItem\",\"position\":3,\"name\":\"White Shambala Print\"}]},{\"@type\":\"WebSite\",\"@id\":\"https:\/\/jeaninarat.com\/#website\",\"url\":\"https:\/\/jeaninarat.com\/\",\"name\":\"Jeanina Ra\u021b\",\"description\":\"A contemporary Romanian artist, creative and passionate of symbols and stories.\",\"publisher\":{\"@id\":\"https:\/\/jeaninarat.com\/#organization\"},\"potentialAction\":[{\"@type\":\"SearchAction\",\"target\":{\"@type\":\"EntryPoint\",\"urlTemplate\":\"https:\/\/jeaninarat.com\/?s={search_term_string}\"},\"query-input\":{\"@type\":\"PropertyValueSpecification\",\"valueRequired\":true,\"valueName\":\"search_term_string\"}}],\"inLanguage\":\"ro-RO\"},{\"@type\":\"Organization\",\"@id\":\"https:\/\/jeaninarat.com\/#organization\",\"name\":\"Jeanina Ra\u021b\",\"url\":\"https:\/\/jeaninarat.com\/\",\"logo\":{\"@type\":\"ImageObject\",\"inLanguage\":\"ro-RO\",\"@id\":\"https:\/\/jeaninarat.com\/#\/schema\/logo\/image\/\",\"url\":\"https:\/\/jeaninarat.com\/wp-content\/uploads\/2023\/02\/logo-11-m-nou-1.png\",\"contentUrl\":\"https:\/\/jeaninarat.com\/wp-content\/uploads\/2023\/02\/logo-11-m-nou-1.png\",\"width\":197,\"height\":194,\"caption\":\"Jeanina Ra\u021b\"},\"image\":{\"@id\":\"https:\/\/jeaninarat.com\/#\/schema\/logo\/image\/\"}}]}<\/script>\n<!-- \/ Yoast SEO plugin. -->","yoast_head_json":{"title":"White Shambala Print - Jeanina Ra\u021b","robots":{"index":"index","follow":"follow","max-snippet":"max-snippet:-1","max-image-preview":"max-image-preview:large","max-video-preview":"max-video-preview:-1"},"canonical":"https:\/\/jeaninarat.com\/ro\/produs\/white-shambala-2\/","og_locale":"ro_RO","og_type":"article","og_title":"White Shambala Print - Jeanina Ra\u021b","og_description":"Limited series of 50 reproductions.  Please select the size. For any other dimension please send us your request via contact form.","og_url":"https:\/\/jeaninarat.com\/ro\/produs\/white-shambala-2\/","og_site_name":"Jeanina Ra\u021b","article_modified_time":"2025-09-15T18:00:55+00:00","og_image":[{"width":1240,"height":1033,"url":"https:\/\/jeaninarat.com\/wp-content\/uploads\/2023\/05\/shambala.jpg","type":"image\/jpeg"}],"twitter_card":"summary_large_image","twitter_misc":{"Timp estimat pentru citire":"1 minut"},"schema":{"@context":"https:\/\/schema.org","@graph":[{"@type":"WebPage","@id":"https:\/\/jeaninarat.com\/product\/white-shambala-2\/","url":"https:\/\/jeaninarat.com\/product\/white-shambala-2\/","name":"White Shambala Print - Jeanina Ra\u021b","isPartOf":{"@id":"https:\/\/jeaninarat.com\/#website"},"primaryImageOfPage":{"@id":"https:\/\/jeaninarat.com\/product\/white-shambala-2\/#primaryimage"},"image":{"@id":"https:\/\/jeaninarat.com\/product\/white-shambala-2\/#primaryimage"},"thumbnailUrl":"https:\/\/jeaninarat.com\/wp-content\/uploads\/2023\/05\/shambala.jpg","datePublished":"2023-05-01T16:30:42+00:00","dateModified":"2025-09-15T18:00:55+00:00","breadcrumb":{"@id":"https:\/\/jeaninarat.com\/product\/white-shambala-2\/#breadcrumb"},"inLanguage":"ro-RO","potentialAction":[{"@type":"ReadAction","target":["https:\/\/jeaninarat.com\/product\/white-shambala-2\/"]}]},{"@type":"ImageObject","inLanguage":"ro-RO","@id":"https:\/\/jeaninarat.com\/product\/white-shambala-2\/#primaryimage","url":"https:\/\/jeaninarat.com\/wp-content\/uploads\/2023\/05\/shambala.jpg","contentUrl":"https:\/\/jeaninarat.com\/wp-content\/uploads\/2023\/05\/shambala.jpg","width":1240,"height":1033},{"@type":"BreadcrumbList","@id":"https:\/\/jeaninarat.com\/product\/white-shambala-2\/#breadcrumb","itemListElement":[{"@type":"ListItem","position":1,"name":"Home","item":"https:\/\/jeaninarat.com\/"},{"@type":"ListItem","position":2,"name":"Shop","item":"https:\/\/jeaninarat.com\/shop\/"},{"@type":"ListItem","position":3,"name":"White Shambala Print"}]},{"@type":"WebSite","@id":"https:\/\/jeaninarat.com\/#website","url":"https:\/\/jeaninarat.com\/","name":"Jeanina Ra\u021b","description":"A contemporary Romanian artist, creative and passionate of symbols and stories.","publisher":{"@id":"https:\/\/jeaninarat.com\/#organization"},"potentialAction":[{"@type":"SearchAction","target":{"@type":"EntryPoint","urlTemplate":"https:\/\/jeaninarat.com\/?s={search_term_string}"},"query-input":{"@type":"PropertyValueSpecification","valueRequired":true,"valueName":"search_term_string"}}],"inLanguage":"ro-RO"},{"@type":"Organization","@id":"https:\/\/jeaninarat.com\/#organization","name":"Jeanina Ra\u021b","url":"https:\/\/jeaninarat.com\/","logo":{"@type":"ImageObject","inLanguage":"ro-RO","@id":"https:\/\/jeaninarat.com\/#\/schema\/logo\/image\/","url":"https:\/\/jeaninarat.com\/wp-content\/uploads\/2023\/02\/logo-11-m-nou-1.png","contentUrl":"https:\/\/jeaninarat.com\/wp-content\/uploads\/2023\/02\/logo-11-m-nou-1.png","width":197,"height":194,"caption":"Jeanina Ra\u021b"},"image":{"@id":"https:\/\/jeaninarat.com\/#\/schema\/logo\/image\/"}}]}},"_links":{"self":[{"href":"https:\/\/jeaninarat.com\/ro\/wp-json\/wp\/v2\/product\/2672","targetHints":{"allow":["GET"]}}],"collection":[{"href":"https:\/\/jeaninarat.com\/ro\/wp-json\/wp\/v2\/product"}],"about":[{"href":"https:\/\/jeaninarat.com\/ro\/wp-json\/wp\/v2\/types\/product"}],"version-history":[{"count":8,"href":"https:\/\/jeaninarat.com\/ro\/wp-json\/wp\/v2\/product\/2672\/revisions"}],"predecessor-version":[{"id":3509,"href":"https:\/\/jeaninarat.com\/ro\/wp-json\/wp\/v2\/product\/2672\/revisions\/3509"}],"wp:featuredmedia":[{"embeddable":true,"href":"https:\/\/jeaninarat.com\/ro\/wp-json\/wp\/v2\/media\/2673"}],"wp:attachment":[{"href":"https:\/\/jeaninarat.com\/ro\/wp-json\/wp\/v2\/media?parent=2672"}],"wp:term":[{"taxonomy":"product_brand","embeddable":true,"href":"https:\/\/jeaninarat.com\/ro\/wp-json\/wp\/v2\/product_brand?post=2672"},{"taxonomy":"product_cat","embeddable":true,"href":"https:\/\/jeaninarat.com\/ro\/wp-json\/wp\/v2\/product_cat?post=2672"},{"taxonomy":"product_tag","embeddable":true,"href":"https:\/\/jeaninarat.com\/ro\/wp-json\/wp\/v2\/product_tag?post=2672"}],"curies":[{"name":"wp","href":"https:\/\/api.w.org\/{rel}","templated":true}]}}