{"id":2613,"date":"2023-04-22T17:40:05","date_gmt":"2023-04-22T17:40:05","guid":{"rendered":"https:\/\/jeaninarat.com\/?post_type=product&#038;p=2613"},"modified":"2025-09-15T17:48:32","modified_gmt":"2025-09-15T17:48:32","slug":"tv-fish","status":"publish","type":"product","link":"https:\/\/jeaninarat.com\/ro\/produs\/tv-fish\/","title":{"rendered":"TV Fish"},"content":{"rendered":"<p>Eu nu am nevoie de nicio prezentare. Toat\u0103 lumea m\u0103 cunoa\u0219te. Sunt o celebritate sau cel pu\u021bin am fost... de zeci de ani...<br \/>\nPentru cei mai tineri dintre voi, am fost vedeta anilor 70-80. Superstarul. Cr\u00e8me de la cr\u00e8me. Cred c\u0103 am fost \u00een casele tuturor rom\u00e2nilor. Toat\u0103 lumea m-a cunoscut, m-a iubit, m-a simpatizat. Am fost la locul de cinste \u00een fiecare sufragerie. Erau m\u00e2ndri de mine. \u00centotdeauna a\u0219ezat pe un piedestal de lemn, uneori animat seara de imagini alb-negru cu mi\u0219care rapid\u0103. Asta p\u00e2n\u0103 la un moment dat, c\u00e2nd, brusc, faima mea a \u00eenceput s\u0103 se estompeze. At\u00e2t de puternic, \u00eenc\u00e2t aproape am disp\u0103rut. Oricum, nu cred c\u0103 mi-a\u0219 fi g\u0103sit locul \u00een aceste zile. Chiar \u0219i piedestalul din lemn a fost \u00eenlocuit cu o fereastr\u0103 colorat\u0103 din ce \u00een ce mai sub\u021bire. P\u00e2n\u0103 la urm\u0103, nu vreau s\u0103 m\u0103 pl\u00e2ng, doar spun. Ar trebui s\u0103 fie faima mea ca moda? \u00cemi voi g\u0103si din nou locul \u00een sufletele oamenilor?\n Ahhh, am uitat s\u0103 m\u0103 prezint. Eu sunt pe\u0219tele de pe televizor.<\/p>","protected":false},"excerpt":{"rendered":"<p>Produs disponibil<\/p>\n<p>Acrilic pe p\u00e2nz\u0103<\/p>\n<p>Size: 40 x 50 x 2 cm<\/p>\n<p>&nbsp;<\/p>","protected":false},"featured_media":2612,"template":"","meta":[],"product_brand":[],"product_cat":[16,46],"product_tag":[],"class_list":{"0":"post-2613","1":"product","2":"type-product","3":"status-publish","4":"has-post-thumbnail","6":"product_cat-originals","7":"product_cat-apartment-95","9":"first","10":"instock","11":"shipping-taxable","12":"purchasable","13":"product-type-simple"},"yoast_head":"<!-- This site is optimized with the Yoast SEO plugin v25.9 - https:\/\/yoast.com\/wordpress\/plugins\/seo\/ -->\n<title>TV Fish - Jeanina Ra\u021b<\/title>\n<meta name=\"robots\" content=\"index, follow, max-snippet:-1, max-image-preview:large, max-video-preview:-1\" \/>\n<link rel=\"canonical\" href=\"https:\/\/jeaninarat.com\/ro\/produs\/tv-fish\/\" \/>\n<meta property=\"og:locale\" content=\"ro_RO\" \/>\n<meta property=\"og:type\" content=\"article\" \/>\n<meta property=\"og:title\" content=\"TV Fish - Jeanina Ra\u021b\" \/>\n<meta property=\"og:description\" content=\"This artwork is available  Acrylic on canvas  Size: 40 x 50 x 2 cm  &nbsp;\" \/>\n<meta property=\"og:url\" content=\"https:\/\/jeaninarat.com\/ro\/produs\/tv-fish\/\" \/>\n<meta property=\"og:site_name\" content=\"Jeanina Ra\u021b\" \/>\n<meta property=\"article:modified_time\" content=\"2025-09-15T17:48:32+00:00\" \/>\n<meta property=\"og:image\" content=\"https:\/\/jeaninarat.com\/wp-content\/uploads\/2023\/04\/Fish-x.jpg\" \/>\n\t<meta property=\"og:image:width\" content=\"1093\" \/>\n\t<meta property=\"og:image:height\" content=\"856\" \/>\n\t<meta property=\"og:image:type\" content=\"image\/jpeg\" \/>\n<meta name=\"twitter:card\" content=\"summary_large_image\" \/>\n<meta name=\"twitter:label1\" content=\"Timp estimat pentru citire\" \/>\n\t<meta name=\"twitter:data1\" content=\"1 minut\" \/>\n<script type=\"application\/ld+json\" class=\"yoast-schema-graph\">{\"@context\":\"https:\/\/schema.org\",\"@graph\":[{\"@type\":\"WebPage\",\"@id\":\"https:\/\/jeaninarat.com\/product\/tv-fish\/\",\"url\":\"https:\/\/jeaninarat.com\/product\/tv-fish\/\",\"name\":\"TV Fish - Jeanina Ra\u021b\",\"isPartOf\":{\"@id\":\"https:\/\/jeaninarat.com\/#website\"},\"primaryImageOfPage\":{\"@id\":\"https:\/\/jeaninarat.com\/product\/tv-fish\/#primaryimage\"},\"image\":{\"@id\":\"https:\/\/jeaninarat.com\/product\/tv-fish\/#primaryimage\"},\"thumbnailUrl\":\"https:\/\/jeaninarat.com\/wp-content\/uploads\/2023\/04\/Fish-x.jpg\",\"datePublished\":\"2023-04-22T17:40:05+00:00\",\"dateModified\":\"2025-09-15T17:48:32+00:00\",\"breadcrumb\":{\"@id\":\"https:\/\/jeaninarat.com\/product\/tv-fish\/#breadcrumb\"},\"inLanguage\":\"ro-RO\",\"potentialAction\":[{\"@type\":\"ReadAction\",\"target\":[\"https:\/\/jeaninarat.com\/product\/tv-fish\/\"]}]},{\"@type\":\"ImageObject\",\"inLanguage\":\"ro-RO\",\"@id\":\"https:\/\/jeaninarat.com\/product\/tv-fish\/#primaryimage\",\"url\":\"https:\/\/jeaninarat.com\/wp-content\/uploads\/2023\/04\/Fish-x.jpg\",\"contentUrl\":\"https:\/\/jeaninarat.com\/wp-content\/uploads\/2023\/04\/Fish-x.jpg\",\"width\":1093,\"height\":856,\"caption\":\"Camera Setup: \\\"BetterLight 6150 | IR 2mm + IR 3mm | HID Buhl\\\", Artwork Image: \\\"Fish2_v3 JRat 40x30cm DL EV11 5Light 28March23.tif\\\", Artwork Colors: \\\"Acrylic Paints.txt\\\", White Image: \\\"WC_v3 JRat DL EV11 5Light 28March23.tif\\\", White Colors: \\\"Macbeth White.txt\\\", Yoked Image: \\\"Fish2_v3 JRat 40x30cm DL EV11 5Light 28March23_yoked.tif\\\"\"},{\"@type\":\"BreadcrumbList\",\"@id\":\"https:\/\/jeaninarat.com\/product\/tv-fish\/#breadcrumb\",\"itemListElement\":[{\"@type\":\"ListItem\",\"position\":1,\"name\":\"Home\",\"item\":\"https:\/\/jeaninarat.com\/\"},{\"@type\":\"ListItem\",\"position\":2,\"name\":\"Shop\",\"item\":\"https:\/\/jeaninarat.com\/shop\/\"},{\"@type\":\"ListItem\",\"position\":3,\"name\":\"TV Fish\"}]},{\"@type\":\"WebSite\",\"@id\":\"https:\/\/jeaninarat.com\/#website\",\"url\":\"https:\/\/jeaninarat.com\/\",\"name\":\"Jeanina Ra\u021b\",\"description\":\"A contemporary Romanian artist, creative and passionate of symbols and stories.\",\"publisher\":{\"@id\":\"https:\/\/jeaninarat.com\/#organization\"},\"potentialAction\":[{\"@type\":\"SearchAction\",\"target\":{\"@type\":\"EntryPoint\",\"urlTemplate\":\"https:\/\/jeaninarat.com\/?s={search_term_string}\"},\"query-input\":{\"@type\":\"PropertyValueSpecification\",\"valueRequired\":true,\"valueName\":\"search_term_string\"}}],\"inLanguage\":\"ro-RO\"},{\"@type\":\"Organization\",\"@id\":\"https:\/\/jeaninarat.com\/#organization\",\"name\":\"Jeanina Ra\u021b\",\"url\":\"https:\/\/jeaninarat.com\/\",\"logo\":{\"@type\":\"ImageObject\",\"inLanguage\":\"ro-RO\",\"@id\":\"https:\/\/jeaninarat.com\/#\/schema\/logo\/image\/\",\"url\":\"https:\/\/jeaninarat.com\/wp-content\/uploads\/2023\/02\/logo-11-m-nou-1.png\",\"contentUrl\":\"https:\/\/jeaninarat.com\/wp-content\/uploads\/2023\/02\/logo-11-m-nou-1.png\",\"width\":197,\"height\":194,\"caption\":\"Jeanina Ra\u021b\"},\"image\":{\"@id\":\"https:\/\/jeaninarat.com\/#\/schema\/logo\/image\/\"}}]}<\/script>\n<!-- \/ Yoast SEO plugin. -->","yoast_head_json":{"title":"TV Fish - Jeanina Ra\u021b","robots":{"index":"index","follow":"follow","max-snippet":"max-snippet:-1","max-image-preview":"max-image-preview:large","max-video-preview":"max-video-preview:-1"},"canonical":"https:\/\/jeaninarat.com\/ro\/produs\/tv-fish\/","og_locale":"ro_RO","og_type":"article","og_title":"TV Fish - Jeanina Ra\u021b","og_description":"This artwork is available  Acrylic on canvas  Size: 40 x 50 x 2 cm  &nbsp;","og_url":"https:\/\/jeaninarat.com\/ro\/produs\/tv-fish\/","og_site_name":"Jeanina Ra\u021b","article_modified_time":"2025-09-15T17:48:32+00:00","og_image":[{"width":1093,"height":856,"url":"https:\/\/jeaninarat.com\/wp-content\/uploads\/2023\/04\/Fish-x.jpg","type":"image\/jpeg"}],"twitter_card":"summary_large_image","twitter_misc":{"Timp estimat pentru citire":"1 minut"},"schema":{"@context":"https:\/\/schema.org","@graph":[{"@type":"WebPage","@id":"https:\/\/jeaninarat.com\/product\/tv-fish\/","url":"https:\/\/jeaninarat.com\/product\/tv-fish\/","name":"TV Fish - Jeanina Ra\u021b","isPartOf":{"@id":"https:\/\/jeaninarat.com\/#website"},"primaryImageOfPage":{"@id":"https:\/\/jeaninarat.com\/product\/tv-fish\/#primaryimage"},"image":{"@id":"https:\/\/jeaninarat.com\/product\/tv-fish\/#primaryimage"},"thumbnailUrl":"https:\/\/jeaninarat.com\/wp-content\/uploads\/2023\/04\/Fish-x.jpg","datePublished":"2023-04-22T17:40:05+00:00","dateModified":"2025-09-15T17:48:32+00:00","breadcrumb":{"@id":"https:\/\/jeaninarat.com\/product\/tv-fish\/#breadcrumb"},"inLanguage":"ro-RO","potentialAction":[{"@type":"ReadAction","target":["https:\/\/jeaninarat.com\/product\/tv-fish\/"]}]},{"@type":"ImageObject","inLanguage":"ro-RO","@id":"https:\/\/jeaninarat.com\/product\/tv-fish\/#primaryimage","url":"https:\/\/jeaninarat.com\/wp-content\/uploads\/2023\/04\/Fish-x.jpg","contentUrl":"https:\/\/jeaninarat.com\/wp-content\/uploads\/2023\/04\/Fish-x.jpg","width":1093,"height":856,"caption":"Camera Setup: \"BetterLight 6150 | IR 2mm + IR 3mm | HID Buhl\", Artwork Image: \"Fish2_v3 JRat 40x30cm DL EV11 5Light 28March23.tif\", Artwork Colors: \"Acrylic Paints.txt\", White Image: \"WC_v3 JRat DL EV11 5Light 28March23.tif\", White Colors: \"Macbeth White.txt\", Yoked Image: \"Fish2_v3 JRat 40x30cm DL EV11 5Light 28March23_yoked.tif\""},{"@type":"BreadcrumbList","@id":"https:\/\/jeaninarat.com\/product\/tv-fish\/#breadcrumb","itemListElement":[{"@type":"ListItem","position":1,"name":"Home","item":"https:\/\/jeaninarat.com\/"},{"@type":"ListItem","position":2,"name":"Shop","item":"https:\/\/jeaninarat.com\/shop\/"},{"@type":"ListItem","position":3,"name":"TV Fish"}]},{"@type":"WebSite","@id":"https:\/\/jeaninarat.com\/#website","url":"https:\/\/jeaninarat.com\/","name":"Jeanina Ra\u021b","description":"A contemporary Romanian artist, creative and passionate of symbols and stories.","publisher":{"@id":"https:\/\/jeaninarat.com\/#organization"},"potentialAction":[{"@type":"SearchAction","target":{"@type":"EntryPoint","urlTemplate":"https:\/\/jeaninarat.com\/?s={search_term_string}"},"query-input":{"@type":"PropertyValueSpecification","valueRequired":true,"valueName":"search_term_string"}}],"inLanguage":"ro-RO"},{"@type":"Organization","@id":"https:\/\/jeaninarat.com\/#organization","name":"Jeanina Ra\u021b","url":"https:\/\/jeaninarat.com\/","logo":{"@type":"ImageObject","inLanguage":"ro-RO","@id":"https:\/\/jeaninarat.com\/#\/schema\/logo\/image\/","url":"https:\/\/jeaninarat.com\/wp-content\/uploads\/2023\/02\/logo-11-m-nou-1.png","contentUrl":"https:\/\/jeaninarat.com\/wp-content\/uploads\/2023\/02\/logo-11-m-nou-1.png","width":197,"height":194,"caption":"Jeanina Ra\u021b"},"image":{"@id":"https:\/\/jeaninarat.com\/#\/schema\/logo\/image\/"}}]}},"_links":{"self":[{"href":"https:\/\/jeaninarat.com\/ro\/wp-json\/wp\/v2\/product\/2613","targetHints":{"allow":["GET"]}}],"collection":[{"href":"https:\/\/jeaninarat.com\/ro\/wp-json\/wp\/v2\/product"}],"about":[{"href":"https:\/\/jeaninarat.com\/ro\/wp-json\/wp\/v2\/types\/product"}],"version-history":[{"count":4,"href":"https:\/\/jeaninarat.com\/ro\/wp-json\/wp\/v2\/product\/2613\/revisions"}],"predecessor-version":[{"id":3487,"href":"https:\/\/jeaninarat.com\/ro\/wp-json\/wp\/v2\/product\/2613\/revisions\/3487"}],"wp:featuredmedia":[{"embeddable":true,"href":"https:\/\/jeaninarat.com\/ro\/wp-json\/wp\/v2\/media\/2612"}],"wp:attachment":[{"href":"https:\/\/jeaninarat.com\/ro\/wp-json\/wp\/v2\/media?parent=2613"}],"wp:term":[{"taxonomy":"product_brand","embeddable":true,"href":"https:\/\/jeaninarat.com\/ro\/wp-json\/wp\/v2\/product_brand?post=2613"},{"taxonomy":"product_cat","embeddable":true,"href":"https:\/\/jeaninarat.com\/ro\/wp-json\/wp\/v2\/product_cat?post=2613"},{"taxonomy":"product_tag","embeddable":true,"href":"https:\/\/jeaninarat.com\/ro\/wp-json\/wp\/v2\/product_tag?post=2613"}],"curies":[{"name":"wp","href":"https:\/\/api.w.org\/{rel}","templated":true}]}}