{"id":2598,"date":"2023-04-22T17:04:13","date_gmt":"2023-04-22T17:04:13","guid":{"rendered":"https:\/\/jeaninarat.com\/?post_type=product&#038;p=2598"},"modified":"2025-09-15T17:44:50","modified_gmt":"2025-09-15T17:44:50","slug":"white-shambala","status":"publish","type":"product","link":"https:\/\/jeaninarat.com\/ro\/produs\/white-shambala\/","title":{"rendered":"White Shambala"},"content":{"rendered":"<p>Shambala este un paradis mitic comun despre care se vorbe\u0219te constant \u00een textele antice. Nu este doar un paradis, ci este scena unei activit\u0103\u021bi efervescente \u0219i o mare parte din aceast\u0103 activitate are ca scop sprijinirea \u0219i \u00eendrumarea spiritual\u0103 a fiin\u021belor umane \u00eencarnate pe P\u0103m\u00e2nt. Shambala \u00eenseamn\u0103 \u201eloc al p\u0103cii\u201d sau \u201eloc al t\u0103cerii\u201d. Legenda spune c\u0103 doar oamenii cu o inim\u0103 curat\u0103 pot tr\u0103i \u00een acest loc, unde dragostea \u0219i \u00een\u021belepciunea sunt conduc\u0103torii \u0219i unde oamenii sunt insensibili la suferin\u021b\u0103.<br \/>\nShambala, ca t\u0103r\u00e2m spiritual care guverneaz\u0103 \u0219i inspir\u0103 umanitatea \u0219i planeta noastr\u0103, este sursa tuturor \u00eenv\u0103\u021b\u0103turilor \u0219i c\u0103ilor spirituale. Indiferent dac\u0103 accept\u0103m aceste lucruri sau nu, le \u00een\u021belegem sau nu, fie c\u0103 le sim\u021bim sau nu, existen\u021ba acestui t\u0103r\u00e2m este de net\u0103g\u0103duit. Putem spune c\u0103 orice cale spiritual\u0103 autentic\u0103 \u201etrece prin Shambala\u201d.<br \/>\n\u0218i unde se afl\u0103? \u00cen secolul trecut, mul\u021bi au f\u0103cut c\u0103l\u0103toria pentru a ajunge \u00een acest paradis mitic al p\u0103cii. Mul\u021bi sus\u021bin c\u0103 au ajuns \u00een paradis, dar nu au reu\u0219it s\u0103 ofere o loca\u021bie precis\u0103 pe hart\u0103. Chiar \u0219i a\u0219a, mul\u021bi l-au plasat peste regiunea muntoas\u0103 a Eurasiei, al\u021bii \u00een Valea Sutley din Himachal Pradesh din India sau textele mongole \u00eel identific\u0103 cu unele v\u0103i din sudul Siberiei. Cert este c\u0103 loca\u021bia exact\u0103 r\u0103m\u00e2ne necunoscut\u0103. <span style=\"font-family: Georgia, 'Times New Roman', 'Bitstream Charter', Times, serif;\">Poate pentru c\u0103 locul se afl\u0103 la marginea realit\u0103\u021bii fizice \u0219i este mai mult ca o punte c\u0103tre lumea de dincolo.<\/span><\/p>","protected":false},"excerpt":{"rendered":"<p>SUMMER SALE -20%<\/p>\n<p>Produs disponibil<\/p>\n<p>Acrilic pe panz\u0103 \/ simbol realizat cu foit\u0103 de aur de 22k<\/p>\n<p>Size: 100 x 120 cm<\/p>\n<p>\u201eWhite Shambala\u201d a fost expus\u0103 \u00een cadrul evenimentului Fine Art Vision 2020.<\/p>\n<p>*Compozi\u021bie realizat\u0103 conform num\u0103rul de aur- geometria sacr\u0103<\/p>","protected":false},"featured_media":2509,"template":"","meta":[],"product_brand":[],"product_cat":[16,48],"product_tag":[],"class_list":{"0":"post-2598","1":"product","2":"type-product","3":"status-publish","4":"has-post-thumbnail","6":"product_cat-originals","7":"product_cat-symbols","9":"first","10":"instock","11":"shipping-taxable","12":"purchasable","13":"product-type-simple"},"yoast_head":"<!-- This site is optimized with the Yoast SEO plugin v25.9 - https:\/\/yoast.com\/wordpress\/plugins\/seo\/ -->\n<title>White Shambala - Jeanina Ra\u021b<\/title>\n<meta name=\"robots\" content=\"index, follow, max-snippet:-1, max-image-preview:large, max-video-preview:-1\" \/>\n<link rel=\"canonical\" href=\"https:\/\/jeaninarat.com\/ro\/produs\/white-shambala\/\" \/>\n<meta property=\"og:locale\" content=\"ro_RO\" \/>\n<meta property=\"og:type\" content=\"article\" \/>\n<meta property=\"og:title\" content=\"White Shambala - Jeanina Ra\u021b\" \/>\n<meta property=\"og:description\" content=\"SUMMER SALE -20%  This artwork is available  Acrylic in canvas\/ Symbol made with gold leaf 22 k  Size: 100 x 120 cm  &#039;&#039;White Shambala\u201d it was an artworks exhibited during the Fine Art Vision 20\/20 event.  *Composition made according to the golden number, sacred geometry\" \/>\n<meta property=\"og:url\" content=\"https:\/\/jeaninarat.com\/ro\/produs\/white-shambala\/\" \/>\n<meta property=\"og:site_name\" content=\"Jeanina Ra\u021b\" \/>\n<meta property=\"article:modified_time\" content=\"2025-09-15T17:44:50+00:00\" \/>\n<meta property=\"og:image\" content=\"https:\/\/jeaninarat.com\/wp-content\/uploads\/2023\/04\/1602049812172_WEB_Shambala-100x120cm_Sh2p5_July20-.jpg\" \/>\n\t<meta property=\"og:image:width\" content=\"1239\" \/>\n\t<meta property=\"og:image:height\" content=\"1031\" \/>\n\t<meta property=\"og:image:type\" content=\"image\/jpeg\" \/>\n<meta name=\"twitter:card\" content=\"summary_large_image\" \/>\n<meta name=\"twitter:label1\" content=\"Timp estimat pentru citire\" \/>\n\t<meta name=\"twitter:data1\" content=\"2 minute\" \/>\n<script type=\"application\/ld+json\" class=\"yoast-schema-graph\">{\"@context\":\"https:\/\/schema.org\",\"@graph\":[{\"@type\":\"WebPage\",\"@id\":\"https:\/\/jeaninarat.com\/product\/white-shambala\/\",\"url\":\"https:\/\/jeaninarat.com\/product\/white-shambala\/\",\"name\":\"White Shambala - Jeanina Ra\u021b\",\"isPartOf\":{\"@id\":\"https:\/\/jeaninarat.com\/#website\"},\"primaryImageOfPage\":{\"@id\":\"https:\/\/jeaninarat.com\/product\/white-shambala\/#primaryimage\"},\"image\":{\"@id\":\"https:\/\/jeaninarat.com\/product\/white-shambala\/#primaryimage\"},\"thumbnailUrl\":\"https:\/\/jeaninarat.com\/wp-content\/uploads\/2023\/04\/1602049812172_WEB_Shambala-100x120cm_Sh2p5_July20-.jpg\",\"datePublished\":\"2023-04-22T17:04:13+00:00\",\"dateModified\":\"2025-09-15T17:44:50+00:00\",\"breadcrumb\":{\"@id\":\"https:\/\/jeaninarat.com\/product\/white-shambala\/#breadcrumb\"},\"inLanguage\":\"ro-RO\",\"potentialAction\":[{\"@type\":\"ReadAction\",\"target\":[\"https:\/\/jeaninarat.com\/product\/white-shambala\/\"]}]},{\"@type\":\"ImageObject\",\"inLanguage\":\"ro-RO\",\"@id\":\"https:\/\/jeaninarat.com\/product\/white-shambala\/#primaryimage\",\"url\":\"https:\/\/jeaninarat.com\/wp-content\/uploads\/2023\/04\/1602049812172_WEB_Shambala-100x120cm_Sh2p5_July20-.jpg\",\"contentUrl\":\"https:\/\/jeaninarat.com\/wp-content\/uploads\/2023\/04\/1602049812172_WEB_Shambala-100x120cm_Sh2p5_July20-.jpg\",\"width\":1239,\"height\":1031},{\"@type\":\"BreadcrumbList\",\"@id\":\"https:\/\/jeaninarat.com\/product\/white-shambala\/#breadcrumb\",\"itemListElement\":[{\"@type\":\"ListItem\",\"position\":1,\"name\":\"Home\",\"item\":\"https:\/\/jeaninarat.com\/\"},{\"@type\":\"ListItem\",\"position\":2,\"name\":\"Shop\",\"item\":\"https:\/\/jeaninarat.com\/shop\/\"},{\"@type\":\"ListItem\",\"position\":3,\"name\":\"White Shambala\"}]},{\"@type\":\"WebSite\",\"@id\":\"https:\/\/jeaninarat.com\/#website\",\"url\":\"https:\/\/jeaninarat.com\/\",\"name\":\"Jeanina Ra\u021b\",\"description\":\"A contemporary Romanian artist, creative and passionate of symbols and stories.\",\"publisher\":{\"@id\":\"https:\/\/jeaninarat.com\/#organization\"},\"potentialAction\":[{\"@type\":\"SearchAction\",\"target\":{\"@type\":\"EntryPoint\",\"urlTemplate\":\"https:\/\/jeaninarat.com\/?s={search_term_string}\"},\"query-input\":{\"@type\":\"PropertyValueSpecification\",\"valueRequired\":true,\"valueName\":\"search_term_string\"}}],\"inLanguage\":\"ro-RO\"},{\"@type\":\"Organization\",\"@id\":\"https:\/\/jeaninarat.com\/#organization\",\"name\":\"Jeanina Ra\u021b\",\"url\":\"https:\/\/jeaninarat.com\/\",\"logo\":{\"@type\":\"ImageObject\",\"inLanguage\":\"ro-RO\",\"@id\":\"https:\/\/jeaninarat.com\/#\/schema\/logo\/image\/\",\"url\":\"https:\/\/jeaninarat.com\/wp-content\/uploads\/2023\/02\/logo-11-m-nou-1.png\",\"contentUrl\":\"https:\/\/jeaninarat.com\/wp-content\/uploads\/2023\/02\/logo-11-m-nou-1.png\",\"width\":197,\"height\":194,\"caption\":\"Jeanina Ra\u021b\"},\"image\":{\"@id\":\"https:\/\/jeaninarat.com\/#\/schema\/logo\/image\/\"}}]}<\/script>\n<!-- \/ Yoast SEO plugin. -->","yoast_head_json":{"title":"White Shambala - Jeanina Ra\u021b","robots":{"index":"index","follow":"follow","max-snippet":"max-snippet:-1","max-image-preview":"max-image-preview:large","max-video-preview":"max-video-preview:-1"},"canonical":"https:\/\/jeaninarat.com\/ro\/produs\/white-shambala\/","og_locale":"ro_RO","og_type":"article","og_title":"White Shambala - Jeanina Ra\u021b","og_description":"SUMMER SALE -20%  This artwork is available  Acrylic in canvas\/ Symbol made with gold leaf 22 k  Size: 100 x 120 cm  ''White Shambala\u201d it was an artworks exhibited during the Fine Art Vision 20\/20 event.  *Composition made according to the golden number, sacred geometry","og_url":"https:\/\/jeaninarat.com\/ro\/produs\/white-shambala\/","og_site_name":"Jeanina Ra\u021b","article_modified_time":"2025-09-15T17:44:50+00:00","og_image":[{"width":1239,"height":1031,"url":"https:\/\/jeaninarat.com\/wp-content\/uploads\/2023\/04\/1602049812172_WEB_Shambala-100x120cm_Sh2p5_July20-.jpg","type":"image\/jpeg"}],"twitter_card":"summary_large_image","twitter_misc":{"Timp estimat pentru citire":"2 minute"},"schema":{"@context":"https:\/\/schema.org","@graph":[{"@type":"WebPage","@id":"https:\/\/jeaninarat.com\/product\/white-shambala\/","url":"https:\/\/jeaninarat.com\/product\/white-shambala\/","name":"White Shambala - Jeanina Ra\u021b","isPartOf":{"@id":"https:\/\/jeaninarat.com\/#website"},"primaryImageOfPage":{"@id":"https:\/\/jeaninarat.com\/product\/white-shambala\/#primaryimage"},"image":{"@id":"https:\/\/jeaninarat.com\/product\/white-shambala\/#primaryimage"},"thumbnailUrl":"https:\/\/jeaninarat.com\/wp-content\/uploads\/2023\/04\/1602049812172_WEB_Shambala-100x120cm_Sh2p5_July20-.jpg","datePublished":"2023-04-22T17:04:13+00:00","dateModified":"2025-09-15T17:44:50+00:00","breadcrumb":{"@id":"https:\/\/jeaninarat.com\/product\/white-shambala\/#breadcrumb"},"inLanguage":"ro-RO","potentialAction":[{"@type":"ReadAction","target":["https:\/\/jeaninarat.com\/product\/white-shambala\/"]}]},{"@type":"ImageObject","inLanguage":"ro-RO","@id":"https:\/\/jeaninarat.com\/product\/white-shambala\/#primaryimage","url":"https:\/\/jeaninarat.com\/wp-content\/uploads\/2023\/04\/1602049812172_WEB_Shambala-100x120cm_Sh2p5_July20-.jpg","contentUrl":"https:\/\/jeaninarat.com\/wp-content\/uploads\/2023\/04\/1602049812172_WEB_Shambala-100x120cm_Sh2p5_July20-.jpg","width":1239,"height":1031},{"@type":"BreadcrumbList","@id":"https:\/\/jeaninarat.com\/product\/white-shambala\/#breadcrumb","itemListElement":[{"@type":"ListItem","position":1,"name":"Home","item":"https:\/\/jeaninarat.com\/"},{"@type":"ListItem","position":2,"name":"Shop","item":"https:\/\/jeaninarat.com\/shop\/"},{"@type":"ListItem","position":3,"name":"White Shambala"}]},{"@type":"WebSite","@id":"https:\/\/jeaninarat.com\/#website","url":"https:\/\/jeaninarat.com\/","name":"Jeanina Ra\u021b","description":"A contemporary Romanian artist, creative and passionate of symbols and stories.","publisher":{"@id":"https:\/\/jeaninarat.com\/#organization"},"potentialAction":[{"@type":"SearchAction","target":{"@type":"EntryPoint","urlTemplate":"https:\/\/jeaninarat.com\/?s={search_term_string}"},"query-input":{"@type":"PropertyValueSpecification","valueRequired":true,"valueName":"search_term_string"}}],"inLanguage":"ro-RO"},{"@type":"Organization","@id":"https:\/\/jeaninarat.com\/#organization","name":"Jeanina Ra\u021b","url":"https:\/\/jeaninarat.com\/","logo":{"@type":"ImageObject","inLanguage":"ro-RO","@id":"https:\/\/jeaninarat.com\/#\/schema\/logo\/image\/","url":"https:\/\/jeaninarat.com\/wp-content\/uploads\/2023\/02\/logo-11-m-nou-1.png","contentUrl":"https:\/\/jeaninarat.com\/wp-content\/uploads\/2023\/02\/logo-11-m-nou-1.png","width":197,"height":194,"caption":"Jeanina Ra\u021b"},"image":{"@id":"https:\/\/jeaninarat.com\/#\/schema\/logo\/image\/"}}]}},"_links":{"self":[{"href":"https:\/\/jeaninarat.com\/ro\/wp-json\/wp\/v2\/product\/2598","targetHints":{"allow":["GET"]}}],"collection":[{"href":"https:\/\/jeaninarat.com\/ro\/wp-json\/wp\/v2\/product"}],"about":[{"href":"https:\/\/jeaninarat.com\/ro\/wp-json\/wp\/v2\/types\/product"}],"version-history":[{"count":6,"href":"https:\/\/jeaninarat.com\/ro\/wp-json\/wp\/v2\/product\/2598\/revisions"}],"predecessor-version":[{"id":4223,"href":"https:\/\/jeaninarat.com\/ro\/wp-json\/wp\/v2\/product\/2598\/revisions\/4223"}],"wp:featuredmedia":[{"embeddable":true,"href":"https:\/\/jeaninarat.com\/ro\/wp-json\/wp\/v2\/media\/2509"}],"wp:attachment":[{"href":"https:\/\/jeaninarat.com\/ro\/wp-json\/wp\/v2\/media?parent=2598"}],"wp:term":[{"taxonomy":"product_brand","embeddable":true,"href":"https:\/\/jeaninarat.com\/ro\/wp-json\/wp\/v2\/product_brand?post=2598"},{"taxonomy":"product_cat","embeddable":true,"href":"https:\/\/jeaninarat.com\/ro\/wp-json\/wp\/v2\/product_cat?post=2598"},{"taxonomy":"product_tag","embeddable":true,"href":"https:\/\/jeaninarat.com\/ro\/wp-json\/wp\/v2\/product_tag?post=2598"}],"curies":[{"name":"wp","href":"https:\/\/api.w.org\/{rel}","templated":true}]}}