{"id":2591,"date":"2023-04-22T16:54:20","date_gmt":"2023-04-22T16:54:20","guid":{"rendered":"https:\/\/jeaninarat.com\/?post_type=product&#038;p=2591"},"modified":"2025-09-15T17:42:53","modified_gmt":"2025-09-15T17:42:53","slug":"taras-wings","status":"publish","type":"product","link":"https:\/\/jeaninarat.com\/ro\/produs\/taras-wings\/","title":{"rendered":"Tara&#8217;s Wings"},"content":{"rendered":"<p><span style=\"font-family: Arial, sans-serif;\"><span style=\"font-size: medium;\">Eu sunt Tara, o zeitate feminin\u0103 at\u00e2t \u00een hinduism, c\u00e2t \u0219i \u00een budism, care personific\u0103 compasiunea \u0219i salvarea de suferin\u021ba rena\u0219terii \u0219i a mor\u021bii. Sunt Cea care d\u0103 via\u021b\u0103, plin\u0103 de \u00een\u021belepciune, Marea Putere Cosmic\u0103 a compasiunii \u0219i lumina Cerului.<\/span><\/span><\/p>\n<p><span style=\"font-family: Arial, sans-serif;\"><span style=\"font-size: medium;\">Am puterea de a te proteja de pericole, oferindu-\u021bi \u0219ansa de a-\u021bi duce realiz\u0103rile la cele mai \u00eenalte niveluri. Mintea ta, fiind obstacolul suprem de dep\u0103\u0219it, te voi ghida prin valurile tulbur\u0103toare ale vie\u021bii.<\/span><\/span><\/p>\n<p><span style=\"font-family: Arial, sans-serif;\"><span style=\"font-size: medium;\">Pentru cei care se simt pierdu\u021bi \u0219i au dificult\u0103\u021bi \u00een a-\u0219i g\u0103si calea, ofer \u00eendrumare. Plin\u0103 de compasiune, atunci c\u00e2nd sunt invocat\u0103, te ajut s\u0103 dep\u0103\u0219e\u0219ti \u00eencerc\u0103rile vie\u021bii \u0219i s\u0103 treci peste situa\u021biile dificile.<\/span><\/span><\/p>\n<p><span style=\"font-family: Arial, sans-serif;\"><span style=\"font-size: medium;\">Dragii mei, dac\u0103 ave\u021bi nevoie de protec\u021bie, \u00eendrumare \u0219i eliberare din situa\u021bii dificile, invoca\u021bi-m\u0103 din toat\u0103 inima.<\/span><\/span><\/p>","protected":false},"excerpt":{"rendered":"<p>Produs disponibil<\/p>\n<p>Acrilic pe p\u00e2nz\u0103 \/ foi\u021b\u0103 de aur 22 k<\/p>\n<p>Size: 120 x 120 x 2.5 cm<\/p>\n<p>\u201dTara\u2019s Wings\u201d a fost expus\u0103 \u00een cadrul evenimentului Fine Art Vision 2020.<\/p>","protected":false},"featured_media":1311,"template":"","meta":[],"product_brand":[],"product_cat":[16,45],"product_tag":[97],"class_list":{"0":"post-2591","1":"product","2":"type-product","3":"status-publish","4":"has-post-thumbnail","6":"product_cat-originals","7":"product_cat-the-greatness-of-yantras","8":"product_tag-dove","10":"first","11":"instock","12":"shipping-taxable","13":"purchasable","14":"product-type-simple"},"yoast_head":"<!-- This site is optimized with the Yoast SEO plugin v25.9 - https:\/\/yoast.com\/wordpress\/plugins\/seo\/ -->\n<title>Tara&#039;s Wings - Jeanina Ra\u021b<\/title>\n<meta name=\"robots\" content=\"index, follow, max-snippet:-1, max-image-preview:large, max-video-preview:-1\" \/>\n<link rel=\"canonical\" href=\"https:\/\/jeaninarat.com\/ro\/produs\/taras-wings\/\" \/>\n<meta property=\"og:locale\" content=\"ro_RO\" \/>\n<meta property=\"og:type\" content=\"article\" \/>\n<meta property=\"og:title\" content=\"Tara&#039;s Wings - Jeanina Ra\u021b\" \/>\n<meta property=\"og:description\" content=\"This artwork is available  Acrylic on canvas\/ gold leaf 22 k  Size: 120 x 120 x 2.5 cm  &#039;&#039;Tara&#039;s Wings\u201d it was an artwork exhibited during the Fine Art Vision 20\/20 event.\" \/>\n<meta property=\"og:url\" content=\"https:\/\/jeaninarat.com\/ro\/produs\/taras-wings\/\" \/>\n<meta property=\"og:site_name\" content=\"Jeanina Ra\u021b\" \/>\n<meta property=\"article:modified_time\" content=\"2025-09-15T17:42:53+00:00\" \/>\n<meta property=\"og:image\" content=\"https:\/\/jeaninarat.com\/wp-content\/uploads\/2023\/02\/1602049785164_WEB_TARAs-Wings-No-Signature_Sh4p3_120x120cm_200ppi-JeaninaRat_Feb20-1.jpg\" \/>\n\t<meta property=\"og:image:width\" content=\"1205\" \/>\n\t<meta property=\"og:image:height\" content=\"1205\" \/>\n\t<meta property=\"og:image:type\" content=\"image\/jpeg\" \/>\n<meta name=\"twitter:card\" content=\"summary_large_image\" \/>\n<meta name=\"twitter:label1\" content=\"Timp estimat pentru citire\" \/>\n\t<meta name=\"twitter:data1\" content=\"1 minut\" \/>\n<script type=\"application\/ld+json\" class=\"yoast-schema-graph\">{\"@context\":\"https:\/\/schema.org\",\"@graph\":[{\"@type\":\"WebPage\",\"@id\":\"https:\/\/jeaninarat.com\/product\/taras-wings\/\",\"url\":\"https:\/\/jeaninarat.com\/product\/taras-wings\/\",\"name\":\"Tara's Wings - Jeanina Ra\u021b\",\"isPartOf\":{\"@id\":\"https:\/\/jeaninarat.com\/#website\"},\"primaryImageOfPage\":{\"@id\":\"https:\/\/jeaninarat.com\/product\/taras-wings\/#primaryimage\"},\"image\":{\"@id\":\"https:\/\/jeaninarat.com\/product\/taras-wings\/#primaryimage\"},\"thumbnailUrl\":\"https:\/\/jeaninarat.com\/wp-content\/uploads\/2023\/02\/1602049785164_WEB_TARAs-Wings-No-Signature_Sh4p3_120x120cm_200ppi-JeaninaRat_Feb20-1.jpg\",\"datePublished\":\"2023-04-22T16:54:20+00:00\",\"dateModified\":\"2025-09-15T17:42:53+00:00\",\"breadcrumb\":{\"@id\":\"https:\/\/jeaninarat.com\/product\/taras-wings\/#breadcrumb\"},\"inLanguage\":\"ro-RO\",\"potentialAction\":[{\"@type\":\"ReadAction\",\"target\":[\"https:\/\/jeaninarat.com\/product\/taras-wings\/\"]}]},{\"@type\":\"ImageObject\",\"inLanguage\":\"ro-RO\",\"@id\":\"https:\/\/jeaninarat.com\/product\/taras-wings\/#primaryimage\",\"url\":\"https:\/\/jeaninarat.com\/wp-content\/uploads\/2023\/02\/1602049785164_WEB_TARAs-Wings-No-Signature_Sh4p3_120x120cm_200ppi-JeaninaRat_Feb20-1.jpg\",\"contentUrl\":\"https:\/\/jeaninarat.com\/wp-content\/uploads\/2023\/02\/1602049785164_WEB_TARAs-Wings-No-Signature_Sh4p3_120x120cm_200ppi-JeaninaRat_Feb20-1.jpg\",\"width\":1205,\"height\":1205},{\"@type\":\"BreadcrumbList\",\"@id\":\"https:\/\/jeaninarat.com\/product\/taras-wings\/#breadcrumb\",\"itemListElement\":[{\"@type\":\"ListItem\",\"position\":1,\"name\":\"Home\",\"item\":\"https:\/\/jeaninarat.com\/\"},{\"@type\":\"ListItem\",\"position\":2,\"name\":\"Shop\",\"item\":\"https:\/\/jeaninarat.com\/shop\/\"},{\"@type\":\"ListItem\",\"position\":3,\"name\":\"Tara&#8217;s Wings\"}]},{\"@type\":\"WebSite\",\"@id\":\"https:\/\/jeaninarat.com\/#website\",\"url\":\"https:\/\/jeaninarat.com\/\",\"name\":\"Jeanina Ra\u021b\",\"description\":\"A contemporary Romanian artist, creative and passionate of symbols and stories.\",\"publisher\":{\"@id\":\"https:\/\/jeaninarat.com\/#organization\"},\"potentialAction\":[{\"@type\":\"SearchAction\",\"target\":{\"@type\":\"EntryPoint\",\"urlTemplate\":\"https:\/\/jeaninarat.com\/?s={search_term_string}\"},\"query-input\":{\"@type\":\"PropertyValueSpecification\",\"valueRequired\":true,\"valueName\":\"search_term_string\"}}],\"inLanguage\":\"ro-RO\"},{\"@type\":\"Organization\",\"@id\":\"https:\/\/jeaninarat.com\/#organization\",\"name\":\"Jeanina Ra\u021b\",\"url\":\"https:\/\/jeaninarat.com\/\",\"logo\":{\"@type\":\"ImageObject\",\"inLanguage\":\"ro-RO\",\"@id\":\"https:\/\/jeaninarat.com\/#\/schema\/logo\/image\/\",\"url\":\"https:\/\/jeaninarat.com\/wp-content\/uploads\/2023\/02\/logo-11-m-nou-1.png\",\"contentUrl\":\"https:\/\/jeaninarat.com\/wp-content\/uploads\/2023\/02\/logo-11-m-nou-1.png\",\"width\":197,\"height\":194,\"caption\":\"Jeanina Ra\u021b\"},\"image\":{\"@id\":\"https:\/\/jeaninarat.com\/#\/schema\/logo\/image\/\"}}]}<\/script>\n<!-- \/ Yoast SEO plugin. -->","yoast_head_json":{"title":"Tara's Wings - Jeanina Ra\u021b","robots":{"index":"index","follow":"follow","max-snippet":"max-snippet:-1","max-image-preview":"max-image-preview:large","max-video-preview":"max-video-preview:-1"},"canonical":"https:\/\/jeaninarat.com\/ro\/produs\/taras-wings\/","og_locale":"ro_RO","og_type":"article","og_title":"Tara's Wings - Jeanina Ra\u021b","og_description":"This artwork is available  Acrylic on canvas\/ gold leaf 22 k  Size: 120 x 120 x 2.5 cm  ''Tara's Wings\u201d it was an artwork exhibited during the Fine Art Vision 20\/20 event.","og_url":"https:\/\/jeaninarat.com\/ro\/produs\/taras-wings\/","og_site_name":"Jeanina Ra\u021b","article_modified_time":"2025-09-15T17:42:53+00:00","og_image":[{"width":1205,"height":1205,"url":"https:\/\/jeaninarat.com\/wp-content\/uploads\/2023\/02\/1602049785164_WEB_TARAs-Wings-No-Signature_Sh4p3_120x120cm_200ppi-JeaninaRat_Feb20-1.jpg","type":"image\/jpeg"}],"twitter_card":"summary_large_image","twitter_misc":{"Timp estimat pentru citire":"1 minut"},"schema":{"@context":"https:\/\/schema.org","@graph":[{"@type":"WebPage","@id":"https:\/\/jeaninarat.com\/product\/taras-wings\/","url":"https:\/\/jeaninarat.com\/product\/taras-wings\/","name":"Tara's Wings - Jeanina Ra\u021b","isPartOf":{"@id":"https:\/\/jeaninarat.com\/#website"},"primaryImageOfPage":{"@id":"https:\/\/jeaninarat.com\/product\/taras-wings\/#primaryimage"},"image":{"@id":"https:\/\/jeaninarat.com\/product\/taras-wings\/#primaryimage"},"thumbnailUrl":"https:\/\/jeaninarat.com\/wp-content\/uploads\/2023\/02\/1602049785164_WEB_TARAs-Wings-No-Signature_Sh4p3_120x120cm_200ppi-JeaninaRat_Feb20-1.jpg","datePublished":"2023-04-22T16:54:20+00:00","dateModified":"2025-09-15T17:42:53+00:00","breadcrumb":{"@id":"https:\/\/jeaninarat.com\/product\/taras-wings\/#breadcrumb"},"inLanguage":"ro-RO","potentialAction":[{"@type":"ReadAction","target":["https:\/\/jeaninarat.com\/product\/taras-wings\/"]}]},{"@type":"ImageObject","inLanguage":"ro-RO","@id":"https:\/\/jeaninarat.com\/product\/taras-wings\/#primaryimage","url":"https:\/\/jeaninarat.com\/wp-content\/uploads\/2023\/02\/1602049785164_WEB_TARAs-Wings-No-Signature_Sh4p3_120x120cm_200ppi-JeaninaRat_Feb20-1.jpg","contentUrl":"https:\/\/jeaninarat.com\/wp-content\/uploads\/2023\/02\/1602049785164_WEB_TARAs-Wings-No-Signature_Sh4p3_120x120cm_200ppi-JeaninaRat_Feb20-1.jpg","width":1205,"height":1205},{"@type":"BreadcrumbList","@id":"https:\/\/jeaninarat.com\/product\/taras-wings\/#breadcrumb","itemListElement":[{"@type":"ListItem","position":1,"name":"Home","item":"https:\/\/jeaninarat.com\/"},{"@type":"ListItem","position":2,"name":"Shop","item":"https:\/\/jeaninarat.com\/shop\/"},{"@type":"ListItem","position":3,"name":"Tara&#8217;s Wings"}]},{"@type":"WebSite","@id":"https:\/\/jeaninarat.com\/#website","url":"https:\/\/jeaninarat.com\/","name":"Jeanina Ra\u021b","description":"A contemporary Romanian artist, creative and passionate of symbols and stories.","publisher":{"@id":"https:\/\/jeaninarat.com\/#organization"},"potentialAction":[{"@type":"SearchAction","target":{"@type":"EntryPoint","urlTemplate":"https:\/\/jeaninarat.com\/?s={search_term_string}"},"query-input":{"@type":"PropertyValueSpecification","valueRequired":true,"valueName":"search_term_string"}}],"inLanguage":"ro-RO"},{"@type":"Organization","@id":"https:\/\/jeaninarat.com\/#organization","name":"Jeanina Ra\u021b","url":"https:\/\/jeaninarat.com\/","logo":{"@type":"ImageObject","inLanguage":"ro-RO","@id":"https:\/\/jeaninarat.com\/#\/schema\/logo\/image\/","url":"https:\/\/jeaninarat.com\/wp-content\/uploads\/2023\/02\/logo-11-m-nou-1.png","contentUrl":"https:\/\/jeaninarat.com\/wp-content\/uploads\/2023\/02\/logo-11-m-nou-1.png","width":197,"height":194,"caption":"Jeanina Ra\u021b"},"image":{"@id":"https:\/\/jeaninarat.com\/#\/schema\/logo\/image\/"}}]}},"_links":{"self":[{"href":"https:\/\/jeaninarat.com\/ro\/wp-json\/wp\/v2\/product\/2591","targetHints":{"allow":["GET"]}}],"collection":[{"href":"https:\/\/jeaninarat.com\/ro\/wp-json\/wp\/v2\/product"}],"about":[{"href":"https:\/\/jeaninarat.com\/ro\/wp-json\/wp\/v2\/types\/product"}],"version-history":[{"count":6,"href":"https:\/\/jeaninarat.com\/ro\/wp-json\/wp\/v2\/product\/2591\/revisions"}],"predecessor-version":[{"id":3541,"href":"https:\/\/jeaninarat.com\/ro\/wp-json\/wp\/v2\/product\/2591\/revisions\/3541"}],"wp:featuredmedia":[{"embeddable":true,"href":"https:\/\/jeaninarat.com\/ro\/wp-json\/wp\/v2\/media\/1311"}],"wp:attachment":[{"href":"https:\/\/jeaninarat.com\/ro\/wp-json\/wp\/v2\/media?parent=2591"}],"wp:term":[{"taxonomy":"product_brand","embeddable":true,"href":"https:\/\/jeaninarat.com\/ro\/wp-json\/wp\/v2\/product_brand?post=2591"},{"taxonomy":"product_cat","embeddable":true,"href":"https:\/\/jeaninarat.com\/ro\/wp-json\/wp\/v2\/product_cat?post=2591"},{"taxonomy":"product_tag","embeddable":true,"href":"https:\/\/jeaninarat.com\/ro\/wp-json\/wp\/v2\/product_tag?post=2591"}],"curies":[{"name":"wp","href":"https:\/\/api.w.org\/{rel}","templated":true}]}}