{"id":2586,"date":"2023-04-22T16:47:43","date_gmt":"2023-04-22T16:47:43","guid":{"rendered":"https:\/\/jeaninarat.com\/?post_type=product&#038;p=2586"},"modified":"2025-09-15T17:42:03","modified_gmt":"2025-09-15T17:42:03","slug":"reborn-from-the-ashes-tripura-bhairava","status":"publish","type":"product","link":"https:\/\/jeaninarat.com\/ro\/produs\/reborn-from-the-ashes-tripura-bhairava\/","title":{"rendered":"Reborn from the ashes-Tripura Bhairavi"},"content":{"rendered":"<p><span style=\"font-family: Arial, sans-serif;\"><span style=\"font-size: medium;\">Bhairavi este numele meu, a cincea Zei\u021b\u0103. Sunt crea\u021bie, men\u021binere \u0219i distrugere. Numele meu, Bhairavi, \u00eenseamn\u0103 \"\u00eensp\u0103im\u00e2nt\u0103tor\", \"terifiant\", \"groaznic\" sau \"formidabil\". Sunt zei\u021ba care aduce fric\u0103 \u00een toate cele trei lumi.<\/span><\/span><\/p>\n<p><span style=\"font-family: Arial, sans-serif;\"><span style=\"font-size: medium;\">Tu, adoratorul meu, m\u0103 invoci atunci c\u00e2nd dore\u0219ti s\u0103 dep\u0103\u0219e\u0219ti obstacolele care \u00ee\u021bi blocheaz\u0103 calea spre atingerea pl\u0103cerii (kama), prosperit\u0103\u021bii (artha), armoniei (dharma) \u0219i eliber\u0103rii spirituale (moksha).<\/span><\/span><\/p>\n<p><span style=\"font-family: Arial, sans-serif;\"><span style=\"font-size: medium;\">\u00cen procesul transform\u0103rii tale, vei sim\u021bi puterea mea terifiant\u0103 \u0219i \u00eenfrico\u0219\u0103toare. Este efectul fulgerului care \"arde\" \u0219i distruge toate limit\u0103rile, prejudec\u0103\u021bile, concep\u021biile gre\u0219ite \u0219i iluziile existen\u021bei tale.<\/span><\/span><\/p>\n<p><span style=\"font-family: Arial, sans-serif;\"><span style=\"font-size: medium;\">\u00cen schimb, vei primi ca dar de la mine puterea deplin\u0103 de control asupra sim\u021burilor, emo\u021biilor \u0219i g\u00e2ndurilor tale. \u0218i te voi salva de toate suferin\u021bele \u0219i \"presiunile\" karmei negative.<\/span><\/span><\/p>\n<p><span style=\"font-family: Arial, sans-serif;\"><span style=\"font-size: medium;\">Aminte\u0219te-\u021bi de mine ca fiind at\u00e2t creatorul, c\u00e2t \u0219i distrug\u0103torul! \"Las\u0103 focul s\u0103 ard\u0103\" - Tripura Bhairavi.<\/span><\/span><\/p>\n<p>&nbsp;<\/p>","protected":false},"excerpt":{"rendered":"<p>Produs disponibil<\/p>\n<p>Acrilic pe p\u00e2nz\u0103<\/p>\n<p>Size: 110 x 110 cm<\/p>\n<p>*Compozi\u021bie realizat\u0103 conform num\u0103rul de aur- geometria sacr\u0103.<\/p>","protected":false},"featured_media":1309,"template":"","meta":[],"product_brand":[],"product_cat":[16,45],"product_tag":[98],"class_list":{"0":"post-2586","1":"product","2":"type-product","3":"status-publish","4":"has-post-thumbnail","6":"product_cat-originals","7":"product_cat-the-greatness-of-yantras","8":"product_tag-lips-fire","10":"first","11":"instock","12":"shipping-taxable","13":"purchasable","14":"product-type-simple"},"yoast_head":"<!-- This site is optimized with the Yoast SEO plugin v25.9 - https:\/\/yoast.com\/wordpress\/plugins\/seo\/ -->\n<title>Reborn from the ashes-Tripura Bhairavi - Jeanina Ra\u021b<\/title>\n<meta name=\"robots\" content=\"index, follow, max-snippet:-1, max-image-preview:large, max-video-preview:-1\" \/>\n<link rel=\"canonical\" href=\"https:\/\/jeaninarat.com\/ro\/produs\/reborn-from-the-ashes-tripura-bhairava\/\" \/>\n<meta property=\"og:locale\" content=\"ro_RO\" \/>\n<meta property=\"og:type\" content=\"article\" \/>\n<meta property=\"og:title\" content=\"Reborn from the ashes-Tripura Bhairavi - Jeanina Ra\u021b\" \/>\n<meta property=\"og:description\" content=\"This artwork is available  Acrylic on canvas  Size: 110 x 110 cm  *Composition made according to the golden number, sacred geometry.\" \/>\n<meta property=\"og:url\" content=\"https:\/\/jeaninarat.com\/ro\/produs\/reborn-from-the-ashes-tripura-bhairava\/\" \/>\n<meta property=\"og:site_name\" content=\"Jeanina Ra\u021b\" \/>\n<meta property=\"article:modified_time\" content=\"2025-09-15T17:42:03+00:00\" \/>\n<meta property=\"og:image\" content=\"https:\/\/jeaninarat.com\/wp-content\/uploads\/2023\/02\/fire-corectat.jpg\" \/>\n\t<meta property=\"og:image:width\" content=\"2572\" \/>\n\t<meta property=\"og:image:height\" content=\"2600\" \/>\n\t<meta property=\"og:image:type\" content=\"image\/jpeg\" \/>\n<meta name=\"twitter:card\" content=\"summary_large_image\" \/>\n<meta name=\"twitter:label1\" content=\"Timp estimat pentru citire\" \/>\n\t<meta name=\"twitter:data1\" content=\"1 minut\" \/>\n<script type=\"application\/ld+json\" class=\"yoast-schema-graph\">{\"@context\":\"https:\/\/schema.org\",\"@graph\":[{\"@type\":\"WebPage\",\"@id\":\"https:\/\/jeaninarat.com\/product\/reborn-from-the-ashes-tripura-bhairava\/\",\"url\":\"https:\/\/jeaninarat.com\/product\/reborn-from-the-ashes-tripura-bhairava\/\",\"name\":\"Reborn from the ashes-Tripura Bhairavi - Jeanina Ra\u021b\",\"isPartOf\":{\"@id\":\"https:\/\/jeaninarat.com\/#website\"},\"primaryImageOfPage\":{\"@id\":\"https:\/\/jeaninarat.com\/product\/reborn-from-the-ashes-tripura-bhairava\/#primaryimage\"},\"image\":{\"@id\":\"https:\/\/jeaninarat.com\/product\/reborn-from-the-ashes-tripura-bhairava\/#primaryimage\"},\"thumbnailUrl\":\"https:\/\/jeaninarat.com\/wp-content\/uploads\/2023\/02\/fire-corectat.jpg\",\"datePublished\":\"2023-04-22T16:47:43+00:00\",\"dateModified\":\"2025-09-15T17:42:03+00:00\",\"breadcrumb\":{\"@id\":\"https:\/\/jeaninarat.com\/product\/reborn-from-the-ashes-tripura-bhairava\/#breadcrumb\"},\"inLanguage\":\"ro-RO\",\"potentialAction\":[{\"@type\":\"ReadAction\",\"target\":[\"https:\/\/jeaninarat.com\/product\/reborn-from-the-ashes-tripura-bhairava\/\"]}]},{\"@type\":\"ImageObject\",\"inLanguage\":\"ro-RO\",\"@id\":\"https:\/\/jeaninarat.com\/product\/reborn-from-the-ashes-tripura-bhairava\/#primaryimage\",\"url\":\"https:\/\/jeaninarat.com\/wp-content\/uploads\/2023\/02\/fire-corectat.jpg\",\"contentUrl\":\"https:\/\/jeaninarat.com\/wp-content\/uploads\/2023\/02\/fire-corectat.jpg\",\"width\":2572,\"height\":2600,\"caption\":\"Reborn from the ashes- Tripura Bhairavi\"},{\"@type\":\"BreadcrumbList\",\"@id\":\"https:\/\/jeaninarat.com\/product\/reborn-from-the-ashes-tripura-bhairava\/#breadcrumb\",\"itemListElement\":[{\"@type\":\"ListItem\",\"position\":1,\"name\":\"Home\",\"item\":\"https:\/\/jeaninarat.com\/\"},{\"@type\":\"ListItem\",\"position\":2,\"name\":\"Shop\",\"item\":\"https:\/\/jeaninarat.com\/shop\/\"},{\"@type\":\"ListItem\",\"position\":3,\"name\":\"Reborn from the ashes-Tripura Bhairavi\"}]},{\"@type\":\"WebSite\",\"@id\":\"https:\/\/jeaninarat.com\/#website\",\"url\":\"https:\/\/jeaninarat.com\/\",\"name\":\"Jeanina Ra\u021b\",\"description\":\"A contemporary Romanian artist, creative and passionate of symbols and stories.\",\"publisher\":{\"@id\":\"https:\/\/jeaninarat.com\/#organization\"},\"potentialAction\":[{\"@type\":\"SearchAction\",\"target\":{\"@type\":\"EntryPoint\",\"urlTemplate\":\"https:\/\/jeaninarat.com\/?s={search_term_string}\"},\"query-input\":{\"@type\":\"PropertyValueSpecification\",\"valueRequired\":true,\"valueName\":\"search_term_string\"}}],\"inLanguage\":\"ro-RO\"},{\"@type\":\"Organization\",\"@id\":\"https:\/\/jeaninarat.com\/#organization\",\"name\":\"Jeanina Ra\u021b\",\"url\":\"https:\/\/jeaninarat.com\/\",\"logo\":{\"@type\":\"ImageObject\",\"inLanguage\":\"ro-RO\",\"@id\":\"https:\/\/jeaninarat.com\/#\/schema\/logo\/image\/\",\"url\":\"https:\/\/jeaninarat.com\/wp-content\/uploads\/2023\/02\/logo-11-m-nou-1.png\",\"contentUrl\":\"https:\/\/jeaninarat.com\/wp-content\/uploads\/2023\/02\/logo-11-m-nou-1.png\",\"width\":197,\"height\":194,\"caption\":\"Jeanina Ra\u021b\"},\"image\":{\"@id\":\"https:\/\/jeaninarat.com\/#\/schema\/logo\/image\/\"}}]}<\/script>\n<!-- \/ Yoast SEO plugin. -->","yoast_head_json":{"title":"Reborn from the ashes-Tripura Bhairavi - Jeanina Ra\u021b","robots":{"index":"index","follow":"follow","max-snippet":"max-snippet:-1","max-image-preview":"max-image-preview:large","max-video-preview":"max-video-preview:-1"},"canonical":"https:\/\/jeaninarat.com\/ro\/produs\/reborn-from-the-ashes-tripura-bhairava\/","og_locale":"ro_RO","og_type":"article","og_title":"Reborn from the ashes-Tripura Bhairavi - Jeanina Ra\u021b","og_description":"This artwork is available  Acrylic on canvas  Size: 110 x 110 cm  *Composition made according to the golden number, sacred geometry.","og_url":"https:\/\/jeaninarat.com\/ro\/produs\/reborn-from-the-ashes-tripura-bhairava\/","og_site_name":"Jeanina Ra\u021b","article_modified_time":"2025-09-15T17:42:03+00:00","og_image":[{"width":2572,"height":2600,"url":"https:\/\/jeaninarat.com\/wp-content\/uploads\/2023\/02\/fire-corectat.jpg","type":"image\/jpeg"}],"twitter_card":"summary_large_image","twitter_misc":{"Timp estimat pentru citire":"1 minut"},"schema":{"@context":"https:\/\/schema.org","@graph":[{"@type":"WebPage","@id":"https:\/\/jeaninarat.com\/product\/reborn-from-the-ashes-tripura-bhairava\/","url":"https:\/\/jeaninarat.com\/product\/reborn-from-the-ashes-tripura-bhairava\/","name":"Reborn from the ashes-Tripura Bhairavi - Jeanina Ra\u021b","isPartOf":{"@id":"https:\/\/jeaninarat.com\/#website"},"primaryImageOfPage":{"@id":"https:\/\/jeaninarat.com\/product\/reborn-from-the-ashes-tripura-bhairava\/#primaryimage"},"image":{"@id":"https:\/\/jeaninarat.com\/product\/reborn-from-the-ashes-tripura-bhairava\/#primaryimage"},"thumbnailUrl":"https:\/\/jeaninarat.com\/wp-content\/uploads\/2023\/02\/fire-corectat.jpg","datePublished":"2023-04-22T16:47:43+00:00","dateModified":"2025-09-15T17:42:03+00:00","breadcrumb":{"@id":"https:\/\/jeaninarat.com\/product\/reborn-from-the-ashes-tripura-bhairava\/#breadcrumb"},"inLanguage":"ro-RO","potentialAction":[{"@type":"ReadAction","target":["https:\/\/jeaninarat.com\/product\/reborn-from-the-ashes-tripura-bhairava\/"]}]},{"@type":"ImageObject","inLanguage":"ro-RO","@id":"https:\/\/jeaninarat.com\/product\/reborn-from-the-ashes-tripura-bhairava\/#primaryimage","url":"https:\/\/jeaninarat.com\/wp-content\/uploads\/2023\/02\/fire-corectat.jpg","contentUrl":"https:\/\/jeaninarat.com\/wp-content\/uploads\/2023\/02\/fire-corectat.jpg","width":2572,"height":2600,"caption":"Reborn from the ashes- Tripura Bhairavi"},{"@type":"BreadcrumbList","@id":"https:\/\/jeaninarat.com\/product\/reborn-from-the-ashes-tripura-bhairava\/#breadcrumb","itemListElement":[{"@type":"ListItem","position":1,"name":"Home","item":"https:\/\/jeaninarat.com\/"},{"@type":"ListItem","position":2,"name":"Shop","item":"https:\/\/jeaninarat.com\/shop\/"},{"@type":"ListItem","position":3,"name":"Reborn from the ashes-Tripura Bhairavi"}]},{"@type":"WebSite","@id":"https:\/\/jeaninarat.com\/#website","url":"https:\/\/jeaninarat.com\/","name":"Jeanina Ra\u021b","description":"A contemporary Romanian artist, creative and passionate of symbols and stories.","publisher":{"@id":"https:\/\/jeaninarat.com\/#organization"},"potentialAction":[{"@type":"SearchAction","target":{"@type":"EntryPoint","urlTemplate":"https:\/\/jeaninarat.com\/?s={search_term_string}"},"query-input":{"@type":"PropertyValueSpecification","valueRequired":true,"valueName":"search_term_string"}}],"inLanguage":"ro-RO"},{"@type":"Organization","@id":"https:\/\/jeaninarat.com\/#organization","name":"Jeanina Ra\u021b","url":"https:\/\/jeaninarat.com\/","logo":{"@type":"ImageObject","inLanguage":"ro-RO","@id":"https:\/\/jeaninarat.com\/#\/schema\/logo\/image\/","url":"https:\/\/jeaninarat.com\/wp-content\/uploads\/2023\/02\/logo-11-m-nou-1.png","contentUrl":"https:\/\/jeaninarat.com\/wp-content\/uploads\/2023\/02\/logo-11-m-nou-1.png","width":197,"height":194,"caption":"Jeanina Ra\u021b"},"image":{"@id":"https:\/\/jeaninarat.com\/#\/schema\/logo\/image\/"}}]}},"_links":{"self":[{"href":"https:\/\/jeaninarat.com\/ro\/wp-json\/wp\/v2\/product\/2586","targetHints":{"allow":["GET"]}}],"collection":[{"href":"https:\/\/jeaninarat.com\/ro\/wp-json\/wp\/v2\/product"}],"about":[{"href":"https:\/\/jeaninarat.com\/ro\/wp-json\/wp\/v2\/types\/product"}],"version-history":[{"count":7,"href":"https:\/\/jeaninarat.com\/ro\/wp-json\/wp\/v2\/product\/2586\/revisions"}],"predecessor-version":[{"id":3539,"href":"https:\/\/jeaninarat.com\/ro\/wp-json\/wp\/v2\/product\/2586\/revisions\/3539"}],"wp:featuredmedia":[{"embeddable":true,"href":"https:\/\/jeaninarat.com\/ro\/wp-json\/wp\/v2\/media\/1309"}],"wp:attachment":[{"href":"https:\/\/jeaninarat.com\/ro\/wp-json\/wp\/v2\/media?parent=2586"}],"wp:term":[{"taxonomy":"product_brand","embeddable":true,"href":"https:\/\/jeaninarat.com\/ro\/wp-json\/wp\/v2\/product_brand?post=2586"},{"taxonomy":"product_cat","embeddable":true,"href":"https:\/\/jeaninarat.com\/ro\/wp-json\/wp\/v2\/product_cat?post=2586"},{"taxonomy":"product_tag","embeddable":true,"href":"https:\/\/jeaninarat.com\/ro\/wp-json\/wp\/v2\/product_tag?post=2586"}],"curies":[{"name":"wp","href":"https:\/\/api.w.org\/{rel}","templated":true}]}}