{"id":2559,"date":"2023-04-22T16:11:56","date_gmt":"2023-04-22T16:11:56","guid":{"rendered":"https:\/\/jeaninarat.com\/?post_type=product&#038;p=2559"},"modified":"2025-09-15T17:51:07","modified_gmt":"2025-09-15T17:51:07","slug":"kamalatmikas-treasure","status":"publish","type":"product","link":"https:\/\/jeaninarat.com\/ro\/produs\/kamalatmikas-treasure\/","title":{"rendered":"Kamalatmika&#8217;s Treasure"},"content":{"rendered":"<p><span style=\"font-family: Arial, sans-serif;\"><span style=\"font-size: medium;\">Sunt Marea Zei\u021b\u0103 Kamalatmika, cunoscut\u0103 pentru puterea mea creativ\u0103. Am puterea de a crea bog\u0103\u021bie \u0219i frumuse\u021be \u00een jurul t\u0103u. Ador\u0103-m\u0103 cu o inim\u0103 pur\u0103 \u0219i-\u021bi voi \u00eendeplini dorin\u021bele! Promovez fidelitatea \u00een rela\u021bii \u0219i te ajut s\u0103 g\u0103se\u0219ti abundan\u021b\u0103 spiritual\u0103 \u00een lumea material\u0103. \u00cen timpurile dificile, \u00ee\u021bi ofer pace, prosperitate \u0219i moksha.<\/span><\/span><\/p>\n<p><span style=\"font-family: Arial, sans-serif;\"><span style=\"font-size: medium;\">Sunt zei\u021ba asociat\u0103 cu florile de lotus. Sunt adesea \u00eenf\u0103\u021bi\u0219at\u0103 \u021bin\u00e2nd lotu\u0219i \u00een bra\u021be. Lotu\u0219ii reprezint\u0103 via\u021ba \u0219i fertilitatea - yoni sau organele genitale feminine. \u00cen starea cosmic\u0103, lotusul reprezint\u0103 \u00eentreaga ordine creat\u0103. Asemenea unui lotus, care \u00ee\u0219i are r\u0103d\u0103cinile \u00een noroi, dar petalele sale nu sunt contaminate de p\u0103m\u00e2nt, voi, fiin\u021bele umane, de\u0219i \u00eenr\u0103d\u0103cina\u021bi \u00een lumea material\u0103 (noroi), nu trebuie s\u0103 fi\u021bi contamina\u021bi de ea, ci s\u0103 transcende\u021bi c\u0103tre o stare superioar\u0103 de cunoa\u0219tere \u0219i evlavie.<\/span><\/span><\/p>","protected":false},"excerpt":{"rendered":"<p>Produs disponibil<\/p>\n<p>Acrilic pe p\u00e2nz\u0103<\/p>\n<p>Size: 98.8 x 98.8 cm<\/p>\n<p>\u201cKamalatmika\u2019s Treasure\u201d a fost expus \u00een timpul evenimentului Fine Art Vision 2020.<\/p>\n<p>*Compozi\u021bie realizat\u0103 conform num\u0103rul de aur- geometria sacr\u0103.<\/p>","protected":false},"featured_media":1293,"template":"","meta":[],"product_brand":[],"product_cat":[16,45],"product_tag":[],"class_list":{"0":"post-2559","1":"product","2":"type-product","3":"status-publish","4":"has-post-thumbnail","6":"product_cat-originals","7":"product_cat-the-greatness-of-yantras","9":"first","10":"instock","11":"shipping-taxable","12":"purchasable","13":"product-type-simple"},"yoast_head":"<!-- This site is optimized with the Yoast SEO plugin v25.9 - https:\/\/yoast.com\/wordpress\/plugins\/seo\/ -->\n<title>Kamalatmika&#039;s Treasure - Jeanina Ra\u021b<\/title>\n<meta name=\"robots\" content=\"index, follow, max-snippet:-1, max-image-preview:large, max-video-preview:-1\" \/>\n<link rel=\"canonical\" href=\"https:\/\/jeaninarat.com\/ro\/produs\/kamalatmikas-treasure\/\" \/>\n<meta property=\"og:locale\" content=\"ro_RO\" \/>\n<meta property=\"og:type\" content=\"article\" \/>\n<meta property=\"og:title\" content=\"Kamalatmika&#039;s Treasure - Jeanina Ra\u021b\" \/>\n<meta property=\"og:description\" content=\"This artwork is available  Acrylic on canvas  Size: 98.8 x 98.8 cm  &quot;Kamalatmika&#039;s Treasure&#039;&#039; it was an artworks exhibited during the Fine Art Vision 20\/20 event.  *Composition made according to the golden number, sacred geometry.\" \/>\n<meta property=\"og:url\" content=\"https:\/\/jeaninarat.com\/ro\/produs\/kamalatmikas-treasure\/\" \/>\n<meta property=\"og:site_name\" content=\"Jeanina Ra\u021b\" \/>\n<meta property=\"article:modified_time\" content=\"2025-09-15T17:51:07+00:00\" \/>\n<meta property=\"og:image\" content=\"https:\/\/jeaninarat.com\/wp-content\/uploads\/2023\/02\/Web-publish-Kamalatmika-.jpg\" \/>\n\t<meta property=\"og:image:width\" content=\"1167\" \/>\n\t<meta property=\"og:image:height\" content=\"1167\" \/>\n\t<meta property=\"og:image:type\" content=\"image\/jpeg\" \/>\n<meta name=\"twitter:card\" content=\"summary_large_image\" \/>\n<meta name=\"twitter:label1\" content=\"Timp estimat pentru citire\" \/>\n\t<meta name=\"twitter:data1\" content=\"1 minut\" \/>\n<script type=\"application\/ld+json\" class=\"yoast-schema-graph\">{\"@context\":\"https:\/\/schema.org\",\"@graph\":[{\"@type\":\"WebPage\",\"@id\":\"https:\/\/jeaninarat.com\/product\/kamalatmikas-treasure\/\",\"url\":\"https:\/\/jeaninarat.com\/product\/kamalatmikas-treasure\/\",\"name\":\"Kamalatmika's Treasure - Jeanina Ra\u021b\",\"isPartOf\":{\"@id\":\"https:\/\/jeaninarat.com\/#website\"},\"primaryImageOfPage\":{\"@id\":\"https:\/\/jeaninarat.com\/product\/kamalatmikas-treasure\/#primaryimage\"},\"image\":{\"@id\":\"https:\/\/jeaninarat.com\/product\/kamalatmikas-treasure\/#primaryimage\"},\"thumbnailUrl\":\"https:\/\/jeaninarat.com\/wp-content\/uploads\/2023\/02\/Web-publish-Kamalatmika-.jpg\",\"datePublished\":\"2023-04-22T16:11:56+00:00\",\"dateModified\":\"2025-09-15T17:51:07+00:00\",\"breadcrumb\":{\"@id\":\"https:\/\/jeaninarat.com\/product\/kamalatmikas-treasure\/#breadcrumb\"},\"inLanguage\":\"ro-RO\",\"potentialAction\":[{\"@type\":\"ReadAction\",\"target\":[\"https:\/\/jeaninarat.com\/product\/kamalatmikas-treasure\/\"]}]},{\"@type\":\"ImageObject\",\"inLanguage\":\"ro-RO\",\"@id\":\"https:\/\/jeaninarat.com\/product\/kamalatmikas-treasure\/#primaryimage\",\"url\":\"https:\/\/jeaninarat.com\/wp-content\/uploads\/2023\/02\/Web-publish-Kamalatmika-.jpg\",\"contentUrl\":\"https:\/\/jeaninarat.com\/wp-content\/uploads\/2023\/02\/Web-publish-Kamalatmika-.jpg\",\"width\":1167,\"height\":1167,\"caption\":\"Kamalatmika's Treasure\"},{\"@type\":\"BreadcrumbList\",\"@id\":\"https:\/\/jeaninarat.com\/product\/kamalatmikas-treasure\/#breadcrumb\",\"itemListElement\":[{\"@type\":\"ListItem\",\"position\":1,\"name\":\"Home\",\"item\":\"https:\/\/jeaninarat.com\/\"},{\"@type\":\"ListItem\",\"position\":2,\"name\":\"Shop\",\"item\":\"https:\/\/jeaninarat.com\/shop\/\"},{\"@type\":\"ListItem\",\"position\":3,\"name\":\"Kamalatmika&#8217;s Treasure\"}]},{\"@type\":\"WebSite\",\"@id\":\"https:\/\/jeaninarat.com\/#website\",\"url\":\"https:\/\/jeaninarat.com\/\",\"name\":\"Jeanina Ra\u021b\",\"description\":\"A contemporary Romanian artist, creative and passionate of symbols and stories.\",\"publisher\":{\"@id\":\"https:\/\/jeaninarat.com\/#organization\"},\"potentialAction\":[{\"@type\":\"SearchAction\",\"target\":{\"@type\":\"EntryPoint\",\"urlTemplate\":\"https:\/\/jeaninarat.com\/?s={search_term_string}\"},\"query-input\":{\"@type\":\"PropertyValueSpecification\",\"valueRequired\":true,\"valueName\":\"search_term_string\"}}],\"inLanguage\":\"ro-RO\"},{\"@type\":\"Organization\",\"@id\":\"https:\/\/jeaninarat.com\/#organization\",\"name\":\"Jeanina Ra\u021b\",\"url\":\"https:\/\/jeaninarat.com\/\",\"logo\":{\"@type\":\"ImageObject\",\"inLanguage\":\"ro-RO\",\"@id\":\"https:\/\/jeaninarat.com\/#\/schema\/logo\/image\/\",\"url\":\"https:\/\/jeaninarat.com\/wp-content\/uploads\/2023\/02\/logo-11-m-nou-1.png\",\"contentUrl\":\"https:\/\/jeaninarat.com\/wp-content\/uploads\/2023\/02\/logo-11-m-nou-1.png\",\"width\":197,\"height\":194,\"caption\":\"Jeanina Ra\u021b\"},\"image\":{\"@id\":\"https:\/\/jeaninarat.com\/#\/schema\/logo\/image\/\"}}]}<\/script>\n<!-- \/ Yoast SEO plugin. -->","yoast_head_json":{"title":"Kamalatmika's Treasure - Jeanina Ra\u021b","robots":{"index":"index","follow":"follow","max-snippet":"max-snippet:-1","max-image-preview":"max-image-preview:large","max-video-preview":"max-video-preview:-1"},"canonical":"https:\/\/jeaninarat.com\/ro\/produs\/kamalatmikas-treasure\/","og_locale":"ro_RO","og_type":"article","og_title":"Kamalatmika's Treasure - Jeanina Ra\u021b","og_description":"This artwork is available  Acrylic on canvas  Size: 98.8 x 98.8 cm  \"Kamalatmika's Treasure'' it was an artworks exhibited during the Fine Art Vision 20\/20 event.  *Composition made according to the golden number, sacred geometry.","og_url":"https:\/\/jeaninarat.com\/ro\/produs\/kamalatmikas-treasure\/","og_site_name":"Jeanina Ra\u021b","article_modified_time":"2025-09-15T17:51:07+00:00","og_image":[{"width":1167,"height":1167,"url":"https:\/\/jeaninarat.com\/wp-content\/uploads\/2023\/02\/Web-publish-Kamalatmika-.jpg","type":"image\/jpeg"}],"twitter_card":"summary_large_image","twitter_misc":{"Timp estimat pentru citire":"1 minut"},"schema":{"@context":"https:\/\/schema.org","@graph":[{"@type":"WebPage","@id":"https:\/\/jeaninarat.com\/product\/kamalatmikas-treasure\/","url":"https:\/\/jeaninarat.com\/product\/kamalatmikas-treasure\/","name":"Kamalatmika's Treasure - Jeanina Ra\u021b","isPartOf":{"@id":"https:\/\/jeaninarat.com\/#website"},"primaryImageOfPage":{"@id":"https:\/\/jeaninarat.com\/product\/kamalatmikas-treasure\/#primaryimage"},"image":{"@id":"https:\/\/jeaninarat.com\/product\/kamalatmikas-treasure\/#primaryimage"},"thumbnailUrl":"https:\/\/jeaninarat.com\/wp-content\/uploads\/2023\/02\/Web-publish-Kamalatmika-.jpg","datePublished":"2023-04-22T16:11:56+00:00","dateModified":"2025-09-15T17:51:07+00:00","breadcrumb":{"@id":"https:\/\/jeaninarat.com\/product\/kamalatmikas-treasure\/#breadcrumb"},"inLanguage":"ro-RO","potentialAction":[{"@type":"ReadAction","target":["https:\/\/jeaninarat.com\/product\/kamalatmikas-treasure\/"]}]},{"@type":"ImageObject","inLanguage":"ro-RO","@id":"https:\/\/jeaninarat.com\/product\/kamalatmikas-treasure\/#primaryimage","url":"https:\/\/jeaninarat.com\/wp-content\/uploads\/2023\/02\/Web-publish-Kamalatmika-.jpg","contentUrl":"https:\/\/jeaninarat.com\/wp-content\/uploads\/2023\/02\/Web-publish-Kamalatmika-.jpg","width":1167,"height":1167,"caption":"Kamalatmika's Treasure"},{"@type":"BreadcrumbList","@id":"https:\/\/jeaninarat.com\/product\/kamalatmikas-treasure\/#breadcrumb","itemListElement":[{"@type":"ListItem","position":1,"name":"Home","item":"https:\/\/jeaninarat.com\/"},{"@type":"ListItem","position":2,"name":"Shop","item":"https:\/\/jeaninarat.com\/shop\/"},{"@type":"ListItem","position":3,"name":"Kamalatmika&#8217;s Treasure"}]},{"@type":"WebSite","@id":"https:\/\/jeaninarat.com\/#website","url":"https:\/\/jeaninarat.com\/","name":"Jeanina Ra\u021b","description":"A contemporary Romanian artist, creative and passionate of symbols and stories.","publisher":{"@id":"https:\/\/jeaninarat.com\/#organization"},"potentialAction":[{"@type":"SearchAction","target":{"@type":"EntryPoint","urlTemplate":"https:\/\/jeaninarat.com\/?s={search_term_string}"},"query-input":{"@type":"PropertyValueSpecification","valueRequired":true,"valueName":"search_term_string"}}],"inLanguage":"ro-RO"},{"@type":"Organization","@id":"https:\/\/jeaninarat.com\/#organization","name":"Jeanina Ra\u021b","url":"https:\/\/jeaninarat.com\/","logo":{"@type":"ImageObject","inLanguage":"ro-RO","@id":"https:\/\/jeaninarat.com\/#\/schema\/logo\/image\/","url":"https:\/\/jeaninarat.com\/wp-content\/uploads\/2023\/02\/logo-11-m-nou-1.png","contentUrl":"https:\/\/jeaninarat.com\/wp-content\/uploads\/2023\/02\/logo-11-m-nou-1.png","width":197,"height":194,"caption":"Jeanina Ra\u021b"},"image":{"@id":"https:\/\/jeaninarat.com\/#\/schema\/logo\/image\/"}}]}},"_links":{"self":[{"href":"https:\/\/jeaninarat.com\/ro\/wp-json\/wp\/v2\/product\/2559","targetHints":{"allow":["GET"]}}],"collection":[{"href":"https:\/\/jeaninarat.com\/ro\/wp-json\/wp\/v2\/product"}],"about":[{"href":"https:\/\/jeaninarat.com\/ro\/wp-json\/wp\/v2\/types\/product"}],"version-history":[{"count":8,"href":"https:\/\/jeaninarat.com\/ro\/wp-json\/wp\/v2\/product\/2559\/revisions"}],"predecessor-version":[{"id":3537,"href":"https:\/\/jeaninarat.com\/ro\/wp-json\/wp\/v2\/product\/2559\/revisions\/3537"}],"wp:featuredmedia":[{"embeddable":true,"href":"https:\/\/jeaninarat.com\/ro\/wp-json\/wp\/v2\/media\/1293"}],"wp:attachment":[{"href":"https:\/\/jeaninarat.com\/ro\/wp-json\/wp\/v2\/media?parent=2559"}],"wp:term":[{"taxonomy":"product_brand","embeddable":true,"href":"https:\/\/jeaninarat.com\/ro\/wp-json\/wp\/v2\/product_brand?post=2559"},{"taxonomy":"product_cat","embeddable":true,"href":"https:\/\/jeaninarat.com\/ro\/wp-json\/wp\/v2\/product_cat?post=2559"},{"taxonomy":"product_tag","embeddable":true,"href":"https:\/\/jeaninarat.com\/ro\/wp-json\/wp\/v2\/product_tag?post=2559"}],"curies":[{"name":"wp","href":"https:\/\/api.w.org\/{rel}","templated":true}]}}