{"id":2538,"date":"2023-04-22T15:56:01","date_gmt":"2023-04-22T15:56:01","guid":{"rendered":"https:\/\/jeaninarat.com\/?post_type=product&#038;p=2538"},"modified":"2024-01-27T17:48:18","modified_gmt":"2024-01-27T17:48:18","slug":"the-queen-of-universe-bhuvaneshvari","status":"publish","type":"product","link":"https:\/\/jeaninarat.com\/ro\/produs\/the-queen-of-universe-bhuvaneshvari\/","title":{"rendered":"The Queen of Universe- Bhuvaneshwari"},"content":{"rendered":"<p><span style=\"font-family: Arial, sans-serif;\"><span style=\"font-size: medium;\">Spune-mi zei\u021ba iubirii. Eu creez puterea iubirii, a spa\u021biului, a libert\u0103\u021bii, deoarece dragostea neata\u0219at\u0103 nu are grani\u021be. Eu joc \u0219i rolul de creator \u0219i protector. Cel care m\u0103 \u00eenchin\u0103 cu o inim\u0103 adev\u0103rat\u0103 \u0219i se roag\u0103 la mine \u00een mod regulat este binecuv\u00e2ntat cu 64 de virtu\u021bi divine. Deci da, \u00ee\u021bi promit c\u0103 vei reu\u0219i \u00een toate domeniile vie\u021bii. Fericirea te va \u00eembr\u0103\u021bi\u0219a \u0219i eu \u00ee\u021bi voi \u00eendep\u0103rta durerile \u0219i \u00ee\u021bi voi ierta toate p\u0103catele.<\/span><\/span><\/p>\n<p><span style=\"font-family: Arial, sans-serif;\"><span style=\"font-size: medium;\">Spune-mi zei\u021ba iubirii. Eu creez puterea iubirii, a spa\u021biului, a libert\u0103\u021bii, deoarece dragostea neata\u0219at\u0103 nu are grani\u021be. Eu joc \u0219i rolul de creator \u0219i protector. Cel care m\u0103 \u00eenchin\u0103 cu o inim\u0103 adev\u0103rat\u0103 \u0219i se roag\u0103 la mine \u00een mod regulat este binecuv\u00e2ntat cu 64 de virtu\u021bi divine. Deci da, \u00ee\u021bi promit c\u0103 vei reu\u0219i \u00een toate domeniile vie\u021bii. Fericirea te va \u00eembr\u0103\u021bi\u0219a \u0219i eu \u00ee\u021bi voi \u00eendep\u0103rta durerile \u0219i \u00ee\u021bi voi ierta toate p\u0103catele.<\/span><\/span><\/p>","protected":false},"excerpt":{"rendered":"<p><strong>V\u00c2NDUT<\/strong><\/p>\n<p>Acrilic pe p\u00e2nz\u0103<\/p>\n<p>Size: 78 x 107.5 x 2.5 cm<\/p>\n<p>*Compozi\u021bie realizat\u0103 conform num\u0103rul de aur- geometria sacr\u0103<\/p>","protected":false},"featured_media":2617,"template":"","meta":[],"product_brand":[],"product_cat":[16,45],"product_tag":[],"class_list":{"0":"post-2538","1":"product","2":"type-product","3":"status-publish","4":"has-post-thumbnail","6":"product_cat-originals","7":"product_cat-the-greatness-of-yantras","9":"first","10":"instock","11":"shipping-taxable","12":"product-type-simple"},"yoast_head":"<!-- This site is optimized with the Yoast SEO plugin v25.9 - https:\/\/yoast.com\/wordpress\/plugins\/seo\/ -->\n<title>The Queen of Universe- Bhuvaneshwari - Jeanina Ra\u021b<\/title>\n<meta name=\"robots\" content=\"index, follow, max-snippet:-1, max-image-preview:large, max-video-preview:-1\" \/>\n<link rel=\"canonical\" href=\"https:\/\/jeaninarat.com\/ro\/produs\/the-queen-of-universe-bhuvaneshvari\/\" \/>\n<meta property=\"og:locale\" content=\"ro_RO\" \/>\n<meta property=\"og:type\" content=\"article\" \/>\n<meta property=\"og:title\" content=\"The Queen of Universe- Bhuvaneshwari - Jeanina Ra\u021b\" \/>\n<meta property=\"og:description\" content=\"SOLD  Acrylic on canvas  Size: 78 x 107.5 x 2.5 cm  *Composition made according to the golden number, sacred geometry\" \/>\n<meta property=\"og:url\" content=\"https:\/\/jeaninarat.com\/ro\/produs\/the-queen-of-universe-bhuvaneshvari\/\" \/>\n<meta property=\"og:site_name\" content=\"Jeanina Ra\u021b\" \/>\n<meta property=\"article:modified_time\" content=\"2024-01-27T17:48:18+00:00\" \/>\n<meta property=\"og:image\" content=\"https:\/\/jeaninarat.com\/wp-content\/uploads\/2023\/04\/BuvaneshvaryLight.xx_.jpg\" \/>\n\t<meta property=\"og:image:width\" content=\"1211\" \/>\n\t<meta property=\"og:image:height\" content=\"856\" \/>\n\t<meta property=\"og:image:type\" content=\"image\/jpeg\" \/>\n<meta name=\"twitter:card\" content=\"summary_large_image\" \/>\n<meta name=\"twitter:label1\" content=\"Timp estimat pentru citire\" \/>\n\t<meta name=\"twitter:data1\" content=\"1 minut\" \/>\n<script type=\"application\/ld+json\" class=\"yoast-schema-graph\">{\"@context\":\"https:\/\/schema.org\",\"@graph\":[{\"@type\":\"WebPage\",\"@id\":\"https:\/\/jeaninarat.com\/product\/the-queen-of-universe-bhuvaneshvari\/\",\"url\":\"https:\/\/jeaninarat.com\/product\/the-queen-of-universe-bhuvaneshvari\/\",\"name\":\"The Queen of Universe- Bhuvaneshwari - Jeanina Ra\u021b\",\"isPartOf\":{\"@id\":\"https:\/\/jeaninarat.com\/#website\"},\"primaryImageOfPage\":{\"@id\":\"https:\/\/jeaninarat.com\/product\/the-queen-of-universe-bhuvaneshvari\/#primaryimage\"},\"image\":{\"@id\":\"https:\/\/jeaninarat.com\/product\/the-queen-of-universe-bhuvaneshvari\/#primaryimage\"},\"thumbnailUrl\":\"https:\/\/jeaninarat.com\/wp-content\/uploads\/2023\/04\/BuvaneshvaryLight.xx_.jpg\",\"datePublished\":\"2023-04-22T15:56:01+00:00\",\"dateModified\":\"2024-01-27T17:48:18+00:00\",\"breadcrumb\":{\"@id\":\"https:\/\/jeaninarat.com\/product\/the-queen-of-universe-bhuvaneshvari\/#breadcrumb\"},\"inLanguage\":\"ro-RO\",\"potentialAction\":[{\"@type\":\"ReadAction\",\"target\":[\"https:\/\/jeaninarat.com\/product\/the-queen-of-universe-bhuvaneshvari\/\"]}]},{\"@type\":\"ImageObject\",\"inLanguage\":\"ro-RO\",\"@id\":\"https:\/\/jeaninarat.com\/product\/the-queen-of-universe-bhuvaneshvari\/#primaryimage\",\"url\":\"https:\/\/jeaninarat.com\/wp-content\/uploads\/2023\/04\/BuvaneshvaryLight.xx_.jpg\",\"contentUrl\":\"https:\/\/jeaninarat.com\/wp-content\/uploads\/2023\/04\/BuvaneshvaryLight.xx_.jpg\",\"width\":1211,\"height\":856,\"caption\":\"Buvaneshvary\"},{\"@type\":\"BreadcrumbList\",\"@id\":\"https:\/\/jeaninarat.com\/product\/the-queen-of-universe-bhuvaneshvari\/#breadcrumb\",\"itemListElement\":[{\"@type\":\"ListItem\",\"position\":1,\"name\":\"Home\",\"item\":\"https:\/\/jeaninarat.com\/\"},{\"@type\":\"ListItem\",\"position\":2,\"name\":\"Shop\",\"item\":\"https:\/\/jeaninarat.com\/shop\/\"},{\"@type\":\"ListItem\",\"position\":3,\"name\":\"The Queen of Universe- Bhuvaneshwari\"}]},{\"@type\":\"WebSite\",\"@id\":\"https:\/\/jeaninarat.com\/#website\",\"url\":\"https:\/\/jeaninarat.com\/\",\"name\":\"Jeanina Ra\u021b\",\"description\":\"A contemporary Romanian artist, creative and passionate of symbols and stories.\",\"publisher\":{\"@id\":\"https:\/\/jeaninarat.com\/#organization\"},\"potentialAction\":[{\"@type\":\"SearchAction\",\"target\":{\"@type\":\"EntryPoint\",\"urlTemplate\":\"https:\/\/jeaninarat.com\/?s={search_term_string}\"},\"query-input\":{\"@type\":\"PropertyValueSpecification\",\"valueRequired\":true,\"valueName\":\"search_term_string\"}}],\"inLanguage\":\"ro-RO\"},{\"@type\":\"Organization\",\"@id\":\"https:\/\/jeaninarat.com\/#organization\",\"name\":\"Jeanina Ra\u021b\",\"url\":\"https:\/\/jeaninarat.com\/\",\"logo\":{\"@type\":\"ImageObject\",\"inLanguage\":\"ro-RO\",\"@id\":\"https:\/\/jeaninarat.com\/#\/schema\/logo\/image\/\",\"url\":\"https:\/\/jeaninarat.com\/wp-content\/uploads\/2023\/02\/logo-11-m-nou-1.png\",\"contentUrl\":\"https:\/\/jeaninarat.com\/wp-content\/uploads\/2023\/02\/logo-11-m-nou-1.png\",\"width\":197,\"height\":194,\"caption\":\"Jeanina Ra\u021b\"},\"image\":{\"@id\":\"https:\/\/jeaninarat.com\/#\/schema\/logo\/image\/\"}}]}<\/script>\n<!-- \/ Yoast SEO plugin. -->","yoast_head_json":{"title":"The Queen of Universe- Bhuvaneshwari - Jeanina Ra\u021b","robots":{"index":"index","follow":"follow","max-snippet":"max-snippet:-1","max-image-preview":"max-image-preview:large","max-video-preview":"max-video-preview:-1"},"canonical":"https:\/\/jeaninarat.com\/ro\/produs\/the-queen-of-universe-bhuvaneshvari\/","og_locale":"ro_RO","og_type":"article","og_title":"The Queen of Universe- Bhuvaneshwari - Jeanina Ra\u021b","og_description":"SOLD  Acrylic on canvas  Size: 78 x 107.5 x 2.5 cm  *Composition made according to the golden number, sacred geometry","og_url":"https:\/\/jeaninarat.com\/ro\/produs\/the-queen-of-universe-bhuvaneshvari\/","og_site_name":"Jeanina Ra\u021b","article_modified_time":"2024-01-27T17:48:18+00:00","og_image":[{"width":1211,"height":856,"url":"https:\/\/jeaninarat.com\/wp-content\/uploads\/2023\/04\/BuvaneshvaryLight.xx_.jpg","type":"image\/jpeg"}],"twitter_card":"summary_large_image","twitter_misc":{"Timp estimat pentru citire":"1 minut"},"schema":{"@context":"https:\/\/schema.org","@graph":[{"@type":"WebPage","@id":"https:\/\/jeaninarat.com\/product\/the-queen-of-universe-bhuvaneshvari\/","url":"https:\/\/jeaninarat.com\/product\/the-queen-of-universe-bhuvaneshvari\/","name":"The Queen of Universe- Bhuvaneshwari - Jeanina Ra\u021b","isPartOf":{"@id":"https:\/\/jeaninarat.com\/#website"},"primaryImageOfPage":{"@id":"https:\/\/jeaninarat.com\/product\/the-queen-of-universe-bhuvaneshvari\/#primaryimage"},"image":{"@id":"https:\/\/jeaninarat.com\/product\/the-queen-of-universe-bhuvaneshvari\/#primaryimage"},"thumbnailUrl":"https:\/\/jeaninarat.com\/wp-content\/uploads\/2023\/04\/BuvaneshvaryLight.xx_.jpg","datePublished":"2023-04-22T15:56:01+00:00","dateModified":"2024-01-27T17:48:18+00:00","breadcrumb":{"@id":"https:\/\/jeaninarat.com\/product\/the-queen-of-universe-bhuvaneshvari\/#breadcrumb"},"inLanguage":"ro-RO","potentialAction":[{"@type":"ReadAction","target":["https:\/\/jeaninarat.com\/product\/the-queen-of-universe-bhuvaneshvari\/"]}]},{"@type":"ImageObject","inLanguage":"ro-RO","@id":"https:\/\/jeaninarat.com\/product\/the-queen-of-universe-bhuvaneshvari\/#primaryimage","url":"https:\/\/jeaninarat.com\/wp-content\/uploads\/2023\/04\/BuvaneshvaryLight.xx_.jpg","contentUrl":"https:\/\/jeaninarat.com\/wp-content\/uploads\/2023\/04\/BuvaneshvaryLight.xx_.jpg","width":1211,"height":856,"caption":"Buvaneshvary"},{"@type":"BreadcrumbList","@id":"https:\/\/jeaninarat.com\/product\/the-queen-of-universe-bhuvaneshvari\/#breadcrumb","itemListElement":[{"@type":"ListItem","position":1,"name":"Home","item":"https:\/\/jeaninarat.com\/"},{"@type":"ListItem","position":2,"name":"Shop","item":"https:\/\/jeaninarat.com\/shop\/"},{"@type":"ListItem","position":3,"name":"The Queen of Universe- Bhuvaneshwari"}]},{"@type":"WebSite","@id":"https:\/\/jeaninarat.com\/#website","url":"https:\/\/jeaninarat.com\/","name":"Jeanina Ra\u021b","description":"A contemporary Romanian artist, creative and passionate of symbols and stories.","publisher":{"@id":"https:\/\/jeaninarat.com\/#organization"},"potentialAction":[{"@type":"SearchAction","target":{"@type":"EntryPoint","urlTemplate":"https:\/\/jeaninarat.com\/?s={search_term_string}"},"query-input":{"@type":"PropertyValueSpecification","valueRequired":true,"valueName":"search_term_string"}}],"inLanguage":"ro-RO"},{"@type":"Organization","@id":"https:\/\/jeaninarat.com\/#organization","name":"Jeanina Ra\u021b","url":"https:\/\/jeaninarat.com\/","logo":{"@type":"ImageObject","inLanguage":"ro-RO","@id":"https:\/\/jeaninarat.com\/#\/schema\/logo\/image\/","url":"https:\/\/jeaninarat.com\/wp-content\/uploads\/2023\/02\/logo-11-m-nou-1.png","contentUrl":"https:\/\/jeaninarat.com\/wp-content\/uploads\/2023\/02\/logo-11-m-nou-1.png","width":197,"height":194,"caption":"Jeanina Ra\u021b"},"image":{"@id":"https:\/\/jeaninarat.com\/#\/schema\/logo\/image\/"}}]}},"_links":{"self":[{"href":"https:\/\/jeaninarat.com\/ro\/wp-json\/wp\/v2\/product\/2538","targetHints":{"allow":["GET"]}}],"collection":[{"href":"https:\/\/jeaninarat.com\/ro\/wp-json\/wp\/v2\/product"}],"about":[{"href":"https:\/\/jeaninarat.com\/ro\/wp-json\/wp\/v2\/types\/product"}],"version-history":[{"count":8,"href":"https:\/\/jeaninarat.com\/ro\/wp-json\/wp\/v2\/product\/2538\/revisions"}],"predecessor-version":[{"id":3849,"href":"https:\/\/jeaninarat.com\/ro\/wp-json\/wp\/v2\/product\/2538\/revisions\/3849"}],"wp:featuredmedia":[{"embeddable":true,"href":"https:\/\/jeaninarat.com\/ro\/wp-json\/wp\/v2\/media\/2617"}],"wp:attachment":[{"href":"https:\/\/jeaninarat.com\/ro\/wp-json\/wp\/v2\/media?parent=2538"}],"wp:term":[{"taxonomy":"product_brand","embeddable":true,"href":"https:\/\/jeaninarat.com\/ro\/wp-json\/wp\/v2\/product_brand?post=2538"},{"taxonomy":"product_cat","embeddable":true,"href":"https:\/\/jeaninarat.com\/ro\/wp-json\/wp\/v2\/product_cat?post=2538"},{"taxonomy":"product_tag","embeddable":true,"href":"https:\/\/jeaninarat.com\/ro\/wp-json\/wp\/v2\/product_tag?post=2538"}],"curies":[{"name":"wp","href":"https:\/\/api.w.org\/{rel}","templated":true}]}}