{"id":2530,"date":"2023-04-22T15:48:24","date_gmt":"2023-04-22T15:48:24","guid":{"rendered":"https:\/\/jeaninarat.com\/?post_type=product&#038;p=2530"},"modified":"2024-01-27T17:46:54","modified_gmt":"2024-01-27T17:46:54","slug":"shivas-bull","status":"publish","type":"product","link":"https:\/\/jeaninarat.com\/ro\/produs\/shivas-bull\/","title":{"rendered":"Shiva&#8217;s Bull"},"content":{"rendered":"<p><span style=\"font-family: Arial, sans-serif;\"><span style=\"font-size: medium;\">Eu, Marele Shiva, sunt unul dintre cei mai complexi zei ai Indiei, \u00eembr\u0103c\u00e2nd calit\u0103\u021bi aparent contradictorii. Sunt distrug\u0103torul \u0219i restauratorul, marele ascet \u0219i simbolul senzualit\u0103\u021bii, p\u0103storul benevolent al sufletelor \u0219i r\u0103zbun\u0103torul m\u00e2nios.<\/span><\/span><\/p>\n<p><span style=\"font-family: Arial, sans-serif;\"><span style=\"font-size: medium;\">\u00cen multe dintre imaginile care m\u0103 reprezint\u0103, taurul meu sacru este adesea prezent. Taurul meu st\u0103 la picioarele lui Dumnezeu sau m\u0103 poart\u0103 c\u0103tre ceruri, personific\u00e2nd \u00eencrederea \u0219i hot\u0103r\u00e2rea de a rezista for\u021belor demonice \u0219i du\u0219manilor luminii. Nandi este un taur puternic, formidabil pentru a se potrivi cu Dumnezeu. Uneori este considerat o imagine zoomorf\u0103 a mea, a lui Shiva.<\/span><\/span><\/p>\n<p><span style=\"font-family: Arial, sans-serif;\"><span style=\"font-size: medium;\">\"Taurul lui Shiva\" se bazeaz\u0103 pe un vis. Un taur alb \u0219i impun\u0103tor mi-a ap\u0103rut \u00een fa\u021b\u0103, aduc\u00e2ndu-mi aminte de Zeus \u0219i r\u0103pirea Europei. Legenda spune c\u0103 Zeus a luat forma unui taur alb pentru a o seduce pe Europa. Ea \u00eel m\u00e2ng\u00e2ie, se urc\u0103 pe spatele lui \u0219i se las\u0103 purtat\u0103. Taurul \u00eencearc\u0103 s\u0103 m\u0103 seduc\u0103, m\u0103 convinge s\u0103-l urmez. El este b\u0103rbatul, iubitul meu. El este Shiva, energia lui, iar capul uria\u0219 al taurului este un simbol, taurul manifest\u00e2ndu-se ca un simbol al marelui Dumnezeu.<\/span><\/span><\/p>\n<p><span style=\"font-family: Arial, sans-serif;\"><span style=\"font-size: medium;\">\u201eEl, Protectorul, Creatorul tuturor vie\u021buitoarelor, le redizolv\u0103 pe toate la sf\u00e2r\u0219itul timpului.\u201d<\/span><\/span><\/p>","protected":false},"excerpt":{"rendered":"<p><strong>V\u00c2NDUT<\/strong><\/p>\n<p>Acrilic pe p\u00e2nz\u0103<\/p>\n<p>Size: 100 x 120 x 4 cm<\/p>\n<p>\u201dShiva\u2019s Bull\u201d a fost expus \u00een cadrul evenimentului Fine Art Vision 2020.<\/p>","protected":false},"featured_media":1177,"template":"","meta":[],"product_brand":[],"product_cat":[16,45],"product_tag":[],"class_list":{"0":"post-2530","1":"product","2":"type-product","3":"status-publish","4":"has-post-thumbnail","6":"product_cat-originals","7":"product_cat-the-greatness-of-yantras","9":"first","10":"instock","11":"shipping-taxable","12":"product-type-simple"},"yoast_head":"<!-- This site is optimized with the Yoast SEO plugin v25.9 - https:\/\/yoast.com\/wordpress\/plugins\/seo\/ -->\n<title>Shiva&#039;s Bull - Jeanina Ra\u021b<\/title>\n<meta name=\"robots\" content=\"index, follow, max-snippet:-1, max-image-preview:large, max-video-preview:-1\" \/>\n<link rel=\"canonical\" href=\"https:\/\/jeaninarat.com\/ro\/produs\/shivas-bull\/\" \/>\n<meta property=\"og:locale\" content=\"ro_RO\" \/>\n<meta property=\"og:type\" content=\"article\" \/>\n<meta property=\"og:title\" content=\"Shiva&#039;s Bull - Jeanina Ra\u021b\" \/>\n<meta property=\"og:description\" content=\"SOLD  Acrylic on canvas  Size: 100 x 120 x 4 cm  &#039;&#039;Shiva&#039;s Bull\u201d it was an artworks exhibited during the Fine Art Vision 20\/20 event.\" \/>\n<meta property=\"og:url\" content=\"https:\/\/jeaninarat.com\/ro\/produs\/shivas-bull\/\" \/>\n<meta property=\"og:site_name\" content=\"Jeanina Ra\u021b\" \/>\n<meta property=\"article:modified_time\" content=\"2024-01-27T17:46:54+00:00\" \/>\n<meta property=\"og:image\" content=\"https:\/\/jeaninarat.com\/wp-content\/uploads\/2023\/02\/WEB-Shiva-s-Bull-JeaninaRat_August20.jpg\" \/>\n\t<meta property=\"og:image:width\" content=\"1043\" \/>\n\t<meta property=\"og:image:height\" content=\"1252\" \/>\n\t<meta property=\"og:image:type\" content=\"image\/jpeg\" \/>\n<meta name=\"twitter:card\" content=\"summary_large_image\" \/>\n<meta name=\"twitter:label1\" content=\"Timp estimat pentru citire\" \/>\n\t<meta name=\"twitter:data1\" content=\"2 minute\" \/>\n<script type=\"application\/ld+json\" class=\"yoast-schema-graph\">{\"@context\":\"https:\/\/schema.org\",\"@graph\":[{\"@type\":\"WebPage\",\"@id\":\"https:\/\/jeaninarat.com\/product\/shivas-bull\/\",\"url\":\"https:\/\/jeaninarat.com\/product\/shivas-bull\/\",\"name\":\"Shiva's Bull - Jeanina Ra\u021b\",\"isPartOf\":{\"@id\":\"https:\/\/jeaninarat.com\/#website\"},\"primaryImageOfPage\":{\"@id\":\"https:\/\/jeaninarat.com\/product\/shivas-bull\/#primaryimage\"},\"image\":{\"@id\":\"https:\/\/jeaninarat.com\/product\/shivas-bull\/#primaryimage\"},\"thumbnailUrl\":\"https:\/\/jeaninarat.com\/wp-content\/uploads\/2023\/02\/WEB-Shiva-s-Bull-JeaninaRat_August20.jpg\",\"datePublished\":\"2023-04-22T15:48:24+00:00\",\"dateModified\":\"2024-01-27T17:46:54+00:00\",\"breadcrumb\":{\"@id\":\"https:\/\/jeaninarat.com\/product\/shivas-bull\/#breadcrumb\"},\"inLanguage\":\"ro-RO\",\"potentialAction\":[{\"@type\":\"ReadAction\",\"target\":[\"https:\/\/jeaninarat.com\/product\/shivas-bull\/\"]}]},{\"@type\":\"ImageObject\",\"inLanguage\":\"ro-RO\",\"@id\":\"https:\/\/jeaninarat.com\/product\/shivas-bull\/#primaryimage\",\"url\":\"https:\/\/jeaninarat.com\/wp-content\/uploads\/2023\/02\/WEB-Shiva-s-Bull-JeaninaRat_August20.jpg\",\"contentUrl\":\"https:\/\/jeaninarat.com\/wp-content\/uploads\/2023\/02\/WEB-Shiva-s-Bull-JeaninaRat_August20.jpg\",\"width\":1043,\"height\":1252,\"caption\":\"Shiva's Bull\"},{\"@type\":\"BreadcrumbList\",\"@id\":\"https:\/\/jeaninarat.com\/product\/shivas-bull\/#breadcrumb\",\"itemListElement\":[{\"@type\":\"ListItem\",\"position\":1,\"name\":\"Home\",\"item\":\"https:\/\/jeaninarat.com\/\"},{\"@type\":\"ListItem\",\"position\":2,\"name\":\"Shop\",\"item\":\"https:\/\/jeaninarat.com\/shop\/\"},{\"@type\":\"ListItem\",\"position\":3,\"name\":\"Shiva&#8217;s Bull\"}]},{\"@type\":\"WebSite\",\"@id\":\"https:\/\/jeaninarat.com\/#website\",\"url\":\"https:\/\/jeaninarat.com\/\",\"name\":\"Jeanina Ra\u021b\",\"description\":\"A contemporary Romanian artist, creative and passionate of symbols and stories.\",\"publisher\":{\"@id\":\"https:\/\/jeaninarat.com\/#organization\"},\"potentialAction\":[{\"@type\":\"SearchAction\",\"target\":{\"@type\":\"EntryPoint\",\"urlTemplate\":\"https:\/\/jeaninarat.com\/?s={search_term_string}\"},\"query-input\":{\"@type\":\"PropertyValueSpecification\",\"valueRequired\":true,\"valueName\":\"search_term_string\"}}],\"inLanguage\":\"ro-RO\"},{\"@type\":\"Organization\",\"@id\":\"https:\/\/jeaninarat.com\/#organization\",\"name\":\"Jeanina Ra\u021b\",\"url\":\"https:\/\/jeaninarat.com\/\",\"logo\":{\"@type\":\"ImageObject\",\"inLanguage\":\"ro-RO\",\"@id\":\"https:\/\/jeaninarat.com\/#\/schema\/logo\/image\/\",\"url\":\"https:\/\/jeaninarat.com\/wp-content\/uploads\/2023\/02\/logo-11-m-nou-1.png\",\"contentUrl\":\"https:\/\/jeaninarat.com\/wp-content\/uploads\/2023\/02\/logo-11-m-nou-1.png\",\"width\":197,\"height\":194,\"caption\":\"Jeanina Ra\u021b\"},\"image\":{\"@id\":\"https:\/\/jeaninarat.com\/#\/schema\/logo\/image\/\"}}]}<\/script>\n<!-- \/ Yoast SEO plugin. -->","yoast_head_json":{"title":"Shiva's Bull - Jeanina Ra\u021b","robots":{"index":"index","follow":"follow","max-snippet":"max-snippet:-1","max-image-preview":"max-image-preview:large","max-video-preview":"max-video-preview:-1"},"canonical":"https:\/\/jeaninarat.com\/ro\/produs\/shivas-bull\/","og_locale":"ro_RO","og_type":"article","og_title":"Shiva's Bull - Jeanina Ra\u021b","og_description":"SOLD  Acrylic on canvas  Size: 100 x 120 x 4 cm  ''Shiva's Bull\u201d it was an artworks exhibited during the Fine Art Vision 20\/20 event.","og_url":"https:\/\/jeaninarat.com\/ro\/produs\/shivas-bull\/","og_site_name":"Jeanina Ra\u021b","article_modified_time":"2024-01-27T17:46:54+00:00","og_image":[{"width":1043,"height":1252,"url":"https:\/\/jeaninarat.com\/wp-content\/uploads\/2023\/02\/WEB-Shiva-s-Bull-JeaninaRat_August20.jpg","type":"image\/jpeg"}],"twitter_card":"summary_large_image","twitter_misc":{"Timp estimat pentru citire":"2 minute"},"schema":{"@context":"https:\/\/schema.org","@graph":[{"@type":"WebPage","@id":"https:\/\/jeaninarat.com\/product\/shivas-bull\/","url":"https:\/\/jeaninarat.com\/product\/shivas-bull\/","name":"Shiva's Bull - Jeanina Ra\u021b","isPartOf":{"@id":"https:\/\/jeaninarat.com\/#website"},"primaryImageOfPage":{"@id":"https:\/\/jeaninarat.com\/product\/shivas-bull\/#primaryimage"},"image":{"@id":"https:\/\/jeaninarat.com\/product\/shivas-bull\/#primaryimage"},"thumbnailUrl":"https:\/\/jeaninarat.com\/wp-content\/uploads\/2023\/02\/WEB-Shiva-s-Bull-JeaninaRat_August20.jpg","datePublished":"2023-04-22T15:48:24+00:00","dateModified":"2024-01-27T17:46:54+00:00","breadcrumb":{"@id":"https:\/\/jeaninarat.com\/product\/shivas-bull\/#breadcrumb"},"inLanguage":"ro-RO","potentialAction":[{"@type":"ReadAction","target":["https:\/\/jeaninarat.com\/product\/shivas-bull\/"]}]},{"@type":"ImageObject","inLanguage":"ro-RO","@id":"https:\/\/jeaninarat.com\/product\/shivas-bull\/#primaryimage","url":"https:\/\/jeaninarat.com\/wp-content\/uploads\/2023\/02\/WEB-Shiva-s-Bull-JeaninaRat_August20.jpg","contentUrl":"https:\/\/jeaninarat.com\/wp-content\/uploads\/2023\/02\/WEB-Shiva-s-Bull-JeaninaRat_August20.jpg","width":1043,"height":1252,"caption":"Shiva's Bull"},{"@type":"BreadcrumbList","@id":"https:\/\/jeaninarat.com\/product\/shivas-bull\/#breadcrumb","itemListElement":[{"@type":"ListItem","position":1,"name":"Home","item":"https:\/\/jeaninarat.com\/"},{"@type":"ListItem","position":2,"name":"Shop","item":"https:\/\/jeaninarat.com\/shop\/"},{"@type":"ListItem","position":3,"name":"Shiva&#8217;s Bull"}]},{"@type":"WebSite","@id":"https:\/\/jeaninarat.com\/#website","url":"https:\/\/jeaninarat.com\/","name":"Jeanina Ra\u021b","description":"A contemporary Romanian artist, creative and passionate of symbols and stories.","publisher":{"@id":"https:\/\/jeaninarat.com\/#organization"},"potentialAction":[{"@type":"SearchAction","target":{"@type":"EntryPoint","urlTemplate":"https:\/\/jeaninarat.com\/?s={search_term_string}"},"query-input":{"@type":"PropertyValueSpecification","valueRequired":true,"valueName":"search_term_string"}}],"inLanguage":"ro-RO"},{"@type":"Organization","@id":"https:\/\/jeaninarat.com\/#organization","name":"Jeanina Ra\u021b","url":"https:\/\/jeaninarat.com\/","logo":{"@type":"ImageObject","inLanguage":"ro-RO","@id":"https:\/\/jeaninarat.com\/#\/schema\/logo\/image\/","url":"https:\/\/jeaninarat.com\/wp-content\/uploads\/2023\/02\/logo-11-m-nou-1.png","contentUrl":"https:\/\/jeaninarat.com\/wp-content\/uploads\/2023\/02\/logo-11-m-nou-1.png","width":197,"height":194,"caption":"Jeanina Ra\u021b"},"image":{"@id":"https:\/\/jeaninarat.com\/#\/schema\/logo\/image\/"}}]}},"_links":{"self":[{"href":"https:\/\/jeaninarat.com\/ro\/wp-json\/wp\/v2\/product\/2530","targetHints":{"allow":["GET"]}}],"collection":[{"href":"https:\/\/jeaninarat.com\/ro\/wp-json\/wp\/v2\/product"}],"about":[{"href":"https:\/\/jeaninarat.com\/ro\/wp-json\/wp\/v2\/types\/product"}],"version-history":[{"count":8,"href":"https:\/\/jeaninarat.com\/ro\/wp-json\/wp\/v2\/product\/2530\/revisions"}],"predecessor-version":[{"id":3848,"href":"https:\/\/jeaninarat.com\/ro\/wp-json\/wp\/v2\/product\/2530\/revisions\/3848"}],"wp:featuredmedia":[{"embeddable":true,"href":"https:\/\/jeaninarat.com\/ro\/wp-json\/wp\/v2\/media\/1177"}],"wp:attachment":[{"href":"https:\/\/jeaninarat.com\/ro\/wp-json\/wp\/v2\/media?parent=2530"}],"wp:term":[{"taxonomy":"product_brand","embeddable":true,"href":"https:\/\/jeaninarat.com\/ro\/wp-json\/wp\/v2\/product_brand?post=2530"},{"taxonomy":"product_cat","embeddable":true,"href":"https:\/\/jeaninarat.com\/ro\/wp-json\/wp\/v2\/product_cat?post=2530"},{"taxonomy":"product_tag","embeddable":true,"href":"https:\/\/jeaninarat.com\/ro\/wp-json\/wp\/v2\/product_tag?post=2530"}],"curies":[{"name":"wp","href":"https:\/\/api.w.org\/{rel}","templated":true}]}}