{"id":2519,"date":"2023-04-22T15:29:01","date_gmt":"2023-04-22T15:29:01","guid":{"rendered":"https:\/\/jeaninarat.com\/?post_type=product&#038;p=2519"},"modified":"2024-01-27T17:45:23","modified_gmt":"2024-01-27T17:45:23","slug":"kalis-cat","status":"publish","type":"product","link":"https:\/\/jeaninarat.com\/ro\/produs\/kalis-cat\/","title":{"rendered":"Kali&#8217;s Cat"},"content":{"rendered":"<p><span style=\"font-family: Arial, sans-serif;\"><span style=\"font-size: medium;\">C\u00e2nd oamenii se g\u00e2ndesc la zei\u021bele hinduse, majoritatea dintre voi v\u0103 g\u00e2ndi\u021bi la elegan\u021b\u0103, iubire \u0219i frumuse\u021be. Dar eu, zei\u021ba Kali, sunt diferit\u0103 \u00een fiecare aspect. Ai nevoie de curaj pentru a te uita la mine; am o \u00eenf\u0103\u021bi\u0219are \u00eenfrico\u0219\u0103toare, cu pielea neagr\u0103, fiind creat\u0103 pentru a distruge. Sunt adesea temut\u0103 \u0219i considerat\u0103 zei\u021ba vr\u0103jitoarelor \u0219i a tantricului.<\/span><\/span><\/p>\n<p><span style=\"font-family: Arial, sans-serif;\"><span style=\"font-size: medium;\">Dar eu, Kali, reprezint \u0219i forma feminin\u0103 a timpului. Dup\u0103 cum se spune \u00een multe Vidhyas, voi consuma lumea ta la sf\u00e2r\u0219itul timpului; atunci lumea va fi \u00eentunecat\u0103 \u0219i nelimitat\u0103 ca mine. Astfel, venerarea mea este f\u0103cut\u0103 pentru a dep\u0103\u0219i cea mai mare putere a universului, timpul.<\/span><\/span><\/p>\n<p><span style=\"font-family: Arial, sans-serif;\"><span style=\"font-size: medium;\">Simbolizez superioritatea femeilor \u00een natur\u0103. Sunt acea mam\u0103 care ar face orice pentru a-\u0219i proteja \u0219i \u00eendruma copiii. Sunt simbolul Shakti-ului, puterea \u0219i creativitatea feminin\u0103. Sfidez defini\u021bia unei zei\u021be ideale \u0219i sunt dincolo de \u00een\u021belegerea oamenilor \u0219i regulile naturii. Totu\u0219i, am \u00een nucleu iubirea \u0219i maternitatea.\"<\/span><\/span><\/p>","protected":false},"excerpt":{"rendered":"<p><strong>V\u00c2NDUT<\/strong><\/p>\n<p>Acrilic pe p\u00e2nz\u0103<\/p>\n<p>Size:\u00a0 75 x 121.6 x 2 cm<\/p>\n<p>\u201dKali\u2019s Cat\u201d a fost expus \u00een timpul evenimentului Fine Art Vision 2020.<\/p>\n<p>*Compozi\u021bie realizat\u0103 conform num\u0103rul de aur- geometria sacr\u0103.<\/p>","protected":false},"featured_media":1292,"template":"","meta":[],"product_brand":[],"product_cat":[16,45],"product_tag":[],"class_list":{"0":"post-2519","1":"product","2":"type-product","3":"status-publish","4":"has-post-thumbnail","6":"product_cat-originals","7":"product_cat-the-greatness-of-yantras","9":"first","10":"instock","11":"shipping-taxable","12":"product-type-simple"},"yoast_head":"<!-- This site is optimized with the Yoast SEO plugin v25.9 - https:\/\/yoast.com\/wordpress\/plugins\/seo\/ -->\n<title>Kali&#039;s Cat - Jeanina Ra\u021b<\/title>\n<meta name=\"robots\" content=\"index, follow, max-snippet:-1, max-image-preview:large, max-video-preview:-1\" \/>\n<link rel=\"canonical\" href=\"https:\/\/jeaninarat.com\/ro\/produs\/kalis-cat\/\" \/>\n<meta property=\"og:locale\" content=\"ro_RO\" \/>\n<meta property=\"og:type\" content=\"article\" \/>\n<meta property=\"og:title\" content=\"Kali&#039;s Cat - Jeanina Ra\u021b\" \/>\n<meta property=\"og:description\" content=\"SOLD  Acrylic on canvas  Size:\u00a0 75 x 121.6 x 2 cm  &#039;&#039;Kali&#039;s Cat\u201d it was an artworks exhibited during the Fine Art Vision 20\/20 event.  *Composition made according to the golden number, sacred geometry.\" \/>\n<meta property=\"og:url\" content=\"https:\/\/jeaninarat.com\/ro\/produs\/kalis-cat\/\" \/>\n<meta property=\"og:site_name\" content=\"Jeanina Ra\u021b\" \/>\n<meta property=\"article:modified_time\" content=\"2024-01-27T17:45:23+00:00\" \/>\n<meta property=\"og:image\" content=\"https:\/\/jeaninarat.com\/wp-content\/uploads\/2023\/02\/1602049808550_WEB-Kalis-Cat-JeaninaRat-4August20.jpg\" \/>\n\t<meta property=\"og:image:width\" content=\"783\" \/>\n\t<meta property=\"og:image:height\" content=\"1268\" \/>\n\t<meta property=\"og:image:type\" content=\"image\/jpeg\" \/>\n<meta name=\"twitter:card\" content=\"summary_large_image\" \/>\n<meta name=\"twitter:label1\" content=\"Timp estimat pentru citire\" \/>\n\t<meta name=\"twitter:data1\" content=\"1 minut\" \/>\n<script type=\"application\/ld+json\" class=\"yoast-schema-graph\">{\"@context\":\"https:\/\/schema.org\",\"@graph\":[{\"@type\":\"WebPage\",\"@id\":\"https:\/\/jeaninarat.com\/product\/kalis-cat\/\",\"url\":\"https:\/\/jeaninarat.com\/product\/kalis-cat\/\",\"name\":\"Kali's Cat - Jeanina Ra\u021b\",\"isPartOf\":{\"@id\":\"https:\/\/jeaninarat.com\/#website\"},\"primaryImageOfPage\":{\"@id\":\"https:\/\/jeaninarat.com\/product\/kalis-cat\/#primaryimage\"},\"image\":{\"@id\":\"https:\/\/jeaninarat.com\/product\/kalis-cat\/#primaryimage\"},\"thumbnailUrl\":\"https:\/\/jeaninarat.com\/wp-content\/uploads\/2023\/02\/1602049808550_WEB-Kalis-Cat-JeaninaRat-4August20.jpg\",\"datePublished\":\"2023-04-22T15:29:01+00:00\",\"dateModified\":\"2024-01-27T17:45:23+00:00\",\"breadcrumb\":{\"@id\":\"https:\/\/jeaninarat.com\/product\/kalis-cat\/#breadcrumb\"},\"inLanguage\":\"ro-RO\",\"potentialAction\":[{\"@type\":\"ReadAction\",\"target\":[\"https:\/\/jeaninarat.com\/product\/kalis-cat\/\"]}]},{\"@type\":\"ImageObject\",\"inLanguage\":\"ro-RO\",\"@id\":\"https:\/\/jeaninarat.com\/product\/kalis-cat\/#primaryimage\",\"url\":\"https:\/\/jeaninarat.com\/wp-content\/uploads\/2023\/02\/1602049808550_WEB-Kalis-Cat-JeaninaRat-4August20.jpg\",\"contentUrl\":\"https:\/\/jeaninarat.com\/wp-content\/uploads\/2023\/02\/1602049808550_WEB-Kalis-Cat-JeaninaRat-4August20.jpg\",\"width\":783,\"height\":1268,\"caption\":\"Kali's Cat\"},{\"@type\":\"BreadcrumbList\",\"@id\":\"https:\/\/jeaninarat.com\/product\/kalis-cat\/#breadcrumb\",\"itemListElement\":[{\"@type\":\"ListItem\",\"position\":1,\"name\":\"Home\",\"item\":\"https:\/\/jeaninarat.com\/\"},{\"@type\":\"ListItem\",\"position\":2,\"name\":\"Shop\",\"item\":\"https:\/\/jeaninarat.com\/shop\/\"},{\"@type\":\"ListItem\",\"position\":3,\"name\":\"Kali&#8217;s Cat\"}]},{\"@type\":\"WebSite\",\"@id\":\"https:\/\/jeaninarat.com\/#website\",\"url\":\"https:\/\/jeaninarat.com\/\",\"name\":\"Jeanina Ra\u021b\",\"description\":\"A contemporary Romanian artist, creative and passionate of symbols and stories.\",\"publisher\":{\"@id\":\"https:\/\/jeaninarat.com\/#organization\"},\"potentialAction\":[{\"@type\":\"SearchAction\",\"target\":{\"@type\":\"EntryPoint\",\"urlTemplate\":\"https:\/\/jeaninarat.com\/?s={search_term_string}\"},\"query-input\":{\"@type\":\"PropertyValueSpecification\",\"valueRequired\":true,\"valueName\":\"search_term_string\"}}],\"inLanguage\":\"ro-RO\"},{\"@type\":\"Organization\",\"@id\":\"https:\/\/jeaninarat.com\/#organization\",\"name\":\"Jeanina Ra\u021b\",\"url\":\"https:\/\/jeaninarat.com\/\",\"logo\":{\"@type\":\"ImageObject\",\"inLanguage\":\"ro-RO\",\"@id\":\"https:\/\/jeaninarat.com\/#\/schema\/logo\/image\/\",\"url\":\"https:\/\/jeaninarat.com\/wp-content\/uploads\/2023\/02\/logo-11-m-nou-1.png\",\"contentUrl\":\"https:\/\/jeaninarat.com\/wp-content\/uploads\/2023\/02\/logo-11-m-nou-1.png\",\"width\":197,\"height\":194,\"caption\":\"Jeanina Ra\u021b\"},\"image\":{\"@id\":\"https:\/\/jeaninarat.com\/#\/schema\/logo\/image\/\"}}]}<\/script>\n<!-- \/ Yoast SEO plugin. -->","yoast_head_json":{"title":"Kali's Cat - Jeanina Ra\u021b","robots":{"index":"index","follow":"follow","max-snippet":"max-snippet:-1","max-image-preview":"max-image-preview:large","max-video-preview":"max-video-preview:-1"},"canonical":"https:\/\/jeaninarat.com\/ro\/produs\/kalis-cat\/","og_locale":"ro_RO","og_type":"article","og_title":"Kali's Cat - Jeanina Ra\u021b","og_description":"SOLD  Acrylic on canvas  Size:\u00a0 75 x 121.6 x 2 cm  ''Kali's Cat\u201d it was an artworks exhibited during the Fine Art Vision 20\/20 event.  *Composition made according to the golden number, sacred geometry.","og_url":"https:\/\/jeaninarat.com\/ro\/produs\/kalis-cat\/","og_site_name":"Jeanina Ra\u021b","article_modified_time":"2024-01-27T17:45:23+00:00","og_image":[{"width":783,"height":1268,"url":"https:\/\/jeaninarat.com\/wp-content\/uploads\/2023\/02\/1602049808550_WEB-Kalis-Cat-JeaninaRat-4August20.jpg","type":"image\/jpeg"}],"twitter_card":"summary_large_image","twitter_misc":{"Timp estimat pentru citire":"1 minut"},"schema":{"@context":"https:\/\/schema.org","@graph":[{"@type":"WebPage","@id":"https:\/\/jeaninarat.com\/product\/kalis-cat\/","url":"https:\/\/jeaninarat.com\/product\/kalis-cat\/","name":"Kali's Cat - Jeanina Ra\u021b","isPartOf":{"@id":"https:\/\/jeaninarat.com\/#website"},"primaryImageOfPage":{"@id":"https:\/\/jeaninarat.com\/product\/kalis-cat\/#primaryimage"},"image":{"@id":"https:\/\/jeaninarat.com\/product\/kalis-cat\/#primaryimage"},"thumbnailUrl":"https:\/\/jeaninarat.com\/wp-content\/uploads\/2023\/02\/1602049808550_WEB-Kalis-Cat-JeaninaRat-4August20.jpg","datePublished":"2023-04-22T15:29:01+00:00","dateModified":"2024-01-27T17:45:23+00:00","breadcrumb":{"@id":"https:\/\/jeaninarat.com\/product\/kalis-cat\/#breadcrumb"},"inLanguage":"ro-RO","potentialAction":[{"@type":"ReadAction","target":["https:\/\/jeaninarat.com\/product\/kalis-cat\/"]}]},{"@type":"ImageObject","inLanguage":"ro-RO","@id":"https:\/\/jeaninarat.com\/product\/kalis-cat\/#primaryimage","url":"https:\/\/jeaninarat.com\/wp-content\/uploads\/2023\/02\/1602049808550_WEB-Kalis-Cat-JeaninaRat-4August20.jpg","contentUrl":"https:\/\/jeaninarat.com\/wp-content\/uploads\/2023\/02\/1602049808550_WEB-Kalis-Cat-JeaninaRat-4August20.jpg","width":783,"height":1268,"caption":"Kali's Cat"},{"@type":"BreadcrumbList","@id":"https:\/\/jeaninarat.com\/product\/kalis-cat\/#breadcrumb","itemListElement":[{"@type":"ListItem","position":1,"name":"Home","item":"https:\/\/jeaninarat.com\/"},{"@type":"ListItem","position":2,"name":"Shop","item":"https:\/\/jeaninarat.com\/shop\/"},{"@type":"ListItem","position":3,"name":"Kali&#8217;s Cat"}]},{"@type":"WebSite","@id":"https:\/\/jeaninarat.com\/#website","url":"https:\/\/jeaninarat.com\/","name":"Jeanina Ra\u021b","description":"A contemporary Romanian artist, creative and passionate of symbols and stories.","publisher":{"@id":"https:\/\/jeaninarat.com\/#organization"},"potentialAction":[{"@type":"SearchAction","target":{"@type":"EntryPoint","urlTemplate":"https:\/\/jeaninarat.com\/?s={search_term_string}"},"query-input":{"@type":"PropertyValueSpecification","valueRequired":true,"valueName":"search_term_string"}}],"inLanguage":"ro-RO"},{"@type":"Organization","@id":"https:\/\/jeaninarat.com\/#organization","name":"Jeanina Ra\u021b","url":"https:\/\/jeaninarat.com\/","logo":{"@type":"ImageObject","inLanguage":"ro-RO","@id":"https:\/\/jeaninarat.com\/#\/schema\/logo\/image\/","url":"https:\/\/jeaninarat.com\/wp-content\/uploads\/2023\/02\/logo-11-m-nou-1.png","contentUrl":"https:\/\/jeaninarat.com\/wp-content\/uploads\/2023\/02\/logo-11-m-nou-1.png","width":197,"height":194,"caption":"Jeanina Ra\u021b"},"image":{"@id":"https:\/\/jeaninarat.com\/#\/schema\/logo\/image\/"}}]}},"_links":{"self":[{"href":"https:\/\/jeaninarat.com\/ro\/wp-json\/wp\/v2\/product\/2519","targetHints":{"allow":["GET"]}}],"collection":[{"href":"https:\/\/jeaninarat.com\/ro\/wp-json\/wp\/v2\/product"}],"about":[{"href":"https:\/\/jeaninarat.com\/ro\/wp-json\/wp\/v2\/types\/product"}],"version-history":[{"count":10,"href":"https:\/\/jeaninarat.com\/ro\/wp-json\/wp\/v2\/product\/2519\/revisions"}],"predecessor-version":[{"id":3847,"href":"https:\/\/jeaninarat.com\/ro\/wp-json\/wp\/v2\/product\/2519\/revisions\/3847"}],"wp:featuredmedia":[{"embeddable":true,"href":"https:\/\/jeaninarat.com\/ro\/wp-json\/wp\/v2\/media\/1292"}],"wp:attachment":[{"href":"https:\/\/jeaninarat.com\/ro\/wp-json\/wp\/v2\/media?parent=2519"}],"wp:term":[{"taxonomy":"product_brand","embeddable":true,"href":"https:\/\/jeaninarat.com\/ro\/wp-json\/wp\/v2\/product_brand?post=2519"},{"taxonomy":"product_cat","embeddable":true,"href":"https:\/\/jeaninarat.com\/ro\/wp-json\/wp\/v2\/product_cat?post=2519"},{"taxonomy":"product_tag","embeddable":true,"href":"https:\/\/jeaninarat.com\/ro\/wp-json\/wp\/v2\/product_tag?post=2519"}],"curies":[{"name":"wp","href":"https:\/\/api.w.org\/{rel}","templated":true}]}}