{"id":2513,"date":"2023-04-22T14:44:03","date_gmt":"2023-04-22T14:44:03","guid":{"rendered":"https:\/\/jeaninarat.com\/?post_type=product&#038;p=2513"},"modified":"2025-09-15T17:41:01","modified_gmt":"2025-09-15T17:41:01","slug":"my-lovely-grandmother-dhumavati","status":"publish","type":"product","link":"https:\/\/jeaninarat.com\/ro\/produs\/my-lovely-grandmother-dhumavati\/","title":{"rendered":"My lovely grandmother- Dhumavati"},"content":{"rendered":"<p><span style=\"font-family: Arial, sans-serif;\"><span style=\"font-size: medium;\">Sunt Dhumavati, femeia \u00een v\u00e2rst\u0103. Pot fi bunica ta, da, pot! Nu sunt o frumuse\u021be, a\u0219a cum poate te-ai fi a\u0219teptat. Sunt o zei\u021b\u0103 \u00een v\u00e2rst\u0103 \u0219i v\u0103duv\u0103, de obicei \u00eembr\u0103cat\u0103 \u00een alb sau \u00een zdren\u021be murdare. Nu te dezam\u0103gi, c\u0103ci eu sunt cea care te va \u00eenv\u0103\u021ba prin dezam\u0103gire, durere \u0219i pierdere.<\/span><\/span><\/p>\n<p><span style=\"font-family: Arial, sans-serif;\"><span style=\"font-size: medium;\">Vocea mea spune: 'toate lucrurile vor trece'. \u00ce\u021bi voi oferi puterea interioar\u0103 s\u0103 te ridici, nimic nu te poate opri atunci c\u00e2nd suntem hot\u0103r\u00e2\u021bi. \u00cen cele din urm\u0103, prin mine vei g\u0103si calea c\u0103tre eliberare.<\/span><\/span><\/p>\n<p><span style=\"font-family: Arial, sans-serif;\"><span style=\"font-size: medium;\">Este recunoscut \u00een mod universal faptul c\u0103 un eveniment care la \u00eenceput poate p\u0103rea dureros sau nefericit poate deveni ulterior o binecuv\u00e2ntare - o binecuv\u00e2ntare \u00eentr-o masc\u0103. Majoritatea dintre noi cunosc exemple din propriile vie\u021bi sau din vie\u021bile celor apropia\u021bi: dezam\u0103giri, nenorociri, frustr\u0103ri, \u00eenfr\u00e2ngeri sau pierderi care au condus la o transformare pozitiv\u0103. De asemenea, evenimentele vie\u021bii pot construi caracterul \u0219i pot transforma un suflet obi\u0219nuit \u00eentr-unul extraordinar.<\/span><\/span><\/p>\n<p><span style=\"font-family: Arial, sans-serif;\"><span style=\"font-size: medium;\">Un vechi mit ne spune c\u0103 Sati, so\u021bia lui Shiva, blestemat\u0103 de so\u021bul ei s\u0103 tr\u0103iasc\u0103 ca v\u0103duv\u0103, moare \u00een fl\u0103c\u0103ri \u0219i din fumul ei eu m\u0103 metamorfosez, marea zei\u021b\u0103 Dhumavati. Astfel, eu, Dhumavati, am venit s\u0103 \u00eencarnez starea de furie \u0219i umilin\u021b\u0103 pe care Sati o avea \u00een momentul mor\u021bii sale \u0219i s\u0103 exist ca o continuare a Zei\u021bei sub forma fumului; tot ceea ce r\u0103m\u00e2ne dup\u0103 devastare.<\/span><\/span><\/p>","protected":false},"excerpt":{"rendered":"<p>Produs disponibil<\/p>\n<p>Acrilic pe p\u00e2nz\u0103<\/p>\n<p>Size: 65 x 94.3 x 2 cm<\/p>\n<p>*Compozi\u021bie realizat\u0103 conform num\u0103rul de aur- geometria sacr\u0103<\/p>","protected":false},"featured_media":3547,"template":"","meta":[],"product_brand":[],"product_cat":[16,45],"product_tag":[58],"class_list":{"0":"post-2513","1":"product","2":"type-product","3":"status-publish","4":"has-post-thumbnail","6":"product_cat-originals","7":"product_cat-the-greatness-of-yantras","8":"product_tag-grandmother","10":"first","11":"instock","12":"shipping-taxable","13":"purchasable","14":"product-type-simple"},"yoast_head":"<!-- This site is optimized with the Yoast SEO plugin v25.9 - https:\/\/yoast.com\/wordpress\/plugins\/seo\/ -->\n<title>My lovely grandmother- Dhumavati - Jeanina Ra\u021b<\/title>\n<meta name=\"robots\" content=\"index, follow, max-snippet:-1, max-image-preview:large, max-video-preview:-1\" \/>\n<link rel=\"canonical\" href=\"https:\/\/jeaninarat.com\/ro\/produs\/my-lovely-grandmother-dhumavati\/\" \/>\n<meta property=\"og:locale\" content=\"ro_RO\" \/>\n<meta property=\"og:type\" content=\"article\" \/>\n<meta property=\"og:title\" content=\"My lovely grandmother- Dhumavati - Jeanina Ra\u021b\" \/>\n<meta property=\"og:description\" content=\"This artwork is available  Acrylic on canvas  Size: 65 x 94.3 x 2 cm  *Composition made according to the golden number, sacred geometry\" \/>\n<meta property=\"og:url\" content=\"https:\/\/jeaninarat.com\/ro\/produs\/my-lovely-grandmother-dhumavati\/\" \/>\n<meta property=\"og:site_name\" content=\"Jeanina Ra\u021b\" \/>\n<meta property=\"article:modified_time\" content=\"2025-09-15T17:41:01+00:00\" \/>\n<meta property=\"og:image\" content=\"https:\/\/jeaninarat.com\/wp-content\/uploads\/2023\/04\/New-Dhumavati-scaled.jpg\" \/>\n\t<meta property=\"og:image:width\" content=\"1797\" \/>\n\t<meta property=\"og:image:height\" content=\"2560\" \/>\n\t<meta property=\"og:image:type\" content=\"image\/jpeg\" \/>\n<meta name=\"twitter:card\" content=\"summary_large_image\" \/>\n<meta name=\"twitter:label1\" content=\"Timp estimat pentru citire\" \/>\n\t<meta name=\"twitter:data1\" content=\"2 minute\" \/>\n<script type=\"application\/ld+json\" class=\"yoast-schema-graph\">{\"@context\":\"https:\/\/schema.org\",\"@graph\":[{\"@type\":\"WebPage\",\"@id\":\"https:\/\/jeaninarat.com\/product\/my-lovely-grandmother-dhumavati\/\",\"url\":\"https:\/\/jeaninarat.com\/product\/my-lovely-grandmother-dhumavati\/\",\"name\":\"My lovely grandmother- Dhumavati - Jeanina Ra\u021b\",\"isPartOf\":{\"@id\":\"https:\/\/jeaninarat.com\/#website\"},\"primaryImageOfPage\":{\"@id\":\"https:\/\/jeaninarat.com\/product\/my-lovely-grandmother-dhumavati\/#primaryimage\"},\"image\":{\"@id\":\"https:\/\/jeaninarat.com\/product\/my-lovely-grandmother-dhumavati\/#primaryimage\"},\"thumbnailUrl\":\"https:\/\/jeaninarat.com\/wp-content\/uploads\/2023\/04\/New-Dhumavati-scaled.jpg\",\"datePublished\":\"2023-04-22T14:44:03+00:00\",\"dateModified\":\"2025-09-15T17:41:01+00:00\",\"breadcrumb\":{\"@id\":\"https:\/\/jeaninarat.com\/product\/my-lovely-grandmother-dhumavati\/#breadcrumb\"},\"inLanguage\":\"ro-RO\",\"potentialAction\":[{\"@type\":\"ReadAction\",\"target\":[\"https:\/\/jeaninarat.com\/product\/my-lovely-grandmother-dhumavati\/\"]}]},{\"@type\":\"ImageObject\",\"inLanguage\":\"ro-RO\",\"@id\":\"https:\/\/jeaninarat.com\/product\/my-lovely-grandmother-dhumavati\/#primaryimage\",\"url\":\"https:\/\/jeaninarat.com\/wp-content\/uploads\/2023\/04\/New-Dhumavati-scaled.jpg\",\"contentUrl\":\"https:\/\/jeaninarat.com\/wp-content\/uploads\/2023\/04\/New-Dhumavati-scaled.jpg\",\"width\":1797,\"height\":2560},{\"@type\":\"BreadcrumbList\",\"@id\":\"https:\/\/jeaninarat.com\/product\/my-lovely-grandmother-dhumavati\/#breadcrumb\",\"itemListElement\":[{\"@type\":\"ListItem\",\"position\":1,\"name\":\"Home\",\"item\":\"https:\/\/jeaninarat.com\/\"},{\"@type\":\"ListItem\",\"position\":2,\"name\":\"Shop\",\"item\":\"https:\/\/jeaninarat.com\/shop\/\"},{\"@type\":\"ListItem\",\"position\":3,\"name\":\"My lovely grandmother- Dhumavati\"}]},{\"@type\":\"WebSite\",\"@id\":\"https:\/\/jeaninarat.com\/#website\",\"url\":\"https:\/\/jeaninarat.com\/\",\"name\":\"Jeanina Ra\u021b\",\"description\":\"A contemporary Romanian artist, creative and passionate of symbols and stories.\",\"publisher\":{\"@id\":\"https:\/\/jeaninarat.com\/#organization\"},\"potentialAction\":[{\"@type\":\"SearchAction\",\"target\":{\"@type\":\"EntryPoint\",\"urlTemplate\":\"https:\/\/jeaninarat.com\/?s={search_term_string}\"},\"query-input\":{\"@type\":\"PropertyValueSpecification\",\"valueRequired\":true,\"valueName\":\"search_term_string\"}}],\"inLanguage\":\"ro-RO\"},{\"@type\":\"Organization\",\"@id\":\"https:\/\/jeaninarat.com\/#organization\",\"name\":\"Jeanina Ra\u021b\",\"url\":\"https:\/\/jeaninarat.com\/\",\"logo\":{\"@type\":\"ImageObject\",\"inLanguage\":\"ro-RO\",\"@id\":\"https:\/\/jeaninarat.com\/#\/schema\/logo\/image\/\",\"url\":\"https:\/\/jeaninarat.com\/wp-content\/uploads\/2023\/02\/logo-11-m-nou-1.png\",\"contentUrl\":\"https:\/\/jeaninarat.com\/wp-content\/uploads\/2023\/02\/logo-11-m-nou-1.png\",\"width\":197,\"height\":194,\"caption\":\"Jeanina Ra\u021b\"},\"image\":{\"@id\":\"https:\/\/jeaninarat.com\/#\/schema\/logo\/image\/\"}}]}<\/script>\n<!-- \/ Yoast SEO plugin. -->","yoast_head_json":{"title":"My lovely grandmother- Dhumavati - Jeanina Ra\u021b","robots":{"index":"index","follow":"follow","max-snippet":"max-snippet:-1","max-image-preview":"max-image-preview:large","max-video-preview":"max-video-preview:-1"},"canonical":"https:\/\/jeaninarat.com\/ro\/produs\/my-lovely-grandmother-dhumavati\/","og_locale":"ro_RO","og_type":"article","og_title":"My lovely grandmother- Dhumavati - Jeanina Ra\u021b","og_description":"This artwork is available  Acrylic on canvas  Size: 65 x 94.3 x 2 cm  *Composition made according to the golden number, sacred geometry","og_url":"https:\/\/jeaninarat.com\/ro\/produs\/my-lovely-grandmother-dhumavati\/","og_site_name":"Jeanina Ra\u021b","article_modified_time":"2025-09-15T17:41:01+00:00","og_image":[{"width":1797,"height":2560,"url":"https:\/\/jeaninarat.com\/wp-content\/uploads\/2023\/04\/New-Dhumavati-scaled.jpg","type":"image\/jpeg"}],"twitter_card":"summary_large_image","twitter_misc":{"Timp estimat pentru citire":"2 minute"},"schema":{"@context":"https:\/\/schema.org","@graph":[{"@type":"WebPage","@id":"https:\/\/jeaninarat.com\/product\/my-lovely-grandmother-dhumavati\/","url":"https:\/\/jeaninarat.com\/product\/my-lovely-grandmother-dhumavati\/","name":"My lovely grandmother- Dhumavati - Jeanina Ra\u021b","isPartOf":{"@id":"https:\/\/jeaninarat.com\/#website"},"primaryImageOfPage":{"@id":"https:\/\/jeaninarat.com\/product\/my-lovely-grandmother-dhumavati\/#primaryimage"},"image":{"@id":"https:\/\/jeaninarat.com\/product\/my-lovely-grandmother-dhumavati\/#primaryimage"},"thumbnailUrl":"https:\/\/jeaninarat.com\/wp-content\/uploads\/2023\/04\/New-Dhumavati-scaled.jpg","datePublished":"2023-04-22T14:44:03+00:00","dateModified":"2025-09-15T17:41:01+00:00","breadcrumb":{"@id":"https:\/\/jeaninarat.com\/product\/my-lovely-grandmother-dhumavati\/#breadcrumb"},"inLanguage":"ro-RO","potentialAction":[{"@type":"ReadAction","target":["https:\/\/jeaninarat.com\/product\/my-lovely-grandmother-dhumavati\/"]}]},{"@type":"ImageObject","inLanguage":"ro-RO","@id":"https:\/\/jeaninarat.com\/product\/my-lovely-grandmother-dhumavati\/#primaryimage","url":"https:\/\/jeaninarat.com\/wp-content\/uploads\/2023\/04\/New-Dhumavati-scaled.jpg","contentUrl":"https:\/\/jeaninarat.com\/wp-content\/uploads\/2023\/04\/New-Dhumavati-scaled.jpg","width":1797,"height":2560},{"@type":"BreadcrumbList","@id":"https:\/\/jeaninarat.com\/product\/my-lovely-grandmother-dhumavati\/#breadcrumb","itemListElement":[{"@type":"ListItem","position":1,"name":"Home","item":"https:\/\/jeaninarat.com\/"},{"@type":"ListItem","position":2,"name":"Shop","item":"https:\/\/jeaninarat.com\/shop\/"},{"@type":"ListItem","position":3,"name":"My lovely grandmother- Dhumavati"}]},{"@type":"WebSite","@id":"https:\/\/jeaninarat.com\/#website","url":"https:\/\/jeaninarat.com\/","name":"Jeanina Ra\u021b","description":"A contemporary Romanian artist, creative and passionate of symbols and stories.","publisher":{"@id":"https:\/\/jeaninarat.com\/#organization"},"potentialAction":[{"@type":"SearchAction","target":{"@type":"EntryPoint","urlTemplate":"https:\/\/jeaninarat.com\/?s={search_term_string}"},"query-input":{"@type":"PropertyValueSpecification","valueRequired":true,"valueName":"search_term_string"}}],"inLanguage":"ro-RO"},{"@type":"Organization","@id":"https:\/\/jeaninarat.com\/#organization","name":"Jeanina Ra\u021b","url":"https:\/\/jeaninarat.com\/","logo":{"@type":"ImageObject","inLanguage":"ro-RO","@id":"https:\/\/jeaninarat.com\/#\/schema\/logo\/image\/","url":"https:\/\/jeaninarat.com\/wp-content\/uploads\/2023\/02\/logo-11-m-nou-1.png","contentUrl":"https:\/\/jeaninarat.com\/wp-content\/uploads\/2023\/02\/logo-11-m-nou-1.png","width":197,"height":194,"caption":"Jeanina Ra\u021b"},"image":{"@id":"https:\/\/jeaninarat.com\/#\/schema\/logo\/image\/"}}]}},"_links":{"self":[{"href":"https:\/\/jeaninarat.com\/ro\/wp-json\/wp\/v2\/product\/2513","targetHints":{"allow":["GET"]}}],"collection":[{"href":"https:\/\/jeaninarat.com\/ro\/wp-json\/wp\/v2\/product"}],"about":[{"href":"https:\/\/jeaninarat.com\/ro\/wp-json\/wp\/v2\/types\/product"}],"version-history":[{"count":6,"href":"https:\/\/jeaninarat.com\/ro\/wp-json\/wp\/v2\/product\/2513\/revisions"}],"predecessor-version":[{"id":3534,"href":"https:\/\/jeaninarat.com\/ro\/wp-json\/wp\/v2\/product\/2513\/revisions\/3534"}],"wp:featuredmedia":[{"embeddable":true,"href":"https:\/\/jeaninarat.com\/ro\/wp-json\/wp\/v2\/media\/3547"}],"wp:attachment":[{"href":"https:\/\/jeaninarat.com\/ro\/wp-json\/wp\/v2\/media?parent=2513"}],"wp:term":[{"taxonomy":"product_brand","embeddable":true,"href":"https:\/\/jeaninarat.com\/ro\/wp-json\/wp\/v2\/product_brand?post=2513"},{"taxonomy":"product_cat","embeddable":true,"href":"https:\/\/jeaninarat.com\/ro\/wp-json\/wp\/v2\/product_cat?post=2513"},{"taxonomy":"product_tag","embeddable":true,"href":"https:\/\/jeaninarat.com\/ro\/wp-json\/wp\/v2\/product_tag?post=2513"}],"curies":[{"name":"wp","href":"https:\/\/api.w.org\/{rel}","templated":true}]}}