{"id":2510,"date":"2023-04-22T14:17:44","date_gmt":"2023-04-22T14:17:44","guid":{"rendered":"https:\/\/jeaninarat.com\/?post_type=product&#038;p=2510"},"modified":"2025-09-15T17:40:08","modified_gmt":"2025-09-15T17:40:08","slug":"bagalamukhis-light","status":"publish","type":"product","link":"https:\/\/jeaninarat.com\/ro\/produs\/bagalamukhis-light\/","title":{"rendered":"Bagalamukhi&#8217;s Light"},"content":{"rendered":"<p><span style=\"font-family: Arial, sans-serif;\"><span style=\"font-size: medium;\">Dac\u0103 te g\u00e2nde\u0219ti la mine, imagineaz\u0103-\u021bi o femeie vital\u0103, armonioas\u0103 \u0219i foarte frumoas\u0103. Acea gen de femeie care, atunci c\u00e2nd este v\u0103zut\u0103 de persoane de sex opus, provoac\u0103 o stare de \"\u00eenghe\u021bare\" sau imobilizare a sim\u021burilor, min\u021bii sau chiar a respira\u021biei. Aceasta sunt eu, Bagalamukhi.<\/span><\/span><\/p>\n<p><span style=\"font-family: Arial, sans-serif;\"><span style=\"font-size: medium;\">Am puterea fascinant\u0103 de a opri sau de a \u00eentrerupe brusc orice mi\u0219care \u0219i orice activitate. Este incredibil de fascinant, nu-i a\u0219a?! Tradi\u021bia spiritual\u0103 din Est confirm\u0103 puterea mea de a bloca sau paraliza orice activitate sau manifestare. Acesta este aspectul principal pe care \u00eel manifest eu, Bagalamukhi, darul care reprezint\u0103 puterea hipnotic\u0103 divin\u0103 (SHAKTI).<\/span><\/span><\/p>\n<p><span style=\"font-family: Arial, sans-serif;\"><span style=\"font-size: medium;\">Am for\u021ba teribil\u0103 a ac\u021biunii fulgerului - care este asimilat\u0103 cu for\u021ba electric\u0103 - adesea asociat\u0103 cu culoarea galben\u0103, iar manifestarea sa este \u00een cea mai mare parte terifiant\u0103 \u0219i instantanee.<\/span><\/span><\/p>\n<p><span style=\"font-family: Arial, sans-serif;\"><span style=\"font-size: medium;\">De asemenea, \u00eenl\u0103tur toate necazurile \u0219i suferin\u021bele vie\u021bii individuale \u0219i te \u00eendrum c\u0103tre calea succesului \u0219i a p\u0103cii. \u00ce\u021bi ofer cu bucurie un flux de energie pozitiv\u0103 prin minte, corp \u0219i suflet.<\/span><\/span><\/p>","protected":false},"excerpt":{"rendered":"<p>Produs disponibil<\/p>\n<p>Acrilic pe p\u00e2nz\u0103<\/p>\n<p>Size: 100 x 100 x 2.5 cm<\/p>\n<p>\u201dBagalamukhi\u2019s Light\u201d a fost expus \u00een timpul evenimentului Fine Art Vision 2020.<\/p>","protected":false},"featured_media":1291,"template":"","meta":[],"product_brand":[],"product_cat":[16,45],"product_tag":[57],"class_list":{"0":"post-2510","1":"product","2":"type-product","3":"status-publish","4":"has-post-thumbnail","6":"product_cat-originals","7":"product_cat-the-greatness-of-yantras","8":"product_tag-goddess","10":"first","11":"instock","12":"shipping-taxable","13":"purchasable","14":"product-type-simple"},"yoast_head":"<!-- This site is optimized with the Yoast SEO plugin v25.9 - https:\/\/yoast.com\/wordpress\/plugins\/seo\/ -->\n<title>Bagalamukhi&#039;s Light - Jeanina Ra\u021b<\/title>\n<meta name=\"robots\" content=\"index, follow, max-snippet:-1, max-image-preview:large, max-video-preview:-1\" \/>\n<link rel=\"canonical\" href=\"https:\/\/jeaninarat.com\/ro\/produs\/bagalamukhis-light\/\" \/>\n<meta property=\"og:locale\" content=\"ro_RO\" \/>\n<meta property=\"og:type\" content=\"article\" \/>\n<meta property=\"og:title\" content=\"Bagalamukhi&#039;s Light - Jeanina Ra\u021b\" \/>\n<meta property=\"og:description\" content=\"This artwork is available  Acrylic on canvas  Size: 100 x 100 x 2.5 cm  &#039;&#039;Bagalamukhi&#039;s Light\u201d it was an artworks exhibited during the Fine Art Vision 20\/20 event.\" \/>\n<meta property=\"og:url\" content=\"https:\/\/jeaninarat.com\/ro\/produs\/bagalamukhis-light\/\" \/>\n<meta property=\"og:site_name\" content=\"Jeanina Ra\u021b\" \/>\n<meta property=\"article:modified_time\" content=\"2025-09-15T17:40:08+00:00\" \/>\n<meta property=\"og:image\" content=\"https:\/\/jeaninarat.com\/wp-content\/uploads\/2023\/02\/WEB-Bagalamukhis-Light-JeaninaRat_Sh4p5_100x100cm-July20-1-1.jpg\" \/>\n\t<meta property=\"og:image:width\" content=\"1032\" \/>\n\t<meta property=\"og:image:height\" content=\"1032\" \/>\n\t<meta property=\"og:image:type\" content=\"image\/jpeg\" \/>\n<meta name=\"twitter:card\" content=\"summary_large_image\" \/>\n<meta name=\"twitter:label1\" content=\"Timp estimat pentru citire\" \/>\n\t<meta name=\"twitter:data1\" content=\"1 minut\" \/>\n<script type=\"application\/ld+json\" class=\"yoast-schema-graph\">{\"@context\":\"https:\/\/schema.org\",\"@graph\":[{\"@type\":\"WebPage\",\"@id\":\"https:\/\/jeaninarat.com\/product\/bagalamukhis-light\/\",\"url\":\"https:\/\/jeaninarat.com\/product\/bagalamukhis-light\/\",\"name\":\"Bagalamukhi's Light - Jeanina Ra\u021b\",\"isPartOf\":{\"@id\":\"https:\/\/jeaninarat.com\/#website\"},\"primaryImageOfPage\":{\"@id\":\"https:\/\/jeaninarat.com\/product\/bagalamukhis-light\/#primaryimage\"},\"image\":{\"@id\":\"https:\/\/jeaninarat.com\/product\/bagalamukhis-light\/#primaryimage\"},\"thumbnailUrl\":\"https:\/\/jeaninarat.com\/wp-content\/uploads\/2023\/02\/WEB-Bagalamukhis-Light-JeaninaRat_Sh4p5_100x100cm-July20-1-1.jpg\",\"datePublished\":\"2023-04-22T14:17:44+00:00\",\"dateModified\":\"2025-09-15T17:40:08+00:00\",\"breadcrumb\":{\"@id\":\"https:\/\/jeaninarat.com\/product\/bagalamukhis-light\/#breadcrumb\"},\"inLanguage\":\"ro-RO\",\"potentialAction\":[{\"@type\":\"ReadAction\",\"target\":[\"https:\/\/jeaninarat.com\/product\/bagalamukhis-light\/\"]}]},{\"@type\":\"ImageObject\",\"inLanguage\":\"ro-RO\",\"@id\":\"https:\/\/jeaninarat.com\/product\/bagalamukhis-light\/#primaryimage\",\"url\":\"https:\/\/jeaninarat.com\/wp-content\/uploads\/2023\/02\/WEB-Bagalamukhis-Light-JeaninaRat_Sh4p5_100x100cm-July20-1-1.jpg\",\"contentUrl\":\"https:\/\/jeaninarat.com\/wp-content\/uploads\/2023\/02\/WEB-Bagalamukhis-Light-JeaninaRat_Sh4p5_100x100cm-July20-1-1.jpg\",\"width\":1032,\"height\":1032,\"caption\":\"Bagalamukhi's Light\"},{\"@type\":\"BreadcrumbList\",\"@id\":\"https:\/\/jeaninarat.com\/product\/bagalamukhis-light\/#breadcrumb\",\"itemListElement\":[{\"@type\":\"ListItem\",\"position\":1,\"name\":\"Home\",\"item\":\"https:\/\/jeaninarat.com\/\"},{\"@type\":\"ListItem\",\"position\":2,\"name\":\"Shop\",\"item\":\"https:\/\/jeaninarat.com\/shop\/\"},{\"@type\":\"ListItem\",\"position\":3,\"name\":\"Bagalamukhi&#8217;s Light\"}]},{\"@type\":\"WebSite\",\"@id\":\"https:\/\/jeaninarat.com\/#website\",\"url\":\"https:\/\/jeaninarat.com\/\",\"name\":\"Jeanina Ra\u021b\",\"description\":\"A contemporary Romanian artist, creative and passionate of symbols and stories.\",\"publisher\":{\"@id\":\"https:\/\/jeaninarat.com\/#organization\"},\"potentialAction\":[{\"@type\":\"SearchAction\",\"target\":{\"@type\":\"EntryPoint\",\"urlTemplate\":\"https:\/\/jeaninarat.com\/?s={search_term_string}\"},\"query-input\":{\"@type\":\"PropertyValueSpecification\",\"valueRequired\":true,\"valueName\":\"search_term_string\"}}],\"inLanguage\":\"ro-RO\"},{\"@type\":\"Organization\",\"@id\":\"https:\/\/jeaninarat.com\/#organization\",\"name\":\"Jeanina Ra\u021b\",\"url\":\"https:\/\/jeaninarat.com\/\",\"logo\":{\"@type\":\"ImageObject\",\"inLanguage\":\"ro-RO\",\"@id\":\"https:\/\/jeaninarat.com\/#\/schema\/logo\/image\/\",\"url\":\"https:\/\/jeaninarat.com\/wp-content\/uploads\/2023\/02\/logo-11-m-nou-1.png\",\"contentUrl\":\"https:\/\/jeaninarat.com\/wp-content\/uploads\/2023\/02\/logo-11-m-nou-1.png\",\"width\":197,\"height\":194,\"caption\":\"Jeanina Ra\u021b\"},\"image\":{\"@id\":\"https:\/\/jeaninarat.com\/#\/schema\/logo\/image\/\"}}]}<\/script>\n<!-- \/ Yoast SEO plugin. -->","yoast_head_json":{"title":"Bagalamukhi's Light - Jeanina Ra\u021b","robots":{"index":"index","follow":"follow","max-snippet":"max-snippet:-1","max-image-preview":"max-image-preview:large","max-video-preview":"max-video-preview:-1"},"canonical":"https:\/\/jeaninarat.com\/ro\/produs\/bagalamukhis-light\/","og_locale":"ro_RO","og_type":"article","og_title":"Bagalamukhi's Light - Jeanina Ra\u021b","og_description":"This artwork is available  Acrylic on canvas  Size: 100 x 100 x 2.5 cm  ''Bagalamukhi's Light\u201d it was an artworks exhibited during the Fine Art Vision 20\/20 event.","og_url":"https:\/\/jeaninarat.com\/ro\/produs\/bagalamukhis-light\/","og_site_name":"Jeanina Ra\u021b","article_modified_time":"2025-09-15T17:40:08+00:00","og_image":[{"width":1032,"height":1032,"url":"https:\/\/jeaninarat.com\/wp-content\/uploads\/2023\/02\/WEB-Bagalamukhis-Light-JeaninaRat_Sh4p5_100x100cm-July20-1-1.jpg","type":"image\/jpeg"}],"twitter_card":"summary_large_image","twitter_misc":{"Timp estimat pentru citire":"1 minut"},"schema":{"@context":"https:\/\/schema.org","@graph":[{"@type":"WebPage","@id":"https:\/\/jeaninarat.com\/product\/bagalamukhis-light\/","url":"https:\/\/jeaninarat.com\/product\/bagalamukhis-light\/","name":"Bagalamukhi's Light - Jeanina Ra\u021b","isPartOf":{"@id":"https:\/\/jeaninarat.com\/#website"},"primaryImageOfPage":{"@id":"https:\/\/jeaninarat.com\/product\/bagalamukhis-light\/#primaryimage"},"image":{"@id":"https:\/\/jeaninarat.com\/product\/bagalamukhis-light\/#primaryimage"},"thumbnailUrl":"https:\/\/jeaninarat.com\/wp-content\/uploads\/2023\/02\/WEB-Bagalamukhis-Light-JeaninaRat_Sh4p5_100x100cm-July20-1-1.jpg","datePublished":"2023-04-22T14:17:44+00:00","dateModified":"2025-09-15T17:40:08+00:00","breadcrumb":{"@id":"https:\/\/jeaninarat.com\/product\/bagalamukhis-light\/#breadcrumb"},"inLanguage":"ro-RO","potentialAction":[{"@type":"ReadAction","target":["https:\/\/jeaninarat.com\/product\/bagalamukhis-light\/"]}]},{"@type":"ImageObject","inLanguage":"ro-RO","@id":"https:\/\/jeaninarat.com\/product\/bagalamukhis-light\/#primaryimage","url":"https:\/\/jeaninarat.com\/wp-content\/uploads\/2023\/02\/WEB-Bagalamukhis-Light-JeaninaRat_Sh4p5_100x100cm-July20-1-1.jpg","contentUrl":"https:\/\/jeaninarat.com\/wp-content\/uploads\/2023\/02\/WEB-Bagalamukhis-Light-JeaninaRat_Sh4p5_100x100cm-July20-1-1.jpg","width":1032,"height":1032,"caption":"Bagalamukhi's Light"},{"@type":"BreadcrumbList","@id":"https:\/\/jeaninarat.com\/product\/bagalamukhis-light\/#breadcrumb","itemListElement":[{"@type":"ListItem","position":1,"name":"Home","item":"https:\/\/jeaninarat.com\/"},{"@type":"ListItem","position":2,"name":"Shop","item":"https:\/\/jeaninarat.com\/shop\/"},{"@type":"ListItem","position":3,"name":"Bagalamukhi&#8217;s Light"}]},{"@type":"WebSite","@id":"https:\/\/jeaninarat.com\/#website","url":"https:\/\/jeaninarat.com\/","name":"Jeanina Ra\u021b","description":"A contemporary Romanian artist, creative and passionate of symbols and stories.","publisher":{"@id":"https:\/\/jeaninarat.com\/#organization"},"potentialAction":[{"@type":"SearchAction","target":{"@type":"EntryPoint","urlTemplate":"https:\/\/jeaninarat.com\/?s={search_term_string}"},"query-input":{"@type":"PropertyValueSpecification","valueRequired":true,"valueName":"search_term_string"}}],"inLanguage":"ro-RO"},{"@type":"Organization","@id":"https:\/\/jeaninarat.com\/#organization","name":"Jeanina Ra\u021b","url":"https:\/\/jeaninarat.com\/","logo":{"@type":"ImageObject","inLanguage":"ro-RO","@id":"https:\/\/jeaninarat.com\/#\/schema\/logo\/image\/","url":"https:\/\/jeaninarat.com\/wp-content\/uploads\/2023\/02\/logo-11-m-nou-1.png","contentUrl":"https:\/\/jeaninarat.com\/wp-content\/uploads\/2023\/02\/logo-11-m-nou-1.png","width":197,"height":194,"caption":"Jeanina Ra\u021b"},"image":{"@id":"https:\/\/jeaninarat.com\/#\/schema\/logo\/image\/"}}]}},"_links":{"self":[{"href":"https:\/\/jeaninarat.com\/ro\/wp-json\/wp\/v2\/product\/2510","targetHints":{"allow":["GET"]}}],"collection":[{"href":"https:\/\/jeaninarat.com\/ro\/wp-json\/wp\/v2\/product"}],"about":[{"href":"https:\/\/jeaninarat.com\/ro\/wp-json\/wp\/v2\/types\/product"}],"version-history":[{"count":4,"href":"https:\/\/jeaninarat.com\/ro\/wp-json\/wp\/v2\/product\/2510\/revisions"}],"predecessor-version":[{"id":3535,"href":"https:\/\/jeaninarat.com\/ro\/wp-json\/wp\/v2\/product\/2510\/revisions\/3535"}],"wp:featuredmedia":[{"embeddable":true,"href":"https:\/\/jeaninarat.com\/ro\/wp-json\/wp\/v2\/media\/1291"}],"wp:attachment":[{"href":"https:\/\/jeaninarat.com\/ro\/wp-json\/wp\/v2\/media?parent=2510"}],"wp:term":[{"taxonomy":"product_brand","embeddable":true,"href":"https:\/\/jeaninarat.com\/ro\/wp-json\/wp\/v2\/product_brand?post=2510"},{"taxonomy":"product_cat","embeddable":true,"href":"https:\/\/jeaninarat.com\/ro\/wp-json\/wp\/v2\/product_cat?post=2510"},{"taxonomy":"product_tag","embeddable":true,"href":"https:\/\/jeaninarat.com\/ro\/wp-json\/wp\/v2\/product_tag?post=2510"}],"curies":[{"name":"wp","href":"https:\/\/api.w.org\/{rel}","templated":true}]}}