{"id":2484,"date":"2023-04-22T11:46:33","date_gmt":"2023-04-22T11:46:33","guid":{"rendered":"https:\/\/jeaninarat.com\/?post_type=product&#038;p=2484"},"modified":"2024-01-27T17:50:57","modified_gmt":"2024-01-27T17:50:57","slug":"im-forgiveness-acceptance-fullfilement","status":"publish","type":"product","link":"https:\/\/jeaninarat.com\/ro\/produs\/im-forgiveness-acceptance-fullfilement\/","title":{"rendered":"I&#8217;m forgiveness, acceptance, fulfillement"},"content":{"rendered":"<p>Bun\u0103 ziua, fiin\u021be frumoase! Am \u00een\u021beles c\u0103 ne-am adunat cu to\u021bii aici c\u0103 s\u0103 depan\u0103m amintiri despre Apartamentul 95.<br \/>\nPentru mine a fost o cas\u0103 minunat\u0103, cu o energie bl\u00e2nd\u0103. Am \u00een\u021beles c\u0103 aici a tr\u0103it \u00eenainte un cuplu de b\u0103tr\u00e2ni, oameni sufleti\u0219ti \u0219i harnici.<br \/>\nEu nu sunt foarte sociabil\u0103, comparativ cu elefantul sau r\u0103\u021bu\u0219ca. Ce s\u0103 mai zic de iepure? \u00cemi  place lini\u0219tea, practic toat\u0103 ziua medita\u021bia \u0219i rug\u0103ciunea. A\u0219 face \u0219i asane dar nu m\u0103 las\u0103 rochi\u021b\u0103 mea din ceramic\u0103, mda.. nu po\u021bi s\u0103 le ai pe toate \u00een via\u021b\u0103, nu?!<br \/>\nG\u0103sesc asem\u0103n\u0103ri intre mine \u0219i Jeanina: o fire introvertit\u0103, lini\u0219tit\u0103, harnic\u0103, uneori meditam \u00eempreun\u0103. M\u0103 bucuram pentru ea c\u00e2nd era fericita, \u0219i m\u0103 rugam pentru ea c\u00e2nd era trista. \u00cenc\u0103 \u00eei trimit binecuv\u00e2nt\u0103ri \u00een fiecare zi, s\u0103 se bucure de s\u0103n\u0103tate, succese \u0219i de oameni frumo\u0219i!<br \/>\nDraga mea Jeanina, mul\u021bumesc pentru tablou, o s\u0103 r\u0103m\u00e2n \u00een eternitate \u00eentru-un paradis roz!I<\/p>","protected":false},"excerpt":{"rendered":"<p><strong>V\u00c2NDUT<\/strong><\/p>\n<p>Printurile de art\u0103 sunt disponibile.<\/p>\n<p>Acrilic pe p\u00e2nz\u0103<\/p>\n<p>Size: 30 x 50 x 2 cm<\/p>\n<p>&nbsp;<\/p>\n<p>&nbsp;<\/p>","protected":false},"featured_media":2485,"template":"","meta":[],"product_brand":[],"product_cat":[16,46],"product_tag":[],"class_list":{"0":"post-2484","1":"product","2":"type-product","3":"status-publish","4":"has-post-thumbnail","6":"product_cat-originals","7":"product_cat-apartment-95","9":"first","10":"instock","11":"shipping-taxable","12":"product-type-simple"},"yoast_head":"<!-- This site is optimized with the Yoast SEO plugin v25.9 - https:\/\/yoast.com\/wordpress\/plugins\/seo\/ -->\n<title>I&#039;m forgiveness, acceptance, fulfillement - Jeanina Ra\u021b<\/title>\n<meta name=\"robots\" content=\"index, follow, max-snippet:-1, max-image-preview:large, max-video-preview:-1\" \/>\n<link rel=\"canonical\" href=\"https:\/\/jeaninarat.com\/ro\/produs\/im-forgiveness-acceptance-fullfilement\/\" \/>\n<meta property=\"og:locale\" content=\"ro_RO\" \/>\n<meta property=\"og:type\" content=\"article\" \/>\n<meta property=\"og:title\" content=\"I&#039;m forgiveness, acceptance, fulfillement - Jeanina Ra\u021b\" \/>\n<meta property=\"og:description\" content=\"SOLD  Art prints are available  Acrylic on canvas  Size: 30 x 50 x 2 cm  &nbsp;  &nbsp;\" \/>\n<meta property=\"og:url\" content=\"https:\/\/jeaninarat.com\/ro\/produs\/im-forgiveness-acceptance-fullfilement\/\" \/>\n<meta property=\"og:site_name\" content=\"Jeanina Ra\u021b\" \/>\n<meta property=\"article:modified_time\" content=\"2024-01-27T17:50:57+00:00\" \/>\n<meta property=\"og:image\" content=\"https:\/\/jeaninarat.com\/wp-content\/uploads\/2023\/04\/forgiveness-x.jpg\" \/>\n\t<meta property=\"og:image:width\" content=\"886\" \/>\n\t<meta property=\"og:image:height\" content=\"1181\" \/>\n\t<meta property=\"og:image:type\" content=\"image\/jpeg\" \/>\n<meta name=\"twitter:card\" content=\"summary_large_image\" \/>\n<meta name=\"twitter:label1\" content=\"Timp estimat pentru citire\" \/>\n\t<meta name=\"twitter:data1\" content=\"1 minut\" \/>\n<script type=\"application\/ld+json\" class=\"yoast-schema-graph\">{\"@context\":\"https:\/\/schema.org\",\"@graph\":[{\"@type\":\"WebPage\",\"@id\":\"https:\/\/jeaninarat.com\/product\/im-forgiveness-acceptance-fullfilement\/\",\"url\":\"https:\/\/jeaninarat.com\/product\/im-forgiveness-acceptance-fullfilement\/\",\"name\":\"I'm forgiveness, acceptance, fulfillement - Jeanina Ra\u021b\",\"isPartOf\":{\"@id\":\"https:\/\/jeaninarat.com\/#website\"},\"primaryImageOfPage\":{\"@id\":\"https:\/\/jeaninarat.com\/product\/im-forgiveness-acceptance-fullfilement\/#primaryimage\"},\"image\":{\"@id\":\"https:\/\/jeaninarat.com\/product\/im-forgiveness-acceptance-fullfilement\/#primaryimage\"},\"thumbnailUrl\":\"https:\/\/jeaninarat.com\/wp-content\/uploads\/2023\/04\/forgiveness-x.jpg\",\"datePublished\":\"2023-04-22T11:46:33+00:00\",\"dateModified\":\"2024-01-27T17:50:57+00:00\",\"breadcrumb\":{\"@id\":\"https:\/\/jeaninarat.com\/product\/im-forgiveness-acceptance-fullfilement\/#breadcrumb\"},\"inLanguage\":\"ro-RO\",\"potentialAction\":[{\"@type\":\"ReadAction\",\"target\":[\"https:\/\/jeaninarat.com\/product\/im-forgiveness-acceptance-fullfilement\/\"]}]},{\"@type\":\"ImageObject\",\"inLanguage\":\"ro-RO\",\"@id\":\"https:\/\/jeaninarat.com\/product\/im-forgiveness-acceptance-fullfilement\/#primaryimage\",\"url\":\"https:\/\/jeaninarat.com\/wp-content\/uploads\/2023\/04\/forgiveness-x.jpg\",\"contentUrl\":\"https:\/\/jeaninarat.com\/wp-content\/uploads\/2023\/04\/forgiveness-x.jpg\",\"width\":886,\"height\":1181},{\"@type\":\"BreadcrumbList\",\"@id\":\"https:\/\/jeaninarat.com\/product\/im-forgiveness-acceptance-fullfilement\/#breadcrumb\",\"itemListElement\":[{\"@type\":\"ListItem\",\"position\":1,\"name\":\"Home\",\"item\":\"https:\/\/jeaninarat.com\/\"},{\"@type\":\"ListItem\",\"position\":2,\"name\":\"Shop\",\"item\":\"https:\/\/jeaninarat.com\/shop\/\"},{\"@type\":\"ListItem\",\"position\":3,\"name\":\"I&#8217;m forgiveness, acceptance, fulfillement\"}]},{\"@type\":\"WebSite\",\"@id\":\"https:\/\/jeaninarat.com\/#website\",\"url\":\"https:\/\/jeaninarat.com\/\",\"name\":\"Jeanina Ra\u021b\",\"description\":\"A contemporary Romanian artist, creative and passionate of symbols and stories.\",\"publisher\":{\"@id\":\"https:\/\/jeaninarat.com\/#organization\"},\"potentialAction\":[{\"@type\":\"SearchAction\",\"target\":{\"@type\":\"EntryPoint\",\"urlTemplate\":\"https:\/\/jeaninarat.com\/?s={search_term_string}\"},\"query-input\":{\"@type\":\"PropertyValueSpecification\",\"valueRequired\":true,\"valueName\":\"search_term_string\"}}],\"inLanguage\":\"ro-RO\"},{\"@type\":\"Organization\",\"@id\":\"https:\/\/jeaninarat.com\/#organization\",\"name\":\"Jeanina Ra\u021b\",\"url\":\"https:\/\/jeaninarat.com\/\",\"logo\":{\"@type\":\"ImageObject\",\"inLanguage\":\"ro-RO\",\"@id\":\"https:\/\/jeaninarat.com\/#\/schema\/logo\/image\/\",\"url\":\"https:\/\/jeaninarat.com\/wp-content\/uploads\/2023\/02\/logo-11-m-nou-1.png\",\"contentUrl\":\"https:\/\/jeaninarat.com\/wp-content\/uploads\/2023\/02\/logo-11-m-nou-1.png\",\"width\":197,\"height\":194,\"caption\":\"Jeanina Ra\u021b\"},\"image\":{\"@id\":\"https:\/\/jeaninarat.com\/#\/schema\/logo\/image\/\"}}]}<\/script>\n<!-- \/ Yoast SEO plugin. -->","yoast_head_json":{"title":"I'm forgiveness, acceptance, fulfillement - Jeanina Ra\u021b","robots":{"index":"index","follow":"follow","max-snippet":"max-snippet:-1","max-image-preview":"max-image-preview:large","max-video-preview":"max-video-preview:-1"},"canonical":"https:\/\/jeaninarat.com\/ro\/produs\/im-forgiveness-acceptance-fullfilement\/","og_locale":"ro_RO","og_type":"article","og_title":"I'm forgiveness, acceptance, fulfillement - Jeanina Ra\u021b","og_description":"SOLD  Art prints are available  Acrylic on canvas  Size: 30 x 50 x 2 cm  &nbsp;  &nbsp;","og_url":"https:\/\/jeaninarat.com\/ro\/produs\/im-forgiveness-acceptance-fullfilement\/","og_site_name":"Jeanina Ra\u021b","article_modified_time":"2024-01-27T17:50:57+00:00","og_image":[{"width":886,"height":1181,"url":"https:\/\/jeaninarat.com\/wp-content\/uploads\/2023\/04\/forgiveness-x.jpg","type":"image\/jpeg"}],"twitter_card":"summary_large_image","twitter_misc":{"Timp estimat pentru citire":"1 minut"},"schema":{"@context":"https:\/\/schema.org","@graph":[{"@type":"WebPage","@id":"https:\/\/jeaninarat.com\/product\/im-forgiveness-acceptance-fullfilement\/","url":"https:\/\/jeaninarat.com\/product\/im-forgiveness-acceptance-fullfilement\/","name":"I'm forgiveness, acceptance, fulfillement - Jeanina Ra\u021b","isPartOf":{"@id":"https:\/\/jeaninarat.com\/#website"},"primaryImageOfPage":{"@id":"https:\/\/jeaninarat.com\/product\/im-forgiveness-acceptance-fullfilement\/#primaryimage"},"image":{"@id":"https:\/\/jeaninarat.com\/product\/im-forgiveness-acceptance-fullfilement\/#primaryimage"},"thumbnailUrl":"https:\/\/jeaninarat.com\/wp-content\/uploads\/2023\/04\/forgiveness-x.jpg","datePublished":"2023-04-22T11:46:33+00:00","dateModified":"2024-01-27T17:50:57+00:00","breadcrumb":{"@id":"https:\/\/jeaninarat.com\/product\/im-forgiveness-acceptance-fullfilement\/#breadcrumb"},"inLanguage":"ro-RO","potentialAction":[{"@type":"ReadAction","target":["https:\/\/jeaninarat.com\/product\/im-forgiveness-acceptance-fullfilement\/"]}]},{"@type":"ImageObject","inLanguage":"ro-RO","@id":"https:\/\/jeaninarat.com\/product\/im-forgiveness-acceptance-fullfilement\/#primaryimage","url":"https:\/\/jeaninarat.com\/wp-content\/uploads\/2023\/04\/forgiveness-x.jpg","contentUrl":"https:\/\/jeaninarat.com\/wp-content\/uploads\/2023\/04\/forgiveness-x.jpg","width":886,"height":1181},{"@type":"BreadcrumbList","@id":"https:\/\/jeaninarat.com\/product\/im-forgiveness-acceptance-fullfilement\/#breadcrumb","itemListElement":[{"@type":"ListItem","position":1,"name":"Home","item":"https:\/\/jeaninarat.com\/"},{"@type":"ListItem","position":2,"name":"Shop","item":"https:\/\/jeaninarat.com\/shop\/"},{"@type":"ListItem","position":3,"name":"I&#8217;m forgiveness, acceptance, fulfillement"}]},{"@type":"WebSite","@id":"https:\/\/jeaninarat.com\/#website","url":"https:\/\/jeaninarat.com\/","name":"Jeanina Ra\u021b","description":"A contemporary Romanian artist, creative and passionate of symbols and stories.","publisher":{"@id":"https:\/\/jeaninarat.com\/#organization"},"potentialAction":[{"@type":"SearchAction","target":{"@type":"EntryPoint","urlTemplate":"https:\/\/jeaninarat.com\/?s={search_term_string}"},"query-input":{"@type":"PropertyValueSpecification","valueRequired":true,"valueName":"search_term_string"}}],"inLanguage":"ro-RO"},{"@type":"Organization","@id":"https:\/\/jeaninarat.com\/#organization","name":"Jeanina Ra\u021b","url":"https:\/\/jeaninarat.com\/","logo":{"@type":"ImageObject","inLanguage":"ro-RO","@id":"https:\/\/jeaninarat.com\/#\/schema\/logo\/image\/","url":"https:\/\/jeaninarat.com\/wp-content\/uploads\/2023\/02\/logo-11-m-nou-1.png","contentUrl":"https:\/\/jeaninarat.com\/wp-content\/uploads\/2023\/02\/logo-11-m-nou-1.png","width":197,"height":194,"caption":"Jeanina Ra\u021b"},"image":{"@id":"https:\/\/jeaninarat.com\/#\/schema\/logo\/image\/"}}]}},"_links":{"self":[{"href":"https:\/\/jeaninarat.com\/ro\/wp-json\/wp\/v2\/product\/2484","targetHints":{"allow":["GET"]}}],"collection":[{"href":"https:\/\/jeaninarat.com\/ro\/wp-json\/wp\/v2\/product"}],"about":[{"href":"https:\/\/jeaninarat.com\/ro\/wp-json\/wp\/v2\/types\/product"}],"version-history":[{"count":6,"href":"https:\/\/jeaninarat.com\/ro\/wp-json\/wp\/v2\/product\/2484\/revisions"}],"predecessor-version":[{"id":3851,"href":"https:\/\/jeaninarat.com\/ro\/wp-json\/wp\/v2\/product\/2484\/revisions\/3851"}],"wp:featuredmedia":[{"embeddable":true,"href":"https:\/\/jeaninarat.com\/ro\/wp-json\/wp\/v2\/media\/2485"}],"wp:attachment":[{"href":"https:\/\/jeaninarat.com\/ro\/wp-json\/wp\/v2\/media?parent=2484"}],"wp:term":[{"taxonomy":"product_brand","embeddable":true,"href":"https:\/\/jeaninarat.com\/ro\/wp-json\/wp\/v2\/product_brand?post=2484"},{"taxonomy":"product_cat","embeddable":true,"href":"https:\/\/jeaninarat.com\/ro\/wp-json\/wp\/v2\/product_cat?post=2484"},{"taxonomy":"product_tag","embeddable":true,"href":"https:\/\/jeaninarat.com\/ro\/wp-json\/wp\/v2\/product_tag?post=2484"}],"curies":[{"name":"wp","href":"https:\/\/api.w.org\/{rel}","templated":true}]}}