{"id":2480,"date":"2023-04-22T11:26:41","date_gmt":"2023-04-22T11:26:41","guid":{"rendered":"https:\/\/jeaninarat.com\/?post_type=product&#038;p=2480"},"modified":"2025-09-15T17:47:51","modified_gmt":"2025-09-15T17:47:51","slug":"im-the-tiger","status":"publish","type":"product","link":"https:\/\/jeaninarat.com\/ro\/produs\/im-the-tiger\/","title":{"rendered":"I&#8217;m the Tiger"},"content":{"rendered":"<p class=\"selectable-text copyable-text iq0m558w\" dir=\"ltr\"><span class=\"selectable-text copyable-text\">Salutare tuturor! \u00cen sf\u00e2r\u0219it am ocazia s\u0103 v\u0103 spun povestea mea legat\u0103 de apartamentul 95. Eram acolo c\u00e2nd a venit Jeanina. Convins c\u0103 nu o s\u0103-i plac\u0103 de mine: ea o finuta, eu simbol al puterii \u0219i al cruzimii, al castei r\u0103zboinicilor. \u00cempachetat \u00eentr-un bibelou comunist.<\/span><\/p>\n<p class=\"selectable-text copyable-text iq0m558w\" dir=\"ltr\"><span class=\"selectable-text copyable-text\">Surprize, surprize!! Am primit loc de cinste, sus pe raft, l\u00e2ng\u0103 c\u0103r\u021bi. Eram o splendoare, regele casei. M-am \u00een\u021beles tare bine cu Jeanina, am prins drag de ea. Apoi la un moment dat am sim\u021bit s\u0103 o avertizez, a\u0219a c\u0103 i-am ap\u0103rut \u00een vis, cum \u0219tiu eu cel mai bine, dar nu mi-am dat seama c\u0103 o s\u0103 i provoc o trezire plin\u0103 de spaim\u0103. Zice \u0219i E. Aeppli c\u0103 puternica mea fire \u00eencarneaz\u0103 un ansamblu de porniri instinctive a c\u0103ror \u00eenfruntare este pe c\u00e2t de periculoasa pe at\u00e2t de inevitabil\u0103. Mai zice c\u0103 noi tigrii suntem oric\u00e2nd gata s\u0103 ne repezim asupra pr\u0103zii. Adev\u0103rat c\u0103 a\u0219a m-am manifestat \u00een acel vis, voiam doar s\u0103 o avertizez c\u0103 ceea ce urma  \u00een via\u021b\u0103 ei nu o s\u0103-I fac\u0103 placere \u0219i s\u0103 se preg\u0103teasc\u0103.<\/span><\/p>\n<p class=\"selectable-text copyable-text iq0m558w\" dir=\"ltr\"><span class=\"selectable-text copyable-text\">Mmmda... diminea\u021ba ce s\u0103 vezi? A pus m\u00e2na pe mine, t\u0103cut\u0103 \u0219i hot\u0103r\u00e2t\u0103, m-a dus direct la ghena.<\/span><\/p>\n<p class=\"selectable-text copyable-text iq0m558w\" dir=\"ltr\"><span class=\"selectable-text copyable-text\">De atunci nu ne-am mai v\u0103zut. \u00cemi pare r\u0103u \u0219i stiu c\u0103 \u0219i ea regret\u0103. Stiu c\u0103 m-a c\u0103utat pe OLX, dar nu sunt acolo! \u00cens\u0103 stiu c\u0103 \u00eentr-o bun\u0103 zi o s\u0103 ne re\u00eent\u00e2lnim!!<\/span><\/p>\n<p class=\"selectable-text copyable-text iq0m558w\" dir=\"ltr\"><span class=\"selectable-text copyable-text\">PS: I\u021bi mul\u021bumesc pentru acest tablou. Apreciez c\u0103 nu m-ai pictat cu acele m\u0103rgele, nu se potriveau cu stilul meu, dar de dragul t\u0103u le-am purtat la \u0219edin\u021ba foto. Dac\u0103 Jeanina era fericit\u0103 eram \u0219i eu! \u0218i via\u021b\u0103 era perfect\u0103!\n(Tablou realizat dup\u0103 singura fotografie din arhiva personal\u0103 a artistei- tigrul cu m\u0103rgele la g\u00e2t)<\/span><\/p>","protected":false},"excerpt":{"rendered":"<p>Produs disponibil<\/p>\n<p>Acrilic pe p\u00e2nz\u0103<\/p>\n<p>Size: 30 x 50 x 2 cm<\/p>\n<p>&nbsp;<\/p>","protected":false},"featured_media":2481,"template":"","meta":[],"product_brand":[],"product_cat":[16,46],"product_tag":[56],"class_list":{"0":"post-2480","1":"product","2":"type-product","3":"status-publish","4":"has-post-thumbnail","6":"product_cat-originals","7":"product_cat-apartment-95","8":"product_tag-tiger","10":"first","11":"instock","12":"shipping-taxable","13":"purchasable","14":"product-type-simple"},"yoast_head":"<!-- This site is optimized with the Yoast SEO plugin v25.9 - https:\/\/yoast.com\/wordpress\/plugins\/seo\/ -->\n<title>I&#039;m the Tiger - Jeanina Ra\u021b<\/title>\n<meta name=\"robots\" content=\"index, follow, max-snippet:-1, max-image-preview:large, max-video-preview:-1\" \/>\n<link rel=\"canonical\" href=\"https:\/\/jeaninarat.com\/ro\/produs\/im-the-tiger\/\" \/>\n<meta property=\"og:locale\" content=\"ro_RO\" \/>\n<meta property=\"og:type\" content=\"article\" \/>\n<meta property=\"og:title\" content=\"I&#039;m the Tiger - Jeanina Ra\u021b\" \/>\n<meta property=\"og:description\" content=\"This artwork is available  Acrylic on canvas  Size: 30 x 50 x 2 cm  &nbsp;\" \/>\n<meta property=\"og:url\" content=\"https:\/\/jeaninarat.com\/ro\/produs\/im-the-tiger\/\" \/>\n<meta property=\"og:site_name\" content=\"Jeanina Ra\u021b\" \/>\n<meta property=\"article:modified_time\" content=\"2025-09-15T17:47:51+00:00\" \/>\n<meta property=\"og:image\" content=\"https:\/\/jeaninarat.com\/wp-content\/uploads\/2023\/04\/tiger-x.jpg\" \/>\n\t<meta property=\"og:image:width\" content=\"1181\" \/>\n\t<meta property=\"og:image:height\" content=\"886\" \/>\n\t<meta property=\"og:image:type\" content=\"image\/jpeg\" \/>\n<meta name=\"twitter:card\" content=\"summary_large_image\" \/>\n<meta name=\"twitter:label1\" content=\"Timp estimat pentru citire\" \/>\n\t<meta name=\"twitter:data1\" content=\"2 minute\" \/>\n<script type=\"application\/ld+json\" class=\"yoast-schema-graph\">{\"@context\":\"https:\/\/schema.org\",\"@graph\":[{\"@type\":\"WebPage\",\"@id\":\"https:\/\/jeaninarat.com\/product\/im-the-tiger\/\",\"url\":\"https:\/\/jeaninarat.com\/product\/im-the-tiger\/\",\"name\":\"I'm the Tiger - Jeanina Ra\u021b\",\"isPartOf\":{\"@id\":\"https:\/\/jeaninarat.com\/#website\"},\"primaryImageOfPage\":{\"@id\":\"https:\/\/jeaninarat.com\/product\/im-the-tiger\/#primaryimage\"},\"image\":{\"@id\":\"https:\/\/jeaninarat.com\/product\/im-the-tiger\/#primaryimage\"},\"thumbnailUrl\":\"https:\/\/jeaninarat.com\/wp-content\/uploads\/2023\/04\/tiger-x.jpg\",\"datePublished\":\"2023-04-22T11:26:41+00:00\",\"dateModified\":\"2025-09-15T17:47:51+00:00\",\"breadcrumb\":{\"@id\":\"https:\/\/jeaninarat.com\/product\/im-the-tiger\/#breadcrumb\"},\"inLanguage\":\"ro-RO\",\"potentialAction\":[{\"@type\":\"ReadAction\",\"target\":[\"https:\/\/jeaninarat.com\/product\/im-the-tiger\/\"]}]},{\"@type\":\"ImageObject\",\"inLanguage\":\"ro-RO\",\"@id\":\"https:\/\/jeaninarat.com\/product\/im-the-tiger\/#primaryimage\",\"url\":\"https:\/\/jeaninarat.com\/wp-content\/uploads\/2023\/04\/tiger-x.jpg\",\"contentUrl\":\"https:\/\/jeaninarat.com\/wp-content\/uploads\/2023\/04\/tiger-x.jpg\",\"width\":1181,\"height\":886},{\"@type\":\"BreadcrumbList\",\"@id\":\"https:\/\/jeaninarat.com\/product\/im-the-tiger\/#breadcrumb\",\"itemListElement\":[{\"@type\":\"ListItem\",\"position\":1,\"name\":\"Home\",\"item\":\"https:\/\/jeaninarat.com\/\"},{\"@type\":\"ListItem\",\"position\":2,\"name\":\"Shop\",\"item\":\"https:\/\/jeaninarat.com\/shop\/\"},{\"@type\":\"ListItem\",\"position\":3,\"name\":\"I&#8217;m the Tiger\"}]},{\"@type\":\"WebSite\",\"@id\":\"https:\/\/jeaninarat.com\/#website\",\"url\":\"https:\/\/jeaninarat.com\/\",\"name\":\"Jeanina Ra\u021b\",\"description\":\"A contemporary Romanian artist, creative and passionate of symbols and stories.\",\"publisher\":{\"@id\":\"https:\/\/jeaninarat.com\/#organization\"},\"potentialAction\":[{\"@type\":\"SearchAction\",\"target\":{\"@type\":\"EntryPoint\",\"urlTemplate\":\"https:\/\/jeaninarat.com\/?s={search_term_string}\"},\"query-input\":{\"@type\":\"PropertyValueSpecification\",\"valueRequired\":true,\"valueName\":\"search_term_string\"}}],\"inLanguage\":\"ro-RO\"},{\"@type\":\"Organization\",\"@id\":\"https:\/\/jeaninarat.com\/#organization\",\"name\":\"Jeanina Ra\u021b\",\"url\":\"https:\/\/jeaninarat.com\/\",\"logo\":{\"@type\":\"ImageObject\",\"inLanguage\":\"ro-RO\",\"@id\":\"https:\/\/jeaninarat.com\/#\/schema\/logo\/image\/\",\"url\":\"https:\/\/jeaninarat.com\/wp-content\/uploads\/2023\/02\/logo-11-m-nou-1.png\",\"contentUrl\":\"https:\/\/jeaninarat.com\/wp-content\/uploads\/2023\/02\/logo-11-m-nou-1.png\",\"width\":197,\"height\":194,\"caption\":\"Jeanina Ra\u021b\"},\"image\":{\"@id\":\"https:\/\/jeaninarat.com\/#\/schema\/logo\/image\/\"}}]}<\/script>\n<!-- \/ Yoast SEO plugin. -->","yoast_head_json":{"title":"I'm the Tiger - Jeanina Ra\u021b","robots":{"index":"index","follow":"follow","max-snippet":"max-snippet:-1","max-image-preview":"max-image-preview:large","max-video-preview":"max-video-preview:-1"},"canonical":"https:\/\/jeaninarat.com\/ro\/produs\/im-the-tiger\/","og_locale":"ro_RO","og_type":"article","og_title":"I'm the Tiger - Jeanina Ra\u021b","og_description":"This artwork is available  Acrylic on canvas  Size: 30 x 50 x 2 cm  &nbsp;","og_url":"https:\/\/jeaninarat.com\/ro\/produs\/im-the-tiger\/","og_site_name":"Jeanina Ra\u021b","article_modified_time":"2025-09-15T17:47:51+00:00","og_image":[{"width":1181,"height":886,"url":"https:\/\/jeaninarat.com\/wp-content\/uploads\/2023\/04\/tiger-x.jpg","type":"image\/jpeg"}],"twitter_card":"summary_large_image","twitter_misc":{"Timp estimat pentru citire":"2 minute"},"schema":{"@context":"https:\/\/schema.org","@graph":[{"@type":"WebPage","@id":"https:\/\/jeaninarat.com\/product\/im-the-tiger\/","url":"https:\/\/jeaninarat.com\/product\/im-the-tiger\/","name":"I'm the Tiger - Jeanina Ra\u021b","isPartOf":{"@id":"https:\/\/jeaninarat.com\/#website"},"primaryImageOfPage":{"@id":"https:\/\/jeaninarat.com\/product\/im-the-tiger\/#primaryimage"},"image":{"@id":"https:\/\/jeaninarat.com\/product\/im-the-tiger\/#primaryimage"},"thumbnailUrl":"https:\/\/jeaninarat.com\/wp-content\/uploads\/2023\/04\/tiger-x.jpg","datePublished":"2023-04-22T11:26:41+00:00","dateModified":"2025-09-15T17:47:51+00:00","breadcrumb":{"@id":"https:\/\/jeaninarat.com\/product\/im-the-tiger\/#breadcrumb"},"inLanguage":"ro-RO","potentialAction":[{"@type":"ReadAction","target":["https:\/\/jeaninarat.com\/product\/im-the-tiger\/"]}]},{"@type":"ImageObject","inLanguage":"ro-RO","@id":"https:\/\/jeaninarat.com\/product\/im-the-tiger\/#primaryimage","url":"https:\/\/jeaninarat.com\/wp-content\/uploads\/2023\/04\/tiger-x.jpg","contentUrl":"https:\/\/jeaninarat.com\/wp-content\/uploads\/2023\/04\/tiger-x.jpg","width":1181,"height":886},{"@type":"BreadcrumbList","@id":"https:\/\/jeaninarat.com\/product\/im-the-tiger\/#breadcrumb","itemListElement":[{"@type":"ListItem","position":1,"name":"Home","item":"https:\/\/jeaninarat.com\/"},{"@type":"ListItem","position":2,"name":"Shop","item":"https:\/\/jeaninarat.com\/shop\/"},{"@type":"ListItem","position":3,"name":"I&#8217;m the Tiger"}]},{"@type":"WebSite","@id":"https:\/\/jeaninarat.com\/#website","url":"https:\/\/jeaninarat.com\/","name":"Jeanina Ra\u021b","description":"A contemporary Romanian artist, creative and passionate of symbols and stories.","publisher":{"@id":"https:\/\/jeaninarat.com\/#organization"},"potentialAction":[{"@type":"SearchAction","target":{"@type":"EntryPoint","urlTemplate":"https:\/\/jeaninarat.com\/?s={search_term_string}"},"query-input":{"@type":"PropertyValueSpecification","valueRequired":true,"valueName":"search_term_string"}}],"inLanguage":"ro-RO"},{"@type":"Organization","@id":"https:\/\/jeaninarat.com\/#organization","name":"Jeanina Ra\u021b","url":"https:\/\/jeaninarat.com\/","logo":{"@type":"ImageObject","inLanguage":"ro-RO","@id":"https:\/\/jeaninarat.com\/#\/schema\/logo\/image\/","url":"https:\/\/jeaninarat.com\/wp-content\/uploads\/2023\/02\/logo-11-m-nou-1.png","contentUrl":"https:\/\/jeaninarat.com\/wp-content\/uploads\/2023\/02\/logo-11-m-nou-1.png","width":197,"height":194,"caption":"Jeanina Ra\u021b"},"image":{"@id":"https:\/\/jeaninarat.com\/#\/schema\/logo\/image\/"}}]}},"_links":{"self":[{"href":"https:\/\/jeaninarat.com\/ro\/wp-json\/wp\/v2\/product\/2480","targetHints":{"allow":["GET"]}}],"collection":[{"href":"https:\/\/jeaninarat.com\/ro\/wp-json\/wp\/v2\/product"}],"about":[{"href":"https:\/\/jeaninarat.com\/ro\/wp-json\/wp\/v2\/types\/product"}],"version-history":[{"count":3,"href":"https:\/\/jeaninarat.com\/ro\/wp-json\/wp\/v2\/product\/2480\/revisions"}],"predecessor-version":[{"id":3489,"href":"https:\/\/jeaninarat.com\/ro\/wp-json\/wp\/v2\/product\/2480\/revisions\/3489"}],"wp:featuredmedia":[{"embeddable":true,"href":"https:\/\/jeaninarat.com\/ro\/wp-json\/wp\/v2\/media\/2481"}],"wp:attachment":[{"href":"https:\/\/jeaninarat.com\/ro\/wp-json\/wp\/v2\/media?parent=2480"}],"wp:term":[{"taxonomy":"product_brand","embeddable":true,"href":"https:\/\/jeaninarat.com\/ro\/wp-json\/wp\/v2\/product_brand?post=2480"},{"taxonomy":"product_cat","embeddable":true,"href":"https:\/\/jeaninarat.com\/ro\/wp-json\/wp\/v2\/product_cat?post=2480"},{"taxonomy":"product_tag","embeddable":true,"href":"https:\/\/jeaninarat.com\/ro\/wp-json\/wp\/v2\/product_tag?post=2480"}],"curies":[{"name":"wp","href":"https:\/\/api.w.org\/{rel}","templated":true}]}}