{"id":2476,"date":"2023-04-22T11:08:29","date_gmt":"2023-04-22T11:08:29","guid":{"rendered":"https:\/\/jeaninarat.com\/?post_type=product&#038;p=2476"},"modified":"2024-01-27T17:52:01","modified_gmt":"2024-01-27T17:52:01","slug":"im-the-rabbit-originals","status":"publish","type":"product","link":"https:\/\/jeaninarat.com\/ro\/produs\/im-the-rabbit-originals\/","title":{"rendered":"I&#8217;m the Rabbit"},"content":{"rendered":"<p class=\"selectable-text copyable-text iq0m558w\" dir=\"ltr\"><span class=\"selectable-text copyable-text\">Pe mine Jeanina m-a g\u0103sit \u00een apartament, eu eram ocupat cu pl\u0103cerile vie\u021bii. Apoi domni\u0219oara artist\u0103 a pus m\u00e2na pe mine, mi-a stricat feng-sui-ul, partenera a fugit \u0219i mie mi-a tras o b\u0103i\u021b\u0103 sf\u00e2nta. Ehh.. nu \u0219ti\u021bi voi ce bine am dus-o \u00een apartament \u00eenainte s\u0103 apar\u0103 ea.<\/span><\/p>\n<p class=\"selectable-text copyable-text iq0m558w\" dir=\"ltr\"><span class=\"selectable-text copyable-text\">Dragele mele, nu fi\u021bi timide!<\/span><\/p>\n<p class=\"selectable-text copyable-text iq0m558w\" dir=\"ltr\"><span class=\"selectable-text copyable-text\">Noi iepura\u0219ii b\u00e2ntuim toate mitologiile, credin\u021bele \u0219i folclorul, \u0219i pe luna o s\u0103 ne g\u0103\u0219i\u021bi.<\/span><\/p>\n<p class=\"selectable-text copyable-text iq0m558w\" dir=\"ltr\"><span class=\"selectable-text copyable-text\">Iar, dac\u0103 v\u0103 ies \u00een cale, este posibil s\u0103 \u00eent\u00e2lniti \u00een cur\u00e2nd o nou\u0103 dragoste care v\u0103 v-a face fericite pentru o perioad\u0103 foarte lung\u0103 de timp, luuunga... Dar pentru a avea succes \u00een dragoste, trebuie s\u0103 fi\u021bi \u0219i voi mai dispuse s\u0103 v\u0103 asuma\u021bi c\u00e2teva riscuri. M\u0103car un pic!\n\nV\u0103 pup\u0103 iepuril\u0103!<\/span><\/p>","protected":false},"excerpt":{"rendered":"<p><strong>V\u00c2NDUT<\/strong><\/p>\n<p>Printurile de art\u0103 sunt disponibile.<\/p>\n<p>Acrilic pe p\u00e2nz\u0103<\/p>\n<p>Size: 30 x 40 x 2 cm<\/p>\n<p>&nbsp;<\/p>","protected":false},"featured_media":2477,"template":"","meta":[],"product_brand":[],"product_cat":[16,46],"product_tag":[103,104],"class_list":{"0":"post-2476","1":"product","2":"type-product","3":"status-publish","4":"has-post-thumbnail","6":"product_cat-originals","7":"product_cat-apartment-95","8":"product_tag-bunny","9":"product_tag-olivegreen","11":"first","12":"instock","13":"shipping-taxable","14":"product-type-simple"},"yoast_head":"<!-- This site is optimized with the Yoast SEO plugin v25.9 - https:\/\/yoast.com\/wordpress\/plugins\/seo\/ -->\n<title>I&#039;m the Rabbit - Jeanina Ra\u021b<\/title>\n<meta name=\"robots\" content=\"index, follow, max-snippet:-1, max-image-preview:large, max-video-preview:-1\" \/>\n<link rel=\"canonical\" href=\"https:\/\/jeaninarat.com\/ro\/produs\/im-the-rabbit-originals\/\" \/>\n<meta property=\"og:locale\" content=\"ro_RO\" \/>\n<meta property=\"og:type\" content=\"article\" \/>\n<meta property=\"og:title\" content=\"I&#039;m the Rabbit - Jeanina Ra\u021b\" \/>\n<meta property=\"og:description\" content=\"SOLD  Art prints are available  Acrylic on canvas  Size: 30 x 40 x 2 cm  &nbsp;\" \/>\n<meta property=\"og:url\" content=\"https:\/\/jeaninarat.com\/ro\/produs\/im-the-rabbit-originals\/\" \/>\n<meta property=\"og:site_name\" content=\"Jeanina Ra\u021b\" \/>\n<meta property=\"article:modified_time\" content=\"2024-01-27T17:52:01+00:00\" \/>\n<meta property=\"og:image\" content=\"https:\/\/jeaninarat.com\/wp-content\/uploads\/2023\/04\/rabbit-x.jpg\" \/>\n\t<meta property=\"og:image:width\" content=\"886\" \/>\n\t<meta property=\"og:image:height\" content=\"1181\" \/>\n\t<meta property=\"og:image:type\" content=\"image\/jpeg\" \/>\n<meta name=\"twitter:card\" content=\"summary_large_image\" \/>\n<meta name=\"twitter:label1\" content=\"Timp estimat pentru citire\" \/>\n\t<meta name=\"twitter:data1\" content=\"1 minut\" \/>\n<script type=\"application\/ld+json\" class=\"yoast-schema-graph\">{\"@context\":\"https:\/\/schema.org\",\"@graph\":[{\"@type\":\"WebPage\",\"@id\":\"https:\/\/jeaninarat.com\/product\/im-the-rabbit-originals\/\",\"url\":\"https:\/\/jeaninarat.com\/product\/im-the-rabbit-originals\/\",\"name\":\"I'm the Rabbit - Jeanina Ra\u021b\",\"isPartOf\":{\"@id\":\"https:\/\/jeaninarat.com\/#website\"},\"primaryImageOfPage\":{\"@id\":\"https:\/\/jeaninarat.com\/product\/im-the-rabbit-originals\/#primaryimage\"},\"image\":{\"@id\":\"https:\/\/jeaninarat.com\/product\/im-the-rabbit-originals\/#primaryimage\"},\"thumbnailUrl\":\"https:\/\/jeaninarat.com\/wp-content\/uploads\/2023\/04\/rabbit-x.jpg\",\"datePublished\":\"2023-04-22T11:08:29+00:00\",\"dateModified\":\"2024-01-27T17:52:01+00:00\",\"breadcrumb\":{\"@id\":\"https:\/\/jeaninarat.com\/product\/im-the-rabbit-originals\/#breadcrumb\"},\"inLanguage\":\"ro-RO\",\"potentialAction\":[{\"@type\":\"ReadAction\",\"target\":[\"https:\/\/jeaninarat.com\/product\/im-the-rabbit-originals\/\"]}]},{\"@type\":\"ImageObject\",\"inLanguage\":\"ro-RO\",\"@id\":\"https:\/\/jeaninarat.com\/product\/im-the-rabbit-originals\/#primaryimage\",\"url\":\"https:\/\/jeaninarat.com\/wp-content\/uploads\/2023\/04\/rabbit-x.jpg\",\"contentUrl\":\"https:\/\/jeaninarat.com\/wp-content\/uploads\/2023\/04\/rabbit-x.jpg\",\"width\":886,\"height\":1181},{\"@type\":\"BreadcrumbList\",\"@id\":\"https:\/\/jeaninarat.com\/product\/im-the-rabbit-originals\/#breadcrumb\",\"itemListElement\":[{\"@type\":\"ListItem\",\"position\":1,\"name\":\"Home\",\"item\":\"https:\/\/jeaninarat.com\/\"},{\"@type\":\"ListItem\",\"position\":2,\"name\":\"Shop\",\"item\":\"https:\/\/jeaninarat.com\/shop\/\"},{\"@type\":\"ListItem\",\"position\":3,\"name\":\"I&#8217;m the Rabbit\"}]},{\"@type\":\"WebSite\",\"@id\":\"https:\/\/jeaninarat.com\/#website\",\"url\":\"https:\/\/jeaninarat.com\/\",\"name\":\"Jeanina Ra\u021b\",\"description\":\"A contemporary Romanian artist, creative and passionate of symbols and stories.\",\"publisher\":{\"@id\":\"https:\/\/jeaninarat.com\/#organization\"},\"potentialAction\":[{\"@type\":\"SearchAction\",\"target\":{\"@type\":\"EntryPoint\",\"urlTemplate\":\"https:\/\/jeaninarat.com\/?s={search_term_string}\"},\"query-input\":{\"@type\":\"PropertyValueSpecification\",\"valueRequired\":true,\"valueName\":\"search_term_string\"}}],\"inLanguage\":\"ro-RO\"},{\"@type\":\"Organization\",\"@id\":\"https:\/\/jeaninarat.com\/#organization\",\"name\":\"Jeanina Ra\u021b\",\"url\":\"https:\/\/jeaninarat.com\/\",\"logo\":{\"@type\":\"ImageObject\",\"inLanguage\":\"ro-RO\",\"@id\":\"https:\/\/jeaninarat.com\/#\/schema\/logo\/image\/\",\"url\":\"https:\/\/jeaninarat.com\/wp-content\/uploads\/2023\/02\/logo-11-m-nou-1.png\",\"contentUrl\":\"https:\/\/jeaninarat.com\/wp-content\/uploads\/2023\/02\/logo-11-m-nou-1.png\",\"width\":197,\"height\":194,\"caption\":\"Jeanina Ra\u021b\"},\"image\":{\"@id\":\"https:\/\/jeaninarat.com\/#\/schema\/logo\/image\/\"}}]}<\/script>\n<!-- \/ Yoast SEO plugin. -->","yoast_head_json":{"title":"I'm the Rabbit - Jeanina Ra\u021b","robots":{"index":"index","follow":"follow","max-snippet":"max-snippet:-1","max-image-preview":"max-image-preview:large","max-video-preview":"max-video-preview:-1"},"canonical":"https:\/\/jeaninarat.com\/ro\/produs\/im-the-rabbit-originals\/","og_locale":"ro_RO","og_type":"article","og_title":"I'm the Rabbit - Jeanina Ra\u021b","og_description":"SOLD  Art prints are available  Acrylic on canvas  Size: 30 x 40 x 2 cm  &nbsp;","og_url":"https:\/\/jeaninarat.com\/ro\/produs\/im-the-rabbit-originals\/","og_site_name":"Jeanina Ra\u021b","article_modified_time":"2024-01-27T17:52:01+00:00","og_image":[{"width":886,"height":1181,"url":"https:\/\/jeaninarat.com\/wp-content\/uploads\/2023\/04\/rabbit-x.jpg","type":"image\/jpeg"}],"twitter_card":"summary_large_image","twitter_misc":{"Timp estimat pentru citire":"1 minut"},"schema":{"@context":"https:\/\/schema.org","@graph":[{"@type":"WebPage","@id":"https:\/\/jeaninarat.com\/product\/im-the-rabbit-originals\/","url":"https:\/\/jeaninarat.com\/product\/im-the-rabbit-originals\/","name":"I'm the Rabbit - Jeanina Ra\u021b","isPartOf":{"@id":"https:\/\/jeaninarat.com\/#website"},"primaryImageOfPage":{"@id":"https:\/\/jeaninarat.com\/product\/im-the-rabbit-originals\/#primaryimage"},"image":{"@id":"https:\/\/jeaninarat.com\/product\/im-the-rabbit-originals\/#primaryimage"},"thumbnailUrl":"https:\/\/jeaninarat.com\/wp-content\/uploads\/2023\/04\/rabbit-x.jpg","datePublished":"2023-04-22T11:08:29+00:00","dateModified":"2024-01-27T17:52:01+00:00","breadcrumb":{"@id":"https:\/\/jeaninarat.com\/product\/im-the-rabbit-originals\/#breadcrumb"},"inLanguage":"ro-RO","potentialAction":[{"@type":"ReadAction","target":["https:\/\/jeaninarat.com\/product\/im-the-rabbit-originals\/"]}]},{"@type":"ImageObject","inLanguage":"ro-RO","@id":"https:\/\/jeaninarat.com\/product\/im-the-rabbit-originals\/#primaryimage","url":"https:\/\/jeaninarat.com\/wp-content\/uploads\/2023\/04\/rabbit-x.jpg","contentUrl":"https:\/\/jeaninarat.com\/wp-content\/uploads\/2023\/04\/rabbit-x.jpg","width":886,"height":1181},{"@type":"BreadcrumbList","@id":"https:\/\/jeaninarat.com\/product\/im-the-rabbit-originals\/#breadcrumb","itemListElement":[{"@type":"ListItem","position":1,"name":"Home","item":"https:\/\/jeaninarat.com\/"},{"@type":"ListItem","position":2,"name":"Shop","item":"https:\/\/jeaninarat.com\/shop\/"},{"@type":"ListItem","position":3,"name":"I&#8217;m the Rabbit"}]},{"@type":"WebSite","@id":"https:\/\/jeaninarat.com\/#website","url":"https:\/\/jeaninarat.com\/","name":"Jeanina Ra\u021b","description":"A contemporary Romanian artist, creative and passionate of symbols and stories.","publisher":{"@id":"https:\/\/jeaninarat.com\/#organization"},"potentialAction":[{"@type":"SearchAction","target":{"@type":"EntryPoint","urlTemplate":"https:\/\/jeaninarat.com\/?s={search_term_string}"},"query-input":{"@type":"PropertyValueSpecification","valueRequired":true,"valueName":"search_term_string"}}],"inLanguage":"ro-RO"},{"@type":"Organization","@id":"https:\/\/jeaninarat.com\/#organization","name":"Jeanina Ra\u021b","url":"https:\/\/jeaninarat.com\/","logo":{"@type":"ImageObject","inLanguage":"ro-RO","@id":"https:\/\/jeaninarat.com\/#\/schema\/logo\/image\/","url":"https:\/\/jeaninarat.com\/wp-content\/uploads\/2023\/02\/logo-11-m-nou-1.png","contentUrl":"https:\/\/jeaninarat.com\/wp-content\/uploads\/2023\/02\/logo-11-m-nou-1.png","width":197,"height":194,"caption":"Jeanina Ra\u021b"},"image":{"@id":"https:\/\/jeaninarat.com\/#\/schema\/logo\/image\/"}}]}},"_links":{"self":[{"href":"https:\/\/jeaninarat.com\/ro\/wp-json\/wp\/v2\/product\/2476","targetHints":{"allow":["GET"]}}],"collection":[{"href":"https:\/\/jeaninarat.com\/ro\/wp-json\/wp\/v2\/product"}],"about":[{"href":"https:\/\/jeaninarat.com\/ro\/wp-json\/wp\/v2\/types\/product"}],"version-history":[{"count":5,"href":"https:\/\/jeaninarat.com\/ro\/wp-json\/wp\/v2\/product\/2476\/revisions"}],"predecessor-version":[{"id":3852,"href":"https:\/\/jeaninarat.com\/ro\/wp-json\/wp\/v2\/product\/2476\/revisions\/3852"}],"wp:featuredmedia":[{"embeddable":true,"href":"https:\/\/jeaninarat.com\/ro\/wp-json\/wp\/v2\/media\/2477"}],"wp:attachment":[{"href":"https:\/\/jeaninarat.com\/ro\/wp-json\/wp\/v2\/media?parent=2476"}],"wp:term":[{"taxonomy":"product_brand","embeddable":true,"href":"https:\/\/jeaninarat.com\/ro\/wp-json\/wp\/v2\/product_brand?post=2476"},{"taxonomy":"product_cat","embeddable":true,"href":"https:\/\/jeaninarat.com\/ro\/wp-json\/wp\/v2\/product_cat?post=2476"},{"taxonomy":"product_tag","embeddable":true,"href":"https:\/\/jeaninarat.com\/ro\/wp-json\/wp\/v2\/product_tag?post=2476"}],"curies":[{"name":"wp","href":"https:\/\/api.w.org\/{rel}","templated":true}]}}