{"id":2438,"date":"2023-04-21T17:57:04","date_gmt":"2023-04-21T17:57:04","guid":{"rendered":"https:\/\/jeaninarat.com\/?post_type=product&#038;p=2438"},"modified":"2024-01-27T17:53:33","modified_gmt":"2024-01-27T17:53:33","slug":"im-the-duck","status":"publish","type":"product","link":"https:\/\/jeaninarat.com\/ro\/produs\/im-the-duck\/","title":{"rendered":"I&#8217;m the Duck"},"content":{"rendered":"<p>Drag\u0103 vizitatorule, i\u021bi mul\u021bumesc c\u0103 ai ales s\u0103 intri pe pagina mea! Te felicit!<\/p>\n<p>Din moment ce e\u0219ti aici clar \u021bi-ai dat seama c\u0103 eu sunt cea mai speciala, unica \u0219i frumoas\u0103. Glumesc, sau nu. \u0218i c\u0103 s\u0103-\u021bi dovedesc, Jeanina a ales pentru reprezentarea mea cea mai \u00eendr\u0103znea\u021b\u0103 cromatica, ro\u0219u intens \u00een combina\u021bie cu penajul meu negru... o splendoare. Ciocul este realizat cu m\u0103iestrie din foi\u021b\u0103 de aur 22k. Din tot apartamentul 95 doar eu am primit o astfel de distictie. S\u0103-\u021bi mai spun \u0219i c\u0103 artista \u00eemi poart\u0103 numele?!\n\u0218tiai c\u0103 indienii din preeria american\u0103 m\u0103 consider\u0103 c\u0103l\u0103uz\u0103 infailibil\u0103, at\u00e2t \u00een ap\u0103 c\u00e2t \u0219i \u00een cer? Sunt o minun\u0103\u021bie! Tot ei \u00eemi foloseau penele \u00een anumite ceremonii rituale. \u00cemi plac indienii. \u00cen schimb nu am o simpanie pentru irlandezi, care \u0219tim noi de ce, dar nu spunem aici, m\u0103 confund\u0103 cu leb\u0103d\u0103. Totu\u0219i exist\u0103 reprezent\u0103ri cu mine pe anumite obiecte celtice din cultura La Tene. Ohh sunt o istorie pre\u021bioas\u0103!<br \/>\n\u0218tia\u021bi c\u0103 indienii din preeria american\u0103 m\u0103 consider\u0103 ghidul infailibil, at\u00e2t pe ap\u0103, c\u00e2t \u0219i pe cer? Sunt o minun\u0103\u021bie! De asemenea, mi-au folosit penele \u00een anumite ceremonii ritualice. \u00cemi plac indienii.\n\nPe de alt\u0103 parte, nu am o mare simpatie pentru irlandezi, despre care \u0219tim de ce, dar nu spunem aici, m\u0103 confund\u0103 cu leb\u0103da! Exist\u0103 \u00eens\u0103 reprezent\u0103ri ale mele pe anumite obiecte celtice din cultura La Tene.<br \/>\nOh, sunt o istorie pre\u021bioas\u0103!<\/p>","protected":false},"excerpt":{"rendered":"<p><strong>V\u00c2NDUT<\/strong><\/p>\n<p>Printurile de art\u0103 sunt disponibile.<\/p>\n<p>Acrylic on canvas \/ Gold leaf 22k<\/p>\n<p>Size: 30 x 40 x 2 cm<\/p>\n<p>&nbsp;<\/p>\n<p>&nbsp;<\/p>","protected":false},"featured_media":2488,"template":"","meta":[],"product_brand":[],"product_cat":[16,46],"product_tag":[54],"class_list":{"0":"post-2438","1":"product","2":"type-product","3":"status-publish","4":"has-post-thumbnail","6":"product_cat-originals","7":"product_cat-apartment-95","8":"product_tag-duck","10":"first","11":"instock","12":"shipping-taxable","13":"product-type-simple"},"yoast_head":"<!-- This site is optimized with the Yoast SEO plugin v25.9 - https:\/\/yoast.com\/wordpress\/plugins\/seo\/ -->\n<title>I&#039;m the Duck - Jeanina Ra\u021b<\/title>\n<meta name=\"robots\" content=\"index, follow, max-snippet:-1, max-image-preview:large, max-video-preview:-1\" \/>\n<link rel=\"canonical\" href=\"https:\/\/jeaninarat.com\/ro\/produs\/im-the-duck\/\" \/>\n<meta property=\"og:locale\" content=\"ro_RO\" \/>\n<meta property=\"og:type\" content=\"article\" \/>\n<meta property=\"og:title\" content=\"I&#039;m the Duck - Jeanina Ra\u021b\" \/>\n<meta property=\"og:description\" content=\"SOLD  Art prints are available  Acrylic on canvas \/ Gold leaf 22k  Size: 30 x 40 x 2 cm  &nbsp;  &nbsp;\" \/>\n<meta property=\"og:url\" content=\"https:\/\/jeaninarat.com\/ro\/produs\/im-the-duck\/\" \/>\n<meta property=\"og:site_name\" content=\"Jeanina Ra\u021b\" \/>\n<meta property=\"article:modified_time\" content=\"2024-01-27T17:53:33+00:00\" \/>\n<meta property=\"og:image\" content=\"https:\/\/jeaninarat.com\/wp-content\/uploads\/2023\/04\/duck-x.jpg\" \/>\n\t<meta property=\"og:image:width\" content=\"886\" \/>\n\t<meta property=\"og:image:height\" content=\"1181\" \/>\n\t<meta property=\"og:image:type\" content=\"image\/jpeg\" \/>\n<meta name=\"twitter:card\" content=\"summary_large_image\" \/>\n<meta name=\"twitter:label1\" content=\"Timp estimat pentru citire\" \/>\n\t<meta name=\"twitter:data1\" content=\"1 minut\" \/>\n<script type=\"application\/ld+json\" class=\"yoast-schema-graph\">{\"@context\":\"https:\/\/schema.org\",\"@graph\":[{\"@type\":\"WebPage\",\"@id\":\"https:\/\/jeaninarat.com\/product\/im-the-duck\/\",\"url\":\"https:\/\/jeaninarat.com\/product\/im-the-duck\/\",\"name\":\"I'm the Duck - Jeanina Ra\u021b\",\"isPartOf\":{\"@id\":\"https:\/\/jeaninarat.com\/#website\"},\"primaryImageOfPage\":{\"@id\":\"https:\/\/jeaninarat.com\/product\/im-the-duck\/#primaryimage\"},\"image\":{\"@id\":\"https:\/\/jeaninarat.com\/product\/im-the-duck\/#primaryimage\"},\"thumbnailUrl\":\"https:\/\/jeaninarat.com\/wp-content\/uploads\/2023\/04\/duck-x.jpg\",\"datePublished\":\"2023-04-21T17:57:04+00:00\",\"dateModified\":\"2024-01-27T17:53:33+00:00\",\"breadcrumb\":{\"@id\":\"https:\/\/jeaninarat.com\/product\/im-the-duck\/#breadcrumb\"},\"inLanguage\":\"ro-RO\",\"potentialAction\":[{\"@type\":\"ReadAction\",\"target\":[\"https:\/\/jeaninarat.com\/product\/im-the-duck\/\"]}]},{\"@type\":\"ImageObject\",\"inLanguage\":\"ro-RO\",\"@id\":\"https:\/\/jeaninarat.com\/product\/im-the-duck\/#primaryimage\",\"url\":\"https:\/\/jeaninarat.com\/wp-content\/uploads\/2023\/04\/duck-x.jpg\",\"contentUrl\":\"https:\/\/jeaninarat.com\/wp-content\/uploads\/2023\/04\/duck-x.jpg\",\"width\":886,\"height\":1181},{\"@type\":\"BreadcrumbList\",\"@id\":\"https:\/\/jeaninarat.com\/product\/im-the-duck\/#breadcrumb\",\"itemListElement\":[{\"@type\":\"ListItem\",\"position\":1,\"name\":\"Home\",\"item\":\"https:\/\/jeaninarat.com\/\"},{\"@type\":\"ListItem\",\"position\":2,\"name\":\"Shop\",\"item\":\"https:\/\/jeaninarat.com\/shop\/\"},{\"@type\":\"ListItem\",\"position\":3,\"name\":\"I&#8217;m the Duck\"}]},{\"@type\":\"WebSite\",\"@id\":\"https:\/\/jeaninarat.com\/#website\",\"url\":\"https:\/\/jeaninarat.com\/\",\"name\":\"Jeanina Ra\u021b\",\"description\":\"A contemporary Romanian artist, creative and passionate of symbols and stories.\",\"publisher\":{\"@id\":\"https:\/\/jeaninarat.com\/#organization\"},\"potentialAction\":[{\"@type\":\"SearchAction\",\"target\":{\"@type\":\"EntryPoint\",\"urlTemplate\":\"https:\/\/jeaninarat.com\/?s={search_term_string}\"},\"query-input\":{\"@type\":\"PropertyValueSpecification\",\"valueRequired\":true,\"valueName\":\"search_term_string\"}}],\"inLanguage\":\"ro-RO\"},{\"@type\":\"Organization\",\"@id\":\"https:\/\/jeaninarat.com\/#organization\",\"name\":\"Jeanina Ra\u021b\",\"url\":\"https:\/\/jeaninarat.com\/\",\"logo\":{\"@type\":\"ImageObject\",\"inLanguage\":\"ro-RO\",\"@id\":\"https:\/\/jeaninarat.com\/#\/schema\/logo\/image\/\",\"url\":\"https:\/\/jeaninarat.com\/wp-content\/uploads\/2023\/02\/logo-11-m-nou-1.png\",\"contentUrl\":\"https:\/\/jeaninarat.com\/wp-content\/uploads\/2023\/02\/logo-11-m-nou-1.png\",\"width\":197,\"height\":194,\"caption\":\"Jeanina Ra\u021b\"},\"image\":{\"@id\":\"https:\/\/jeaninarat.com\/#\/schema\/logo\/image\/\"}}]}<\/script>\n<!-- \/ Yoast SEO plugin. -->","yoast_head_json":{"title":"I'm the Duck - Jeanina Ra\u021b","robots":{"index":"index","follow":"follow","max-snippet":"max-snippet:-1","max-image-preview":"max-image-preview:large","max-video-preview":"max-video-preview:-1"},"canonical":"https:\/\/jeaninarat.com\/ro\/produs\/im-the-duck\/","og_locale":"ro_RO","og_type":"article","og_title":"I'm the Duck - Jeanina Ra\u021b","og_description":"SOLD  Art prints are available  Acrylic on canvas \/ Gold leaf 22k  Size: 30 x 40 x 2 cm  &nbsp;  &nbsp;","og_url":"https:\/\/jeaninarat.com\/ro\/produs\/im-the-duck\/","og_site_name":"Jeanina Ra\u021b","article_modified_time":"2024-01-27T17:53:33+00:00","og_image":[{"width":886,"height":1181,"url":"https:\/\/jeaninarat.com\/wp-content\/uploads\/2023\/04\/duck-x.jpg","type":"image\/jpeg"}],"twitter_card":"summary_large_image","twitter_misc":{"Timp estimat pentru citire":"1 minut"},"schema":{"@context":"https:\/\/schema.org","@graph":[{"@type":"WebPage","@id":"https:\/\/jeaninarat.com\/product\/im-the-duck\/","url":"https:\/\/jeaninarat.com\/product\/im-the-duck\/","name":"I'm the Duck - Jeanina Ra\u021b","isPartOf":{"@id":"https:\/\/jeaninarat.com\/#website"},"primaryImageOfPage":{"@id":"https:\/\/jeaninarat.com\/product\/im-the-duck\/#primaryimage"},"image":{"@id":"https:\/\/jeaninarat.com\/product\/im-the-duck\/#primaryimage"},"thumbnailUrl":"https:\/\/jeaninarat.com\/wp-content\/uploads\/2023\/04\/duck-x.jpg","datePublished":"2023-04-21T17:57:04+00:00","dateModified":"2024-01-27T17:53:33+00:00","breadcrumb":{"@id":"https:\/\/jeaninarat.com\/product\/im-the-duck\/#breadcrumb"},"inLanguage":"ro-RO","potentialAction":[{"@type":"ReadAction","target":["https:\/\/jeaninarat.com\/product\/im-the-duck\/"]}]},{"@type":"ImageObject","inLanguage":"ro-RO","@id":"https:\/\/jeaninarat.com\/product\/im-the-duck\/#primaryimage","url":"https:\/\/jeaninarat.com\/wp-content\/uploads\/2023\/04\/duck-x.jpg","contentUrl":"https:\/\/jeaninarat.com\/wp-content\/uploads\/2023\/04\/duck-x.jpg","width":886,"height":1181},{"@type":"BreadcrumbList","@id":"https:\/\/jeaninarat.com\/product\/im-the-duck\/#breadcrumb","itemListElement":[{"@type":"ListItem","position":1,"name":"Home","item":"https:\/\/jeaninarat.com\/"},{"@type":"ListItem","position":2,"name":"Shop","item":"https:\/\/jeaninarat.com\/shop\/"},{"@type":"ListItem","position":3,"name":"I&#8217;m the Duck"}]},{"@type":"WebSite","@id":"https:\/\/jeaninarat.com\/#website","url":"https:\/\/jeaninarat.com\/","name":"Jeanina Ra\u021b","description":"A contemporary Romanian artist, creative and passionate of symbols and stories.","publisher":{"@id":"https:\/\/jeaninarat.com\/#organization"},"potentialAction":[{"@type":"SearchAction","target":{"@type":"EntryPoint","urlTemplate":"https:\/\/jeaninarat.com\/?s={search_term_string}"},"query-input":{"@type":"PropertyValueSpecification","valueRequired":true,"valueName":"search_term_string"}}],"inLanguage":"ro-RO"},{"@type":"Organization","@id":"https:\/\/jeaninarat.com\/#organization","name":"Jeanina Ra\u021b","url":"https:\/\/jeaninarat.com\/","logo":{"@type":"ImageObject","inLanguage":"ro-RO","@id":"https:\/\/jeaninarat.com\/#\/schema\/logo\/image\/","url":"https:\/\/jeaninarat.com\/wp-content\/uploads\/2023\/02\/logo-11-m-nou-1.png","contentUrl":"https:\/\/jeaninarat.com\/wp-content\/uploads\/2023\/02\/logo-11-m-nou-1.png","width":197,"height":194,"caption":"Jeanina Ra\u021b"},"image":{"@id":"https:\/\/jeaninarat.com\/#\/schema\/logo\/image\/"}}]}},"_links":{"self":[{"href":"https:\/\/jeaninarat.com\/ro\/wp-json\/wp\/v2\/product\/2438","targetHints":{"allow":["GET"]}}],"collection":[{"href":"https:\/\/jeaninarat.com\/ro\/wp-json\/wp\/v2\/product"}],"about":[{"href":"https:\/\/jeaninarat.com\/ro\/wp-json\/wp\/v2\/types\/product"}],"version-history":[{"count":7,"href":"https:\/\/jeaninarat.com\/ro\/wp-json\/wp\/v2\/product\/2438\/revisions"}],"predecessor-version":[{"id":3854,"href":"https:\/\/jeaninarat.com\/ro\/wp-json\/wp\/v2\/product\/2438\/revisions\/3854"}],"wp:featuredmedia":[{"embeddable":true,"href":"https:\/\/jeaninarat.com\/ro\/wp-json\/wp\/v2\/media\/2488"}],"wp:attachment":[{"href":"https:\/\/jeaninarat.com\/ro\/wp-json\/wp\/v2\/media?parent=2438"}],"wp:term":[{"taxonomy":"product_brand","embeddable":true,"href":"https:\/\/jeaninarat.com\/ro\/wp-json\/wp\/v2\/product_brand?post=2438"},{"taxonomy":"product_cat","embeddable":true,"href":"https:\/\/jeaninarat.com\/ro\/wp-json\/wp\/v2\/product_cat?post=2438"},{"taxonomy":"product_tag","embeddable":true,"href":"https:\/\/jeaninarat.com\/ro\/wp-json\/wp\/v2\/product_tag?post=2438"}],"curies":[{"name":"wp","href":"https:\/\/api.w.org\/{rel}","templated":true}]}}